{"id":71,"date":"2018-09-12T22:04:19","date_gmt":"2018-09-13T03:04:19","guid":{"rendered":"https:\/\/pillarscommunityhealth.org\/get-involved\/"},"modified":"2023-09-22T17:13:43","modified_gmt":"2023-09-22T22:13:43","slug":"get-involved","status":"publish","type":"page","link":"https:\/\/pillarscommunityhealth.org\/es\/involucrate\/","title":{"rendered":"Invol\u00facrate"},"content":{"rendered":"<h1>\n\t\tInvol\u00facrate\n\t<\/h1>\n\t<p>Como organizaci\u00f3n sin fines de lucro, Pillars Community Health depende de subvenciones, donativos, trabajo de voluntarios y personal compasivo para continuar operando nuestros programas y ofreciendo servicios.<\/p>\n\t\t\t<a href=\"https:\/\/pillarscommunityhealth.org\/es\/donate\/\" target=\"_self\" role=\"button\" aria-label=\"Dona Ahora\" rel=\"noopener\">\n\t\t\t\t\t\t\t\t<img decoding=\"async\" src=\"https:\/\/pillarscommunityhealth.org\/wp-content\/uploads\/2018\/11\/donate-icon-white.svg\"\/>\n\t\t\t\t\t\t\t\tDona Ahora\n\t\t<\/a>\n\t\t\t<a href=\"https:\/\/pillarscommunityhealth.org\/es\/services\/\" target=\"_self\" role=\"button\" aria-label=\"Ver Servicios\" rel=\"noopener\">\n\t\t\t\t\t\t\t\t<img decoding=\"async\" src=\"https:\/\/pillarscommunityhealth.org\/wp-content\/uploads\/2018\/11\/view-services-icon-white.svg\"\/>\n\t\t\t\t\t\t\t\tVer Servicios\n\t\t<\/a>\n\t\t\t<a href=\"https:\/\/pillarscommunityhealth.org\/es\/events-and-training\/\" target=\"_self\" role=\"button\" aria-label=\"Asiste a un Evento\" rel=\"noopener\">\n\t\t\t\t\t\t\t\t<img decoding=\"async\" src=\"https:\/\/pillarscommunityhealth.org\/wp-content\/uploads\/2018\/11\/attend-the-ball-icon-white.svg\"\/>\n\t\t\t\t\t\t\t\tAsiste a un Evento\n\t\t<\/a>\n\t<p>If there&#8217;s something about our mission that resonates with you, we&#8217;d love to have you become part of the Pillars Community Health family.<\/p>\n<p>Aqu\u00ed hay algunas ideas:<\/p>\n<strong>Donate to Pillars Community Health<\/strong><br \/>\nExisten muchas maneras de aportar econ\u00f3micamente, incluyendo los donativos monetarios (una vez o un donativo mensual\/trimestral), organizando un evento para recaudar fondos o asistiendo a nuestro evento anual  llamado The Ball. <a href=\"https:\/\/pillarscommunityhealth.org\/es\/donate\/\"><strong>Haz clic aqu\u00ed obtener mayor informaci\u00f3n.<\/strong><\/a>.\n<strong><img loading=\"lazy\" decoding=\"async\" src=\"https:\/\/pillarscommunityhealth.org\/wp-content\/uploads\/2018\/11\/get-involved-interior-hands-in-air-400x400.jpg\" alt=\"Photo of hands up in the air\" width=\"400\" height=\"400\" \/>Voluntarios<\/strong><br \/>\nPillars Community Health ofrece varias oportunidades para aquellos que desean donar de su tiempo y talento hacia el cumplimiento de nuestra misi\u00f3n, o para ofrecer servicio comunitario. <a href=\"https:\/\/pillarscommunityhealth.org\/es\/involucrate\/voluntarios\/\"><strong>Haz clic aqu\u00ed para obtener informaci\u00f3n sobre oportunidades para trabajar como voluntario,<\/strong><\/a> including serving on our sexual assault hotline or assisting at our domestic violence shelter.\n<strong>Asiste a un Evento<\/strong><br \/>\nLos eventos p\u00fablicos incluyen iniciativas de concientizaci\u00f3n sobre temas como el asalto sexual, el duelo, eventos para recaudar fondos y m\u00e1s. <a href=\"https:\/\/pillarscommunityhealth.org\/es\/events-and-training\/\"><strong>Visita nuestro calendario.<\/strong><\/a>.\n<strong>\u00danete a Nuestro Personal<\/strong><br \/>\nSi te interesa y est\u00e1s calificado para cualquiera de las posiciones que tenemos abiertas, te animamos a solicitar empleo con nosotros.\u00a0<a href=\"https:\/\/pillarscommunityhealth.org\/es\/involucrate\/carreras\/\"><strong>Haz clic aqu\u00ed para obtener informaci\u00f3n sobre el trabajo en Pillars Community Health y para obtener acceso a nuestro portal de empleo<\/strong><\/a>.","protected":false},"excerpt":{"rendered":"<p>Get Involved As a nonprofit, Pillars Community Health relies on grants, donations, volunteer work, and a compassionate staff to keep our programs and services running. Donate Now View Services Attend [&hellip;]<\/p>\n","protected":false},"author":1,"featured_media":6860,"parent":0,"menu_order":12,"comment_status":"closed","ping_status":"closed","template":"","meta":{"_acf_changed":false,"_seopress_robots_primary_cat":"","_seopress_titles_title":"Volunteer, Donate, Find Jobs | Pillars Community Health","_seopress_titles_desc":"Learn how you can contribute to our mission: volunteer, donate, apply for job openings, etc.","_seopress_robots_index":"","_relevanssi_hide_post":"","_relevanssi_hide_content":"","_relevanssi_pin_for_all":"","_relevanssi_pin_keywords":"","_relevanssi_unpin_keywords":"","_relevanssi_related_keywords":"","_relevanssi_related_include_ids":"","_relevanssi_related_exclude_ids":"","_relevanssi_related_no_append":"","_relevanssi_related_not_related":"","_relevanssi_related_posts":"","_relevanssi_noindex_reason":"","site-sidebar-layout":"no-sidebar","site-content-layout":"page-builder","ast-site-content-layout":"full-width-container","site-content-style":"unboxed","site-sidebar-style":"unboxed","ast-global-header-display":"","ast-banner-title-visibility":"","ast-main-header-display":"","ast-hfb-above-header-display":"","ast-hfb-below-header-display":"","ast-hfb-mobile-header-display":"","site-post-title":"disabled","ast-breadcrumbs-content":"","ast-featured-img":"disabled","footer-sml-layout":"","theme-transparent-header-meta":"default","adv-header-id-meta":"","stick-header-meta":"","header-above-stick-meta":"","header-main-stick-meta":"","header-below-stick-meta":"","astra-migrate-meta-layouts":"set","ast-page-background-enabled":"default","ast-page-background-meta":{"desktop":{"background-color":"","background-image":"","background-repeat":"repeat","background-position":"center center","background-size":"auto","background-attachment":"scroll","background-type":"","background-media":"","overlay-type":"","overlay-color":"","overlay-opacity":"","overlay-gradient":""},"tablet":{"background-color":"","background-image":"","background-repeat":"repeat","background-position":"center center","background-size":"auto","background-attachment":"scroll","background-type":"","background-media":"","overlay-type":"","overlay-color":"","overlay-opacity":"","overlay-gradient":""},"mobile":{"background-color":"","background-image":"","background-repeat":"repeat","background-position":"center center","background-size":"auto","background-attachment":"scroll","background-type":"","background-media":"","overlay-type":"","overlay-color":"","overlay-opacity":"","overlay-gradient":""}},"ast-content-background-meta":{"desktop":{"background-color":"var(--ast-global-color-5)","background-image":"","background-repeat":"repeat","background-position":"center center","background-size":"auto","background-attachment":"scroll","background-type":"","background-media":"","overlay-type":"","overlay-color":"","overlay-opacity":"","overlay-gradient":""},"tablet":{"background-color":"var(--ast-global-color-5)","background-image":"","background-repeat":"repeat","background-position":"center center","background-size":"auto","background-attachment":"scroll","background-type":"","background-media":"","overlay-type":"","overlay-color":"","overlay-opacity":"","overlay-gradient":""},"mobile":{"background-color":"var(--ast-global-color-5)","background-image":"","background-repeat":"repeat","background-position":"center center","background-size":"auto","background-attachment":"scroll","background-type":"","background-media":"","overlay-type":"","overlay-color":"","overlay-opacity":"","overlay-gradient":""}},"footnotes":""},"class_list":["post-71","page","type-page","status-publish","has-post-thumbnail","hentry"],"acf":[],"_links":{"self":[{"href":"https:\/\/pillarscommunityhealth.org\/es\/wp-json\/wp\/v2\/pages\/71","targetHints":{"allow":["GET"]}}],"collection":[{"href":"https:\/\/pillarscommunityhealth.org\/es\/wp-json\/wp\/v2\/pages"}],"about":[{"href":"https:\/\/pillarscommunityhealth.org\/es\/wp-json\/wp\/v2\/types\/page"}],"author":[{"embeddable":true,"href":"https:\/\/pillarscommunityhealth.org\/es\/wp-json\/wp\/v2\/users\/1"}],"replies":[{"embeddable":true,"href":"https:\/\/pillarscommunityhealth.org\/es\/wp-json\/wp\/v2\/comments?post=71"}],"version-history":[{"count":2,"href":"https:\/\/pillarscommunityhealth.org\/es\/wp-json\/wp\/v2\/pages\/71\/revisions"}],"predecessor-version":[{"id":19847,"href":"https:\/\/pillarscommunityhealth.org\/es\/wp-json\/wp\/v2\/pages\/71\/revisions\/19847"}],"wp:featuredmedia":[{"embeddable":true,"href":"https:\/\/pillarscommunityhealth.org\/es\/wp-json\/wp\/v2\/media\/6860"}],"wp:attachment":[{"href":"https:\/\/pillarscommunityhealth.org\/es\/wp-json\/wp\/v2\/media?parent=71"}],"curies":[{"name":"wp","href":"https:\/\/api.w.org\/{rel}","templated":true}]}}