{"id":6846,"date":"2018-11-20T14:48:41","date_gmt":"2018-11-20T20:48:41","guid":{"rendered":"https:\/\/pillarscommunityhealth.org\/about-us\/payment-and-insurance\/medical-and-dental-payment-methods\/"},"modified":"2024-04-29T13:52:22","modified_gmt":"2024-04-29T18:52:22","slug":"medical-and-dental-payment-methods","status":"publish","type":"page","link":"https:\/\/pillarscommunityhealth.org\/es\/sobre-nosotros\/pagos-y-seguros\/metodos-de-pago-para-servicio-medico-y-dental\/","title":{"rendered":"M\u00e9todos de Pago para Servicio M\u00e9dico y Dental"},"content":{"rendered":"<h1>\n\t\tM\u00e9todos de Pago para Servicio M\u00e9dico y Dental\n\t<\/h1>\n\t<p>Inf\u00f3rmate sobre m\u00e9todos de pago aceptados en nuestro Centro de Salud Comunitaria.<\/p>\n\t\t\t<a href=\"https:\/\/pillarscommunityhealth.org\/es\/contacto\/\" target=\"_self\" role=\"button\" aria-label=\"Contacto\" rel=\"noopener\">\n\t\t\t\t\t\t\t\t<img decoding=\"async\" src=\"https:\/\/pillarscommunityhealth.org\/wp-content\/uploads\/2018\/11\/contact-icon-white-1.svg\"\/>\n\t\t\t\t\t\t\t\tContacto\n\t\t<\/a>\n\t\t\t<a href=\"https:\/\/pillarscommunityhealth.org\/es\/recursos-y-apoyo\/blog\/\" target=\"_self\" role=\"button\" aria-label=\"Blog\" rel=\"noopener\">\n\t\t\t\t\t\t\t\t<img decoding=\"async\" src=\"https:\/\/pillarscommunityhealth.org\/wp-content\/uploads\/2018\/11\/blog-icon-white.svg\"\/>\n\t\t\t\t\t\t\t\tBlog\n\t\t<\/a>\n\t\t\t<a href=\"https:\/\/pillarscommunityhealth.org\/es\/sobre-nosotros\/pagos-y-seguros\/\" target=\"_self\" role=\"button\" aria-label=\"Pagos por visita\" rel=\"noopener\">\n\t\t\t\t\t\t\t\t<img decoding=\"async\" src=\"https:\/\/pillarscommunityhealth.org\/wp-content\/uploads\/2018\/11\/paying-for-visit-icon-white.svg\"\/>\n\t\t\t\t\t\t\t\tPagos por visita\n\t\t<\/a>\n\t<p>All patients are welcome at Pillars Community Health regardless of insurance status. Patients without insurance or the ability to pay will not be denied services.<\/p>\n<p>We accept Medicaid, Medicare, and limited private commercial and Marketplace insurance plans.<\/p>\n<p>Si no cuentas con seguro, nuestros especialistas de Beneficios e Inscripci\u00f3n pueden ayudarte a inscribirte a Medicaid o a un plan subsidiado. Para hablar con una persona del equipo de Beneficios e Inscripci\u00f3n, por favor llama al <a href=\"tel:1-708-745-5277\" target=\"_blank\" rel=\"noopener\"><strong>708-PILLARS<\/strong><\/a> (708-745-5277).<\/p>\n<p>Aunque estamos comprometidos a proporcionar cuidado accesible para todos nuestros pacientes, los pagos deben hacerse en cada visita, ya sea por cheque, tarjeta Visa\/Mastercard\/Discover o en efectivo. Nuestro equipo de Beneficios e Inscripci\u00f3n pueden ayudarte con un plan flexible.<\/p>\n<h2>\n\t\tPlanes de Seguro Aceptados\n\t<\/h2>\n\t<p>It is important to inform the Health Center of any changes in your insurance coverage. Failure to do so may result in unexpected fees.<\/p>\n<p>Below is a list of insurance plans we accept at our<a href=\"https:\/\/pillarscommunityhealth.org\/es\/services\/servicios-del-centro-de-salud-comunitaria\/medico\/\"> Medical, <\/a><a href=\"https:\/\/pillarscommunityhealth.org\/es\/services\/servicios-del-centro-de-salud-comunitaria\/dental\/\">Dental,<\/a> and <a href=\"https:\/\/pillarscommunityhealth.org\/es\/services\/servicios-del-centro-de-salud-comunitaria\/salud-del-comportamiento-integrada\/\">Salud Mental<\/a> sites. NOTE: These are the commercial plans we have contracts with, but we may or may not be in-network with your plan. Please check with your plan provider to confirm we are in your specific plan&#8217;s network.<\/p>\n<p><strong>Medicare Accepted at Pillars Community Health<\/strong><\/p>\n<ul>\n<li>Medicare<\/li>\n<\/ul>\n<p><strong>Medicare Advantage <\/strong><strong>Plans Accepted at Pillars Community Health<\/strong><\/p>\n<ul>\n<li>UHC Medicare Advantage<\/li>\n<li>BCBS Medicare Advantage<\/li>\n<li>Wellcare<\/li>\n<li>Molina Medicare<\/li>\n<\/ul>\n<p><strong>Medicaid\u00a0<\/strong><\/p>\n<ul>\n<li>Medicaid<\/li>\n<\/ul>\n<p><strong>Planes Administrados de Medicaid Aceptados en Pillars Community Health<\/strong><\/p>\n<ul>\n<li>Aetna Medicaid<\/li>\n<li>Aetna MMAI<\/li>\n<li>County Care<\/li>\n<li>Blue Cross Health Plan<\/li>\n<li>Blue Cross MMAI<\/li>\n<li>Meridian<\/li>\n<li>Meridian MMAI<\/li>\n<li>Molina<\/li>\n<li>Molina MMA<\/li>\n<\/ul>\n<p><strong>Planes Comerciales Aceptados en Pillars Community Health<\/strong><\/p>\n<ul>\n<li>BCBS PPO<\/li>\n<li>United Healthcare&#8217;<\/li>\n<li>Loyola Physician Partners (need to select a Pillars Community Health PCP)<\/li>\n<li>Molina Marketplace<\/li>\n<li>Ambetter<\/li>\n<\/ul>\n<p><strong>*Nota<\/strong>: No todos los servicios dentales est\u00e1n cubiertos por Medicaid Managed Care. Para obtener mayor informaci\u00f3n sobre nuestro programa de escala variable, por favor comun\u00edcate con nuestros consejeros de Beneficios e Inscripci\u00f3n al <a href=\"https:\/\/pillarscommunityhealth.org\/es\/sobre-nosotros\/pagos-y-seguros\/\"><strong>programa de escala variable<\/strong><\/a>, por favor comun\u00edcate con nuestros consejeros de Beneficios e Inscripci\u00f3n al <a href=\"tel:1-708-745-5277\" target=\"_blank\" rel=\"noopener\"><strong>708-PILLARS<\/strong><\/a> (708-745-5277).<\/p>\n<strong>Medicare**<\/strong><br \/>\nThe Health Centers participate in traditional Medicare (Part B).\n<p><strong>**Note:<\/strong> At our Health Centers, Medicare insurance covers preventative benefits without meeting your deductible.<\/p>","protected":false},"excerpt":{"rendered":"<p>Medical and Dental Payment Methods Learn about payment methods accepted at our Health Center. Contact Blog Paying for Visit All patients are welcome at Pillars Community Health regardless of insurance [&hellip;]<\/p>\n","protected":false},"author":1,"featured_media":0,"parent":40,"menu_order":0,"comment_status":"closed","ping_status":"closed","template":"","meta":{"_acf_changed":false,"_seopress_robots_primary_cat":"","_seopress_titles_title":"Medical & Dental Payment Options | Pillars Community Health","_seopress_titles_desc":"Explore payment options for medical and dental services at Pillars Community Health, including insurance plans, Medicaid, and sliding scale.","_seopress_robots_index":"","_seopress_analysis_target_kw":"","_relevanssi_hide_post":"","_relevanssi_hide_content":"","_relevanssi_pin_for_all":"","_relevanssi_pin_keywords":"","_relevanssi_unpin_keywords":"","_relevanssi_related_keywords":"","_relevanssi_related_include_ids":"","_relevanssi_related_exclude_ids":"","_relevanssi_related_no_append":"","_relevanssi_related_not_related":"","_relevanssi_related_posts":"","_relevanssi_noindex_reason":"","site-sidebar-layout":"no-sidebar","site-content-layout":"page-builder","ast-site-content-layout":"full-width-container","site-content-style":"unboxed","site-sidebar-style":"unboxed","ast-global-header-display":"","ast-banner-title-visibility":"","ast-main-header-display":"","ast-hfb-above-header-display":"","ast-hfb-below-header-display":"","ast-hfb-mobile-header-display":"","site-post-title":"disabled","ast-breadcrumbs-content":"","ast-featured-img":"disabled","footer-sml-layout":"","theme-transparent-header-meta":"default","adv-header-id-meta":"","stick-header-meta":"","header-above-stick-meta":"","header-main-stick-meta":"","header-below-stick-meta":"","astra-migrate-meta-layouts":"set","ast-page-background-enabled":"default","ast-page-background-meta":{"desktop":{"background-color":"","background-image":"","background-repeat":"repeat","background-position":"center center","background-size":"auto","background-attachment":"scroll","background-type":"","background-media":"","overlay-type":"","overlay-color":"","overlay-opacity":"","overlay-gradient":""},"tablet":{"background-color":"","background-image":"","background-repeat":"repeat","background-position":"center center","background-size":"auto","background-attachment":"scroll","background-type":"","background-media":"","overlay-type":"","overlay-color":"","overlay-opacity":"","overlay-gradient":""},"mobile":{"background-color":"","background-image":"","background-repeat":"repeat","background-position":"center center","background-size":"auto","background-attachment":"scroll","background-type":"","background-media":"","overlay-type":"","overlay-color":"","overlay-opacity":"","overlay-gradient":""}},"ast-content-background-meta":{"desktop":{"background-color":"var(--ast-global-color-5)","background-image":"","background-repeat":"repeat","background-position":"center center","background-size":"auto","background-attachment":"scroll","background-type":"","background-media":"","overlay-type":"","overlay-color":"","overlay-opacity":"","overlay-gradient":""},"tablet":{"background-color":"var(--ast-global-color-5)","background-image":"","background-repeat":"repeat","background-position":"center center","background-size":"auto","background-attachment":"scroll","background-type":"","background-media":"","overlay-type":"","overlay-color":"","overlay-opacity":"","overlay-gradient":""},"mobile":{"background-color":"var(--ast-global-color-5)","background-image":"","background-repeat":"repeat","background-position":"center center","background-size":"auto","background-attachment":"scroll","background-type":"","background-media":"","overlay-type":"","overlay-color":"","overlay-opacity":"","overlay-gradient":""}},"footnotes":""},"class_list":["post-6846","page","type-page","status-publish","hentry"],"acf":[],"_links":{"self":[{"href":"https:\/\/pillarscommunityhealth.org\/es\/wp-json\/wp\/v2\/pages\/6846","targetHints":{"allow":["GET"]}}],"collection":[{"href":"https:\/\/pillarscommunityhealth.org\/es\/wp-json\/wp\/v2\/pages"}],"about":[{"href":"https:\/\/pillarscommunityhealth.org\/es\/wp-json\/wp\/v2\/types\/page"}],"author":[{"embeddable":true,"href":"https:\/\/pillarscommunityhealth.org\/es\/wp-json\/wp\/v2\/users\/1"}],"replies":[{"embeddable":true,"href":"https:\/\/pillarscommunityhealth.org\/es\/wp-json\/wp\/v2\/comments?post=6846"}],"version-history":[{"count":3,"href":"https:\/\/pillarscommunityhealth.org\/es\/wp-json\/wp\/v2\/pages\/6846\/revisions"}],"predecessor-version":[{"id":20557,"href":"https:\/\/pillarscommunityhealth.org\/es\/wp-json\/wp\/v2\/pages\/6846\/revisions\/20557"}],"up":[{"embeddable":true,"href":"https:\/\/pillarscommunityhealth.org\/es\/wp-json\/wp\/v2\/pages\/40"}],"wp:attachment":[{"href":"https:\/\/pillarscommunityhealth.org\/es\/wp-json\/wp\/v2\/media?parent=6846"}],"curies":[{"name":"wp","href":"https:\/\/api.w.org\/{rel}","templated":true}]}}