{"id":6446,"date":"2018-11-15T13:31:34","date_gmt":"2018-11-15T19:31:34","guid":{"rendered":"https:\/\/pillarscommunityhealth.org\/resources-and-support\/marketing-flyers\/"},"modified":"2026-04-08T13:54:20","modified_gmt":"2026-04-08T18:54:20","slug":"informational-handouts","status":"publish","type":"page","link":"https:\/\/pillarscommunityhealth.org\/es\/recursos-y-apoyo\/folletos-de-mercadotecnia\/","title":{"rendered":"Folletos de Mercadotecnia"},"content":{"rendered":"<h1>\n\t\t\tFolletos de Mercadotecnia\t<\/h1>\n\t<p>Estamos agradecidos por el apoyo de un gran n\u00famero de socios y personas que nos apoyan en la comunidad y que comparten nuestra informaci\u00f3n con sus clientes, pacientes, amigos, compa\u00f1eros de trabajo y familiares.<\/p>\n\t<p>Pillars Community Health agradece las referencias de profesionales y agencias comunitarias como hospitales, departamentos de polic\u00eda, escuelas y otros proveedores.<\/p>\n\t<p>Te animamos a circular informaci\u00f3n sobre nuestros servicios en tu organizaci\u00f3n. A continuaci\u00f3n, se encuentran folletos informativos, listos para imprimir con informaci\u00f3n sobre servicios que ofrecemos y que actualmente est\u00e1n aceptando pacientes y clientes nuevos:<\/p>\n<figure itemscope itemtype=\"https:\/\/schema.org\/ImageObject\">\n\t\t\t\t<a href=\"https:\/\/pillarscommunityhealth.org\/wp-content\/uploads\/2021\/04\/general-agency-flyer-eng.sp-2.pdf\"  target=\"_blank\" rel=\"noopener nofollow\"  itemprop=\"url\">\n\t\t\t\t<img decoding=\"async\" src=\"https:\/\/pillarscommunityhealth.org\/wp-content\/uploads\/2020\/05\/Screen-Shot-2020-05-22-at-8.52.49-AM-1-e1590156369305.png\" alt=\"PCH help flyer\" height=\"479\" width=\"400\" title=\"flyer screengrab\" onerror=\"this.style.display='none'\" loading=\"lazy\" \/>\n\t\t\t\t<\/a>\n\t<\/figure>\n\t<strong>Folleto general sobre la organizaci\u00f3n con n\u00fameros de tel\u00e9fono<br \/>\n<\/strong>\n<figure itemscope itemtype=\"https:\/\/schema.org\/ImageObject\">\n\t\t\t\t<a href=\"https:\/\/pillarscommunityhealth.org\/wp-content\/uploads\/2025\/09\/Health-Center-Handout-2023.pdf.pdf\"  target=\"_blank\" rel=\"noopener nofollow\"  itemprop=\"url\">\n\t\t\t\t<img decoding=\"async\" src=\"https:\/\/pillarscommunityhealth.org\/wp-content\/uploads\/2025\/09\/Health-Center-Handout-2023-400-x-520-px.png\" alt=\"Health Center Handout 2023 (400 x 520 px)\" height=\"520\" width=\"400\" title=\"Health Center Handout 2023 (400 x 520 px)\" onerror=\"this.style.display='none'\" loading=\"lazy\" \/>\n\t\t\t\t<\/a>\n\t<\/figure>\n\t<a href=\"https:\/\/pillarscommunityhealth.org\/wp-content\/uploads\/2025\/09\/Health-Center-Handout-2023.pdf.pdf\"><strong>Centro de Salud<br \/>\n<\/strong>(ingl\u00e9s\/espa\u00f1ol)<\/a>\n<figure itemscope itemtype=\"https:\/\/schema.org\/ImageObject\">\n\t\t\t\t<a href=\"https:\/\/pillarscommunityhealth.org\/wp-content\/uploads\/2025\/09\/Mental-Health-Services-HANDOUT-2023.pdf.pdf\"  target=\"_blank\" rel=\"noopener nofollow\"  itemprop=\"url\">\n\t\t\t\t<img decoding=\"async\" src=\"https:\/\/pillarscommunityhealth.org\/wp-content\/uploads\/2025\/09\/Mental-Health-Services-HANDOUT-2023.pdf-400-x-520-px.png\" alt=\"Mental Health Services HANDOUT 2023.pdf (400 x 520 px)\" height=\"520\" width=\"400\" title=\"Mental Health Services HANDOUT 2023.pdf (400 x 520 px)\" onerror=\"this.style.display='none'\" loading=\"lazy\" \/>\n\t\t\t\t<\/a>\n\t<\/figure>\n\t<a href=\"https:\/\/pillarscommunityhealth.org\/wp-content\/uploads\/2025\/09\/Mental-Health-Services-HANDOUT-2023.pdf.pdf\"><strong>Salud Mental<br \/>\n<\/strong>(ingl\u00e9s\/espa\u00f1ol)<\/a>\n<figure itemscope itemtype=\"https:\/\/schema.org\/ImageObject\">\n\t\t\t\t<a href=\"https:\/\/pillarscommunityhealth.org\/wp-content\/uploads\/2025\/09\/SUD-Handout-2025.pdf\"  target=\"_blank\" rel=\"noopener nofollow\"  itemprop=\"url\">\n\t\t\t\t<img decoding=\"async\" src=\"https:\/\/pillarscommunityhealth.org\/wp-content\/uploads\/2025\/09\/Substance-Use-Disorder-Services-2-1.png\" alt=\"Substance Use Disorder Services (2)\" height=\"520\" width=\"400\" title=\"Substance Use Disorder Services (2)\" onerror=\"this.style.display='none'\" loading=\"lazy\" \/>\n\t\t\t\t<\/a>\n\t<\/figure>\n\t<a href=\"https:\/\/pillarscommunityhealth.org\/wp-content\/uploads\/2025\/09\/SUD-Handout-2025.pdf\"><b>Substance Use Disorder Services<br \/>\n<\/b>(ingl\u00e9s\/espa\u00f1ol)<\/a>\n<figure itemscope itemtype=\"https:\/\/schema.org\/ImageObject\">\n\t\t\t\t<a href=\"https:\/\/pillarscommunityhealth.org\/wp-content\/uploads\/2023\/05\/Crisis-Intervention-and-SASS-HANDOUT-23.pdf\"  target=\"_blank\" rel=\"noopener nofollow\"  itemprop=\"url\">\n\t\t\t\t<img decoding=\"async\" src=\"https:\/\/pillarscommunityhealth.org\/wp-content\/uploads\/2018\/11\/marketing-flyer-crisis-intervention-sass.jpg\" alt=\"Marketing Flyer - Crisis Intervention and SASS\" height=\"520\" width=\"400\" title=\"Marketing Flyer - Crisis Intervention and SASS\" onerror=\"this.style.display='none'\" loading=\"lazy\" \/>\n\t\t\t\t<\/a>\n\t<\/figure>\n\t<a href=\"https:\/\/pillarscommunityhealth.org\/wp-content\/uploads\/2021\/03\/Crisis-Intervention-UPDATED-2020.pdf\"><strong>Intervenci\u00f3n en Crisis<br \/>\n<\/strong>(ingl\u00e9s\/espa\u00f1ol)<\/a>\n<figure itemscope itemtype=\"https:\/\/schema.org\/ImageObject\">\n\t\t\t\t<a href=\"https:\/\/pillarscommunityhealth.org\/wp-content\/uploads\/2025\/11\/Buddys-Place-handout-2025-2.pdf\"  target=\"_blank\" rel=\"noopener nofollow\"  itemprop=\"url\">\n\t\t\t\t<img decoding=\"async\" src=\"https:\/\/pillarscommunityhealth.org\/wp-content\/uploads\/2025\/11\/Buddys-Place-handout-2025-e1763409913223.png\" alt=\"Buddy&#039;s Place handout 2025\" height=\"520\" width=\"402\" title=\"Buddy&#039;s Place handout 2025\" onerror=\"this.style.display='none'\" loading=\"lazy\" \/>\n\t\t\t\t<\/a>\n\t<\/figure>\n\t<p><strong><a href=\"https:\/\/pillarscommunityhealth.org\/wp-content\/uploads\/2025\/11\/Buddys-Place-handout-2025-2.pdf\" target=\"_blank\" rel=\"noopener\">Buddy&#8217;s Place Bereavement Support <\/a><\/strong><a href=\"https:\/\/pillarscommunityhealth.org\/wp-content\/uploads\/2025\/11\/Buddys-Place-handout-2025-2.pdf\" target=\"_blank\" rel=\"noopener\">(ingl\u00e9s\/espa\u00f1ol)<\/a><\/p>\n<figure itemscope itemtype=\"https:\/\/schema.org\/ImageObject\">\n\t\t\t\t<a href=\"https:\/\/pillarscommunityhealth.org\/wp-content\/uploads\/2021\/03\/Community-Support-Individual-Handout-2021.pdf\"  target=\"_blank\" rel=\"noopener nofollow\"  itemprop=\"url\">\n\t\t\t\t<img decoding=\"async\" src=\"https:\/\/pillarscommunityhealth.org\/wp-content\/uploads\/2018\/11\/marketing-flyer-community-support-individual.jpg\" alt=\"Marketing Flyer - Community Support Individual\" height=\"520\" width=\"400\" title=\"Marketing Flyer - Community Support Individual\" onerror=\"this.style.display='none'\" loading=\"lazy\" \/>\n\t\t\t\t<\/a>\n\t<\/figure>\n\t<a href=\"https:\/\/pillarscommunityhealth.org\/wp-content\/uploads\/2021\/03\/Community-Support-Individual-Handout-2021.pdf\"><strong>Apoyo Comunitario-Individual<\/strong><\/a><br \/>\n(ingl\u00e9s\/espa\u00f1ol)\n<figure itemscope itemtype=\"https:\/\/schema.org\/ImageObject\">\n\t\t\t\t<a href=\"https:\/\/pillarscommunityhealth.org\/wp-content\/uploads\/2022\/12\/IPS-Employment-Services-HANDOUT-2022-v2.pdf\"  target=\"_blank\" rel=\"noopener nofollow\"  itemprop=\"url\">\n\t\t\t\t<img decoding=\"async\" src=\"https:\/\/pillarscommunityhealth.org\/wp-content\/uploads\/2018\/11\/marketing-flyer-ips-employment-services.jpg\" alt=\"Marketing Flyer - IPS Employment Services\" height=\"520\" width=\"400\" title=\"Marketing Flyer - IPS Employment Services\" onerror=\"this.style.display='none'\" loading=\"lazy\" \/>\n\t\t\t\t<\/a>\n\t<\/figure>\n\t<b>Servicios de Empleo IPS<\/b><br \/>\n(ingl\u00e9s\/espa\u00f1ol)\n<figure itemscope itemtype=\"https:\/\/schema.org\/ImageObject\">\n\t\t\t\t<a href=\"https:\/\/pillarscommunityhealth.org\/wp-content\/uploads\/2021\/03\/Domestic-Violence-Handout-2021.pdf\"  target=\"_blank\" rel=\"noopener nofollow\"  itemprop=\"url\">\n\t\t\t\t<img decoding=\"async\" src=\"https:\/\/pillarscommunityhealth.org\/wp-content\/uploads\/2025\/05\/Domestic-Violence-Handout-2024.pdf.png\" alt=\"Domestic Violence Handout 2024.pdf\" title=\"Domestic Violence Handout 2024.pdf\" onerror=\"this.style.display='none'\" loading=\"lazy\" \/>\n\t\t\t\t<\/a>\n\t<\/figure>\n\t<strong>Violencia Dom\u00e9stica\/<\/strong><br \/>\n<strong>Constance Morris House<\/strong><br \/>\n<a href=\"https:\/\/pillarscommunityhealth.org\/wp-content\/uploads\/2021\/03\/Domestic-Violence-Handout-2021.pdf\">(ingl\u00e9s\/espa\u00f1ol)<\/a><br \/>\n<a href=\"https:\/\/pillarscommunityhealth.org\/wp-content\/uploads\/2021\/06\/Domestic-Violence-Handout-2021-Arabic-1.pdf\">(ingl\u00e9s\/\u00e1rabe)<\/a>\n<figure itemscope itemtype=\"https:\/\/schema.org\/ImageObject\">\n\t\t\t\t<a href=\"https:\/\/pillarscommunityhealth.org\/wp-content\/uploads\/2026\/03\/PCH_DVSA_SexualAssaultServices_Flyer_2026.pdf\"  target=\"_blank\" rel=\"noopener nofollow\"  itemprop=\"url\">\n\t\t\t\t<img decoding=\"async\" src=\"https:\/\/pillarscommunityhealth.org\/wp-content\/uploads\/2026\/03\/PCH_DVSA_SexualAssaultServices_Flyer_2026.png\" alt=\"PCH_DVSA_SexualAssaultServices_Flyer_2026\" title=\"PCH_DVSA_SexualAssaultServices_Flyer_2026\" onerror=\"this.style.display='none'\" loading=\"lazy\" \/>\n\t\t\t\t<\/a>\n\t<\/figure>\n\t<b>Servicios de Asalto Sexual<\/b><br \/>\n<a href=\"https:\/\/pillarscommunityhealth.org\/wp-content\/uploads\/2026\/03\/PCH_DVSA_SexualAssaultServices_Flyer_2026.pdf\">(ingl\u00e9s\/espa\u00f1ol)<\/a><br \/>\n<a href=\"https:\/\/pillarscommunityhealth.org\/wp-content\/uploads\/2021\/06\/Sexual-Violence-Services-Handout-2021-English-and-Arabic-1.pdf\">(ingl\u00e9s\/\u00e1rabe)<\/a>\n<figure itemscope itemtype=\"https:\/\/schema.org\/ImageObject\">\n\t\t\t\t<a href=\"https:\/\/pillarscommunityhealth.org\/wp-content\/uploads\/2023\/11\/PAIP-11.23-2.pdf\"  target=\"_blank\" rel=\"noopener\"  itemprop=\"url\">\n\t\t\t\t<img decoding=\"async\" src=\"https:\/\/pillarscommunityhealth.org\/wp-content\/uploads\/2023\/11\/PAIP-11.23-1187x1536.png\" alt=\"Partner Abuse Intervention Program flyer\" height=\"1536\" width=\"1187\" title=\"PAIP 11.23\" onerror=\"this.style.display='none'\" loading=\"lazy\" \/>\n\t\t\t\t<\/a>\n\t<\/figure>\n\t<p><a href=\"https:\/\/pillarscommunityhealth.org\/wp-content\/uploads\/2023\/11\/PAIP-11.23-e1698942025290.png\"><b>Partner Abuse Intervention Program (PAIP)<\/b><\/a><\/p>\n<figure itemscope itemtype=\"https:\/\/schema.org\/ImageObject\">\n\t\t\t\t<a href=\"https:\/\/pillarscommunityhealth.org\/wp-content\/uploads\/2025\/05\/The-Family-Support-Program-2.pdf\"  target=\"_blank\" rel=\"noopener\"  itemprop=\"url\">\n\t\t\t\t<img decoding=\"async\" src=\"https:\/\/pillarscommunityhealth.org\/wp-content\/uploads\/2025\/05\/FSP-English.png\" alt=\"FSP (English)\" title=\"FSP (English)\" onerror=\"this.style.display='none'\" loading=\"lazy\" \/>\n\t\t\t\t<\/a>\n\t<\/figure>\n\t<strong><a href=\"https:\/\/pillarscommunityhealth.org\/wp-content\/uploads\/2025\/05\/The-Family-Support-Program-2.pdf\">The Family Support Program<\/a><\/strong><br \/>\n<a href=\"https:\/\/pillarscommunityhealth.org\/wp-content\/uploads\/2025\/05\/The-Family-Support-Program-2.pdf\">(ingl\u00e9s\/espa\u00f1ol)<\/a>\n<figure itemscope itemtype=\"https:\/\/schema.org\/ImageObject\">\n\t\t\t\t<a href=\"https:\/\/pillarscommunityhealth.org\/wp-content\/uploads\/2026\/04\/DV-Hotline-Tear-Off-with-QR-Code.pdf\"  target=\"_blank\" rel=\"noopener nofollow\"  itemprop=\"url\">\n\t\t\t\t<img decoding=\"async\" src=\"https:\/\/pillarscommunityhealth.org\/wp-content\/uploads\/2025\/05\/DV-Hotline-Tear-Off-with-QR-Code-Flyers-Portrait.png\" alt=\"DV Hotline Tear Off with QR Code (Flyers (Portrait))\" height=\"2000\" width=\"1545\" title=\"DV Hotline Tear Off with QR Code (Flyers (Portrait))\" onerror=\"this.style.display='none'\" loading=\"lazy\" \/>\n\t\t\t\t<\/a>\n\t<\/figure>\n\t<strong><a href=\"https:\/\/pillarscommunityhealth.org\/wp-content\/uploads\/2026\/04\/DV-Hotline-Tear-Off-with-QR-Code.pdf\" target=\"_blank\" rel=\"noopener\">Violencia Dom\u00e9stica<br \/>\nTear-Off Flyer<\/a><\/strong>\n<figure itemscope itemtype=\"https:\/\/schema.org\/ImageObject\">\n\t\t\t\t<a href=\"https:\/\/pillarscommunityhealth.org\/wp-content\/uploads\/2026\/03\/PCH_DVSA_SexualAssaultHotline_TearOffFlyer_v1_2026.pdf\"  target=\"_blank\" rel=\"noopener nofollow\"  itemprop=\"url\">\n\t\t\t\t<img decoding=\"async\" src=\"https:\/\/pillarscommunityhealth.org\/wp-content\/uploads\/2026\/03\/PCH_DVSA_SexualAssaultHotline_TearOffFlyer_v1_2026-e1774464017199.png\" alt=\"PCH_DVSA_SexualAssaultHotline_TearOffFlyer_v1_2026\" height=\"518\" width=\"400\" title=\"PCH_DVSA_SexualAssaultHotline_TearOffFlyer_v1_2026\" onerror=\"this.style.display='none'\" loading=\"lazy\" \/>\n\t\t\t\t<\/a>\n\t<\/figure>\n\t<a href=\"https:\/\/pillarscommunityhealth.org\/wp-content\/uploads\/2026\/03\/PCH_DVSA_SexualAssaultHotline_TearOffFlyer_v1_2026.pdf\"><b>Asalto Sexual<br \/>\nTear-Off Flyer<\/b><\/a>\n<figure itemscope itemtype=\"https:\/\/schema.org\/ImageObject\">\n\t\t\t\t<a href=\"https:\/\/pillarscommunityhealth.org\/wp-content\/uploads\/2023\/05\/Dating-Violence-Handout-2018.pdf\"  target=\"_blank\" rel=\"noopener nofollow\"  itemprop=\"url\">\n\t\t\t\t<img decoding=\"async\" src=\"https:\/\/pillarscommunityhealth.org\/wp-content\/uploads\/2018\/11\/marketing-flyer-dating-violence-400x400.jpg\" alt=\"Marketing Flyer - Dating Violence\" height=\"400\" width=\"400\" title=\"Marketing Flyer - Dating Violence\" onerror=\"this.style.display='none'\" loading=\"lazy\" \/>\n\t\t\t\t<\/a>\n\t<\/figure>\n<figure itemscope itemtype=\"https:\/\/schema.org\/ImageObject\">\n\t\t\t\t<a href=\"https:\/\/pillarscommunityhealth.org\/wp-content\/uploads\/2018\/11\/dating-violence-handout-2018.pdf\"  target=\"_blank\" rel=\"noopener nofollow\"  itemprop=\"url\">\n\t\t\t\t<img decoding=\"async\" src=\"https:\/\/pillarscommunityhealth.org\/wp-content\/plugins\/bb-plugin\/img\/pixel.png\" alt=\"\" onerror=\"this.style.display='none'\" loading=\"lazy\" \/>\n\t\t\t\t<\/a>\n\t<\/figure>\n\t<p><a href=\"https:\/\/pillarscommunityhealth.org\/wp-content\/uploads\/2018\/11\/dating-violence-handout-2018.pdf\" target=\"_blank\" rel=\"noopener\"><b>Descarga e imprime nuestro folleto de Violencia de Pareja<\/b><\/a><\/p>\n<h2>\n\t\t\tPodemos ayudar\t<\/h2>\n\t\t\t<a href=\"tel:1-708-745-5277\"  target=\"_blank\" rel=\"noopener nofollow\">\n\t\t\t\t\t\t\t708-PILLARS\n\t\t\t\t\t<\/a>\n\t<p>Para referir a alguien a nuestros servicios, llama al <a href=\"tel:1-708-745-5277\" target=\"_blank\" rel=\"noopener\"><strong>708-PILLARS<\/strong><\/a> (708-745-5277). After you&#8217;ve selected 1 for English or 2 for Spanish, press 3 to reach our Access and Referral team. Learn more about referring for services on our <strong>P\u00e1gina de Preguntas M\u00e1s Frecuentes<\/strong>.<\/p>\n\t\t\t<a href=\"https:\/\/pillarscommunityhealth.org\/es\/services\/preguntas-mas-frecuentes\/\"  target=\"_self\">\n\t\t\t\t\t\t\tPreguntas M\u00e1s Frecuentes\n\t\t\t\t\t<\/a>","protected":false},"excerpt":{"rendered":"<p>Informational Handouts We are grateful for the support of the many partners and referrers in the community who share our information with their clients, patients, patrons, friends, co-workers, and families. [&hellip;]<\/p>\n","protected":false},"author":1,"featured_media":16775,"parent":68,"menu_order":1,"comment_status":"closed","ping_status":"closed","template":"","meta":{"_acf_changed":false,"_seopress_robots_primary_cat":"","_seopress_titles_title":"Printable Handouts | Pillars Community Health","_seopress_titles_desc":"We welcome referrals from our partners in the community and encourage distribution of our information. Find printer-friendly materials here.","_seopress_robots_index":"","_relevanssi_hide_post":"","_relevanssi_hide_content":"","_relevanssi_pin_for_all":"","_relevanssi_pin_keywords":"","_relevanssi_unpin_keywords":"","_relevanssi_related_keywords":"","_relevanssi_related_include_ids":"","_relevanssi_related_exclude_ids":"","_relevanssi_related_no_append":"","_relevanssi_related_not_related":"","_relevanssi_related_posts":"","_relevanssi_noindex_reason":"","site-sidebar-layout":"no-sidebar","site-content-layout":"page-builder","ast-site-content-layout":"full-width-container","site-content-style":"unboxed","site-sidebar-style":"unboxed","ast-global-header-display":"","ast-banner-title-visibility":"","ast-main-header-display":"","ast-hfb-above-header-display":"","ast-hfb-below-header-display":"","ast-hfb-mobile-header-display":"","site-post-title":"disabled","ast-breadcrumbs-content":"","ast-featured-img":"disabled","footer-sml-layout":"","theme-transparent-header-meta":"default","adv-header-id-meta":"","stick-header-meta":"","header-above-stick-meta":"","header-main-stick-meta":"","header-below-stick-meta":"","astra-migrate-meta-layouts":"set","ast-page-background-enabled":"default","ast-page-background-meta":{"desktop":{"background-color":"","background-image":"","background-repeat":"repeat","background-position":"center center","background-size":"auto","background-attachment":"scroll","background-type":"","background-media":"","overlay-type":"","overlay-color":"","overlay-opacity":"","overlay-gradient":""},"tablet":{"background-color":"","background-image":"","background-repeat":"repeat","background-position":"center center","background-size":"auto","background-attachment":"scroll","background-type":"","background-media":"","overlay-type":"","overlay-color":"","overlay-opacity":"","overlay-gradient":""},"mobile":{"background-color":"","background-image":"","background-repeat":"repeat","background-position":"center center","background-size":"auto","background-attachment":"scroll","background-type":"","background-media":"","overlay-type":"","overlay-color":"","overlay-opacity":"","overlay-gradient":""}},"ast-content-background-meta":{"desktop":{"background-color":"var(--ast-global-color-5)","background-image":"","background-repeat":"repeat","background-position":"center center","background-size":"auto","background-attachment":"scroll","background-type":"","background-media":"","overlay-type":"","overlay-color":"","overlay-opacity":"","overlay-gradient":""},"tablet":{"background-color":"var(--ast-global-color-5)","background-image":"","background-repeat":"repeat","background-position":"center center","background-size":"auto","background-attachment":"scroll","background-type":"","background-media":"","overlay-type":"","overlay-color":"","overlay-opacity":"","overlay-gradient":""},"mobile":{"background-color":"var(--ast-global-color-5)","background-image":"","background-repeat":"repeat","background-position":"center center","background-size":"auto","background-attachment":"scroll","background-type":"","background-media":"","overlay-type":"","overlay-color":"","overlay-opacity":"","overlay-gradient":""}},"footnotes":""},"class_list":["post-6446","page","type-page","status-publish","has-post-thumbnail","hentry"],"acf":[],"_links":{"self":[{"href":"https:\/\/pillarscommunityhealth.org\/es\/wp-json\/wp\/v2\/pages\/6446","targetHints":{"allow":["GET"]}}],"collection":[{"href":"https:\/\/pillarscommunityhealth.org\/es\/wp-json\/wp\/v2\/pages"}],"about":[{"href":"https:\/\/pillarscommunityhealth.org\/es\/wp-json\/wp\/v2\/types\/page"}],"author":[{"embeddable":true,"href":"https:\/\/pillarscommunityhealth.org\/es\/wp-json\/wp\/v2\/users\/1"}],"replies":[{"embeddable":true,"href":"https:\/\/pillarscommunityhealth.org\/es\/wp-json\/wp\/v2\/comments?post=6446"}],"version-history":[{"count":4,"href":"https:\/\/pillarscommunityhealth.org\/es\/wp-json\/wp\/v2\/pages\/6446\/revisions"}],"predecessor-version":[{"id":23501,"href":"https:\/\/pillarscommunityhealth.org\/es\/wp-json\/wp\/v2\/pages\/6446\/revisions\/23501"}],"up":[{"embeddable":true,"href":"https:\/\/pillarscommunityhealth.org\/es\/wp-json\/wp\/v2\/pages\/68"}],"wp:featuredmedia":[{"embeddable":true,"href":"https:\/\/pillarscommunityhealth.org\/es\/wp-json\/wp\/v2\/media\/16775"}],"wp:attachment":[{"href":"https:\/\/pillarscommunityhealth.org\/es\/wp-json\/wp\/v2\/media?parent=6446"}],"curies":[{"name":"wp","href":"https:\/\/api.w.org\/{rel}","templated":true}]}}