{"id":61,"date":"2018-09-12T22:00:54","date_gmt":"2018-09-13T03:00:54","guid":{"rendered":"https:\/\/pillarscommunityhealth.org\/domestic-and-sexual-violence-services\/"},"modified":"2024-07-22T08:51:41","modified_gmt":"2024-07-22T13:51:41","slug":"domestic-and-sexual-violence-services","status":"publish","type":"page","link":"https:\/\/pillarscommunityhealth.org\/es\/services\/servicios-de-violencia-domestica-y-sexual\/","title":{"rendered":"Servicios de Violencia Dom\u00e9stica y Sexual"},"content":{"rendered":"<p>Sabemos que el hogar no es necesariamente un lugar seguro para todas las personas. Tener que permanecer en el hogar con una persona abusiva puede incrementar el riesgo de abuso. Nuestro personal de violencia dom\u00e9stica y asalto sexual continua atendiendo clientes a trav\u00e9s de nuestra l\u00ednea de crisis de 24 horas (violencia dom\u00e9stica: 708-485-5254, asalto sexual: 708-482-9600), abogac\u00eda legal, albergue de emergencia, y consejer\u00eda. <a href=\"https:\/\/www.youtube.com\/watch?v=9SRFGOGGE8g\"><strong>Consejos para sobrevivientes est\u00e1n disponibles en nuestro video de YouTube.<\/strong><\/a><\/p>\r\n<h1>\r\n\t\tServicios de Violencia Dom\u00e9stica y Sexual\r\n\t<\/h1>\r\n\t<p>Domestic and sexual violence are prevalent in our society. But you don&#8217;t have to suffer in silence. Reach out for help and support.<\/p>\r\n\t\t\t<a href=\"https:\/\/pillarscommunityhealth.org\/es\/contacto\/\" target=\"_self\" role=\"button\" aria-label=\"Contacto\" rel=\"noopener\">\r\n\t\t\t\t\t\t\t\t<img decoding=\"async\" src=\"https:\/\/pillarscommunityhealth.org\/wp-content\/uploads\/2018\/11\/contact-icon-white-1.svg\"\/>\r\n\t\t\t\t\t\t\t\tContacto\r\n\t\t<\/a>\r\n\t\t\t<a href=\"https:\/\/pillarscommunityhealth.org\/es\/involucrate\/voluntarios\/\" target=\"_self\" role=\"button\" aria-label=\"Voluntarios\" rel=\"noopener\">\r\n\t\t\t\t\t\t\t\t<img decoding=\"async\" src=\"https:\/\/pillarscommunityhealth.org\/wp-content\/uploads\/2018\/11\/volunteer-icon-white.svg\"\/>\r\n\t\t\t\t\t\t\t\tVoluntarios\r\n\t\t<\/a>\r\n\t\t\t<a href=\"https:\/\/pillarscommunityhealth.org\/es\/events-and-training\/\" target=\"_self\" role=\"button\" aria-label=\"Eventos\" rel=\"noopener\">\r\n\t\t\t\t\t\t\t\t<img decoding=\"async\" src=\"https:\/\/pillarscommunityhealth.org\/wp-content\/uploads\/2018\/11\/buy-tickets-icon-white.svg\"\/>\r\n\t\t\t\t\t\t\t\tEventos\r\n\t\t<\/a>\r\n<h2>\r\n\t\tLa violencia dom\u00e9stica y el asalto sexual son cuestiones sociales que tiene efectos a largo plazo para v\u00edctimas y para sus familias, amigos y comunidades.\r\n\t<\/h2>\r\n\t<p><img loading=\"lazy\" decoding=\"async\" src=\"https:\/\/pillarscommunityhealth.org\/wp-content\/uploads\/2018\/11\/domestic-sexual-violence-interior-blue-ribbon-400x400.jpg\" alt=\"Photo of a blue ribbon on a woman's blouse\" width=\"400\" height=\"400\" \/>A trav\u00e9s de colaboraciones con socios comunitarios y la experiencia de personal y voluntarios compasivos, podemos proporcionar servicios comprehensivos a adultos y ni\u00f1os que han sobrevivido violencia dom\u00e9stica y sexual. Esto incluye albergue de emergencia, intervenci\u00f3n en crisis, abogac\u00eda m\u00e9dica y legal, consejer\u00eda y m\u00e1s.<\/p>\r\n\tPara acceder nuestra l\u00ednea de crisis de violencia, llama al <a href=\"tel:1-inline-button__add-border\" target=\"_blank\" rel=\"noopener\">708-485-5254<\/a>.<br \/>\r\nPara acceder nuestra l\u00ednea de crisis de asalto sexual, llama al <a href=\"tel:1-708-482-9600\" target=\"_blank\" rel=\"noopener\">708-482-9600<\/a>.\r\n<h2>\r\n\t\tHaz clic aqu\u00ed para informarte m\u00e1s sobre:\r\n\t<\/h2>\r\n\t<p><img loading=\"lazy\" decoding=\"async\" src=\"https:\/\/pillarscommunityhealth.org\/wp-content\/uploads\/2018\/11\/domestic-sexual-violence-interior-woman-purple-shirt-looking-sad-400x400.jpg\" alt=\"Photo of a woman wearing a purple shirt and looking sad\" width=\"400\" height=\"400\" \/><\/p>\r\n<ul>\r\n<li><strong><a href=\"https:\/\/pillarscommunityhealth.org\/es\/services\/servicios-de-violencia-domestica-y-sexual\/volencia-domestica-constance-morris-house\/\">Domestic Violence Services\u00a0<\/a><\/strong><\/li>\r\n<li><a href=\"https:\/\/pillarscommunityhealth.org\/es\/services\/servicios-de-violencia-domestica-y-sexual\/volencia-domestica-constance-morris-house\/\"><strong>Constance Morris House<\/strong><\/a><\/li>\r\n<li><strong><a href=\"https:\/\/pillarscommunityhealth.org\/es\/services\/servicios-de-violencia-domestica-y-sexual\/servicios-de-asalto-sexual\/\">Servicios de Asalto Sexual<\/a><\/strong><\/li>\r\n<li><strong><a href=\"https:\/\/pillarscommunityhealth.org\/es\/services\/servicios-para-la-salud-del-comportamiento-y-de-apoyo\/\">Mental Health and Substance Use Disorder Services<\/a><\/strong><\/li>\r\n<li><strong><a href=\"https:\/\/pillarscommunityhealth.org\/es\/services\/servicios-del-centro-de-salud-comunitaria\/\">Cuidado m\u00e9dico y dental en Pillars Community Health<\/a><\/strong><\/li>\r\n<\/ul>\r\n<h2>\r\n\t\t\u00bfTe sientes insegura(o) al leer esto?\r\n\t<\/h2>\r\n\t<p>The Domestic Violence Safety Exit (red button at bottom right) is designed to help you quickly exit this page if you are currently in danger. If your abuser is in the room, click the red button, or press your ESC key, at any time you feel unsafe. The button will automatically send you to Google.com.<\/p>","protected":false},"excerpt":{"rendered":"<p>We know that home is not a safe place for everyone. Having to remain at home with an abuser can create a higher risk of abuse. Our Domestic and Sexual [&hellip;]<\/p>\n","protected":false},"author":1,"featured_media":6391,"parent":43,"menu_order":7,"comment_status":"closed","ping_status":"closed","template":"","meta":{"_acf_changed":false,"_seopress_robots_primary_cat":"","_seopress_titles_title":"Domestic Violence & Sexual Assault Support Services","_seopress_titles_desc":"Pillars Community Health offers comprehensive support for domestic violence and sexual assault survivors, including counseling, legal aid, and emergency shelter.","_seopress_robots_index":"","_relevanssi_hide_post":"","_relevanssi_hide_content":"","_relevanssi_pin_for_all":"","_relevanssi_pin_keywords":"","_relevanssi_unpin_keywords":"","_relevanssi_related_keywords":"","_relevanssi_related_include_ids":"","_relevanssi_related_exclude_ids":"","_relevanssi_related_no_append":"","_relevanssi_related_not_related":"","_relevanssi_related_posts":"","_relevanssi_noindex_reason":"","site-sidebar-layout":"no-sidebar","site-content-layout":"page-builder","ast-site-content-layout":"full-width-container","site-content-style":"unboxed","site-sidebar-style":"unboxed","ast-global-header-display":"","ast-banner-title-visibility":"","ast-main-header-display":"","ast-hfb-above-header-display":"","ast-hfb-below-header-display":"","ast-hfb-mobile-header-display":"","site-post-title":"disabled","ast-breadcrumbs-content":"","ast-featured-img":"disabled","footer-sml-layout":"","theme-transparent-header-meta":"default","adv-header-id-meta":"","stick-header-meta":"","header-above-stick-meta":"","header-main-stick-meta":"","header-below-stick-meta":"","astra-migrate-meta-layouts":"set","ast-page-background-enabled":"default","ast-page-background-meta":{"desktop":{"background-color":"","background-image":"","background-repeat":"repeat","background-position":"center center","background-size":"auto","background-attachment":"scroll","background-type":"","background-media":"","overlay-type":"","overlay-color":"","overlay-opacity":"","overlay-gradient":""},"tablet":{"background-color":"","background-image":"","background-repeat":"repeat","background-position":"center center","background-size":"auto","background-attachment":"scroll","background-type":"","background-media":"","overlay-type":"","overlay-color":"","overlay-opacity":"","overlay-gradient":""},"mobile":{"background-color":"","background-image":"","background-repeat":"repeat","background-position":"center center","background-size":"auto","background-attachment":"scroll","background-type":"","background-media":"","overlay-type":"","overlay-color":"","overlay-opacity":"","overlay-gradient":""}},"ast-content-background-meta":{"desktop":{"background-color":"var(--ast-global-color-5)","background-image":"","background-repeat":"repeat","background-position":"center center","background-size":"auto","background-attachment":"scroll","background-type":"","background-media":"","overlay-type":"","overlay-color":"","overlay-opacity":"","overlay-gradient":""},"tablet":{"background-color":"var(--ast-global-color-5)","background-image":"","background-repeat":"repeat","background-position":"center center","background-size":"auto","background-attachment":"scroll","background-type":"","background-media":"","overlay-type":"","overlay-color":"","overlay-opacity":"","overlay-gradient":""},"mobile":{"background-color":"var(--ast-global-color-5)","background-image":"","background-repeat":"repeat","background-position":"center center","background-size":"auto","background-attachment":"scroll","background-type":"","background-media":"","overlay-type":"","overlay-color":"","overlay-opacity":"","overlay-gradient":""}},"footnotes":""},"class_list":["post-61","page","type-page","status-publish","has-post-thumbnail","hentry"],"acf":[],"_links":{"self":[{"href":"https:\/\/pillarscommunityhealth.org\/es\/wp-json\/wp\/v2\/pages\/61","targetHints":{"allow":["GET"]}}],"collection":[{"href":"https:\/\/pillarscommunityhealth.org\/es\/wp-json\/wp\/v2\/pages"}],"about":[{"href":"https:\/\/pillarscommunityhealth.org\/es\/wp-json\/wp\/v2\/types\/page"}],"author":[{"embeddable":true,"href":"https:\/\/pillarscommunityhealth.org\/es\/wp-json\/wp\/v2\/users\/1"}],"replies":[{"embeddable":true,"href":"https:\/\/pillarscommunityhealth.org\/es\/wp-json\/wp\/v2\/comments?post=61"}],"version-history":[{"count":3,"href":"https:\/\/pillarscommunityhealth.org\/es\/wp-json\/wp\/v2\/pages\/61\/revisions"}],"predecessor-version":[{"id":20791,"href":"https:\/\/pillarscommunityhealth.org\/es\/wp-json\/wp\/v2\/pages\/61\/revisions\/20791"}],"up":[{"embeddable":true,"href":"https:\/\/pillarscommunityhealth.org\/es\/wp-json\/wp\/v2\/pages\/43"}],"wp:featuredmedia":[{"embeddable":true,"href":"https:\/\/pillarscommunityhealth.org\/es\/wp-json\/wp\/v2\/media\/6391"}],"wp:attachment":[{"href":"https:\/\/pillarscommunityhealth.org\/es\/wp-json\/wp\/v2\/media?parent=61"}],"curies":[{"name":"wp","href":"https:\/\/api.w.org\/{rel}","templated":true}]}}