{"id":59,"date":"2018-09-12T21:58:44","date_gmt":"2018-09-13T02:58:44","guid":{"rendered":"https:\/\/pillarscommunityhealth.org\/employment-services\/"},"modified":"2024-08-08T16:07:31","modified_gmt":"2024-08-08T21:07:31","slug":"employment-services","status":"publish","type":"page","link":"https:\/\/pillarscommunityhealth.org\/es\/services\/servicios-para-la-salud-del-comportamiento-y-de-apoyo\/servicios-de-empleo\/","title":{"rendered":"Servicios de Empleo"},"content":{"rendered":"<h1>Mental Health Employment Services<\/h1>\r\n<p>El trabajo les da a las personas esperanza, les eleva los ingresos, les ayuda a mejorar su autoestima y les proporciona, en general, una mejor calidad de vida.<\/p>\r\n<p><a title=\"Click Here\" role=\"button\" href=\"https:\/\/pillarscommunityhealth.org\/es\/contacto\/\" target=\"_self\" rel=\"noopener\" aria-label=\"Contacto\"> <img decoding=\"async\" src=\"https:\/\/pillarscommunityhealth.org\/wp-content\/uploads\/2018\/11\/contact-icon-white-1.svg\" \/> Contacto <\/a> <a title=\"Click Here\" role=\"button\" href=\"https:\/\/pillarscommunityhealth.org\/es\/recursos-y-apoyo\/blog\/\" target=\"_self\" rel=\"noopener\" aria-label=\"Blog\"> <img decoding=\"async\" src=\"https:\/\/pillarscommunityhealth.org\/wp-content\/uploads\/2018\/11\/view-services-icon-white.svg\" \/> Blog <\/a> <a title=\"Click Here\" role=\"button\" href=\"https:\/\/pillarscommunityhealth.org\/es\/sobre-nosotros\/pagos-y-seguros\/\" target=\"_self\" rel=\"noopener\" aria-label=\"Pagos por visita\"> <img decoding=\"async\" src=\"https:\/\/pillarscommunityhealth.org\/wp-content\/uploads\/2018\/11\/attend-the-ball-icon-white.svg\" \/> Pagos por visita <\/a><\/p>\r\n<p>El empleo estable puede tener efectos positivos a largo plazo para las personas viviendo con una enfermedad mental, adicci\u00f3n, antecedente criminal y otros problemas que no permitan que las personas participen en la vida comunitaria. Pillars Community Health ofrece un programa de empleo llamado Servicios de Empleo de Colocaci\u00f3n Individual &amp; Apoyo (IPS, por sus siglas en ingl\u00e9s). El programa de Servicios de Empleo IPS utiliza un enfoque basado en la evidencia, que ayuda a individuos con enfermedades mentales severas a encontrar y mantener un empleo. Todos los Servicios de Empleo se ofrecen SIN COSTO a clientes y empleadores.<\/p>\r\n<h2>Apoyo para el Empleo<\/h2>\r\n<p><img loading=\"lazy\" decoding=\"async\" src=\"https:\/\/pillarscommunityhealth.org\/wp-content\/uploads\/2018\/11\/employment-services-interior-photo-of-resume-400x400.jpg\" alt=\"Photo of someone holding a resume\" width=\"400\" height=\"400\" \/>Nuestros Servicios de Empleo IPS ofrecen los siguientes beneficios a nuestros:<\/p>\r\n<p><strong>Elegibilidad basada en la elecci\u00f3n del cliente<\/strong><br \/>Ofrecemos servicios de empleo a todos los clientes que est\u00e9n interesados en obtener empleo, sin importar su historial o sus s\u00edntomas actuales. <strong>Atenci\u00f3n a las preferencias  del trabajador<\/strong><br \/>We pay attention to what kinds of jobs our clients want. We work with each client to help him or her find employment-and competitive wages&#8212;based on the individual client&#8217;s preferences, strengths, abilities, and experiences. <strong>B\u00fasqueda r\u00e1pida de empleo<\/strong><br \/>Cuando un cliente expresa el deseo de encontrar empleo, trabajamos con el cliente para ponerlo en contacto con un empleador 30 d\u00edas despu\u00e9s de ingresar a nuestro programa. No requerimos que nuestros clientes completen evaluaciones vocacionales o de preparaci\u00f3n para el trabajo antes de buscar empleo en la comunidad. <strong>Apoyo continuo para el empleo<\/strong><br \/>Acompa\u00f1amos a nuestros clientes durante la b\u00fasqueda de trabajo, abogamos a favor de nuevas oportunidades, apoyamos a nuestros clientes durante juntas con los empleadores y tambi\u00e9n ayudamos a nuestros clientes y a sus familias a entender los posibles beneficios (tales como seguro m\u00e9dico). El apoyo es flexible, y est\u00e1 disponible por el tiempo que el cliente lo desee. <strong>Coordinaci\u00f3n con Salud Mental<\/strong><br \/>Nuestro personal coordina e integra nuestros servicios con los <a href=\"https:\/\/pillarscommunityhealth.org\/es\/services\/servicios-para-la-salud-del-comportamiento-y-de-apoyo\/outpatient-mental-health\/\"><strong>Servicios de Salud Mental<\/strong><\/a> offered at Pillars Community Health, ensuring there is communication between our team and the client&#8217;s counselor(s).<\/p>\r\n<p>Para calificar para este programa, los clientes deben expresar deseo en encontrar empleo, tener por lo menos 18 a\u00f1os de edad, tener un diagn\u00f3stico de un enfermedad mental severa y ser cliente actual de Pillars Community Health, o estar trabajando con la Divisi\u00f3n de Servicios de Rehabilitaci\u00f3n de Illinois (DRS, por sus siglas en ingl\u00e9s)<\/p>\r\n<h2>Llama al<\/h2>\r\n<p><a href=\"tel:1-708-745-5277\" target=\"_blank\" rel=\"noopener nofollow\"> 708-PILLARS <\/a> (708-745-5277)<br \/>para obtener mayor informaci\u00f3n sobre este servicio. <a href=\"https:\/\/pillarscommunityhealth.org\/es\/sobre-nosotros\/pagos-y-seguros\/\"><strong>Haz clic aqu\u00ed<\/strong><\/a>\u00a0para obtener informaci\u00f3n sobre m\u00e9todos de pago y seguros.<\/p>\r\n<h2>Beneficios para Empleadores<\/h2>\r\n<p>Pillars Community Health cuenta con una bolsa de candidatos dedicados, motivados y confiables. Sin costo alguno, el empleador puede obtener acceso a nuestros especialistas de empleo quienes pueden proporcionar apoyo:<\/p>\r\n<ul>\r\n<li>Los solicitantes son seleccionados para asegurar que cumplan con tus necesidades espec\u00edficas.<\/li>\r\n<li>Es posible que el negocio califique para cr\u00e9ditos fiscales cuando emplean personas con discapacidades.<\/li>\r\n<li>Employers can gain insight into America&#8217;s third largest market segment (people with disabilities) while adding more diversity to their staff.<\/li>\r\n<\/ul>","protected":false},"excerpt":{"rendered":"<p>Mental Health Employment Services Work gives people hope, enhances their income, improves their self-esteem, and provides an overall better quality of life. Contact Blog Paying for Visit Steady employment can [&hellip;]<\/p>\n","protected":false},"author":1,"featured_media":6586,"parent":51,"menu_order":8,"comment_status":"closed","ping_status":"closed","template":"","meta":{"_acf_changed":false,"_seopress_robots_primary_cat":"","_seopress_titles_title":"Mental Health Employment Support Services","_seopress_titles_desc":"Our mental health employment services help people with severe mental illness find jobs and help employers find reliable workers and receive tax credits.","_seopress_robots_index":"","_seopress_analysis_target_kw":"","_relevanssi_hide_post":"","_relevanssi_hide_content":"","_relevanssi_pin_for_all":"","_relevanssi_pin_keywords":"","_relevanssi_unpin_keywords":"","_relevanssi_related_keywords":"","_relevanssi_related_include_ids":"","_relevanssi_related_exclude_ids":"","_relevanssi_related_no_append":"","_relevanssi_related_not_related":"","_relevanssi_related_posts":"","_relevanssi_noindex_reason":"","site-sidebar-layout":"no-sidebar","site-content-layout":"page-builder","ast-site-content-layout":"full-width-container","site-content-style":"unboxed","site-sidebar-style":"unboxed","ast-global-header-display":"","ast-banner-title-visibility":"","ast-main-header-display":"","ast-hfb-above-header-display":"","ast-hfb-below-header-display":"","ast-hfb-mobile-header-display":"","site-post-title":"disabled","ast-breadcrumbs-content":"","ast-featured-img":"disabled","footer-sml-layout":"","theme-transparent-header-meta":"default","adv-header-id-meta":"","stick-header-meta":"","header-above-stick-meta":"","header-main-stick-meta":"","header-below-stick-meta":"","astra-migrate-meta-layouts":"set","ast-page-background-enabled":"default","ast-page-background-meta":{"desktop":{"background-color":"","background-image":"","background-repeat":"repeat","background-position":"center center","background-size":"auto","background-attachment":"scroll","background-type":"","background-media":"","overlay-type":"","overlay-color":"","overlay-opacity":"","overlay-gradient":""},"tablet":{"background-color":"","background-image":"","background-repeat":"repeat","background-position":"center center","background-size":"auto","background-attachment":"scroll","background-type":"","background-media":"","overlay-type":"","overlay-color":"","overlay-opacity":"","overlay-gradient":""},"mobile":{"background-color":"","background-image":"","background-repeat":"repeat","background-position":"center center","background-size":"auto","background-attachment":"scroll","background-type":"","background-media":"","overlay-type":"","overlay-color":"","overlay-opacity":"","overlay-gradient":""}},"ast-content-background-meta":{"desktop":{"background-color":"var(--ast-global-color-5)","background-image":"","background-repeat":"repeat","background-position":"center center","background-size":"auto","background-attachment":"scroll","background-type":"","background-media":"","overlay-type":"","overlay-color":"","overlay-opacity":"","overlay-gradient":""},"tablet":{"background-color":"var(--ast-global-color-5)","background-image":"","background-repeat":"repeat","background-position":"center center","background-size":"auto","background-attachment":"scroll","background-type":"","background-media":"","overlay-type":"","overlay-color":"","overlay-opacity":"","overlay-gradient":""},"mobile":{"background-color":"var(--ast-global-color-5)","background-image":"","background-repeat":"repeat","background-position":"center center","background-size":"auto","background-attachment":"scroll","background-type":"","background-media":"","overlay-type":"","overlay-color":"","overlay-opacity":"","overlay-gradient":""}},"footnotes":""},"class_list":["post-59","page","type-page","status-publish","has-post-thumbnail","hentry"],"acf":[],"_links":{"self":[{"href":"https:\/\/pillarscommunityhealth.org\/es\/wp-json\/wp\/v2\/pages\/59","targetHints":{"allow":["GET"]}}],"collection":[{"href":"https:\/\/pillarscommunityhealth.org\/es\/wp-json\/wp\/v2\/pages"}],"about":[{"href":"https:\/\/pillarscommunityhealth.org\/es\/wp-json\/wp\/v2\/types\/page"}],"author":[{"embeddable":true,"href":"https:\/\/pillarscommunityhealth.org\/es\/wp-json\/wp\/v2\/users\/1"}],"replies":[{"embeddable":true,"href":"https:\/\/pillarscommunityhealth.org\/es\/wp-json\/wp\/v2\/comments?post=59"}],"version-history":[{"count":2,"href":"https:\/\/pillarscommunityhealth.org\/es\/wp-json\/wp\/v2\/pages\/59\/revisions"}],"predecessor-version":[{"id":20992,"href":"https:\/\/pillarscommunityhealth.org\/es\/wp-json\/wp\/v2\/pages\/59\/revisions\/20992"}],"up":[{"embeddable":true,"href":"https:\/\/pillarscommunityhealth.org\/es\/wp-json\/wp\/v2\/pages\/51"}],"wp:featuredmedia":[{"embeddable":true,"href":"https:\/\/pillarscommunityhealth.org\/es\/wp-json\/wp\/v2\/media\/6586"}],"wp:attachment":[{"href":"https:\/\/pillarscommunityhealth.org\/es\/wp-json\/wp\/v2\/media?parent=59"}],"curies":[{"name":"wp","href":"https:\/\/api.w.org\/{rel}","templated":true}]}}