{"id":57,"date":"2018-09-12T21:58:44","date_gmt":"2018-09-13T02:58:44","guid":{"rendered":"https:\/\/pillarscommunityhealth.org\/community-support-team\/"},"modified":"2024-12-03T13:34:13","modified_gmt":"2024-12-03T19:34:13","slug":"community-support-team","status":"publish","type":"page","link":"https:\/\/pillarscommunityhealth.org\/es\/services\/servicios-para-la-salud-del-comportamiento-y-de-apoyo\/equipo-de-apoyo-comunitario\/","title":{"rendered":"Community Support-Team"},"content":{"rendered":"<h1>\n\t\tEquipo de Apoyo Comunitario\n\t<\/h1>\n\t<p>Si tu o un ser querido necesita apoyo para lidiar con una enfermedad mental severa, ponte en contacto con nosotros hoy mismo. No est\u00e1s solo(a).<\/p>\n\t\t\t<a href=\"https:\/\/pillarscommunityhealth.org\/es\/contacto\/\" title=\"Click Here\" target=\"_self\" role=\"button\" aria-label=\"Contacto\" rel=\"noopener\">\n\t\t\t\t\t\t\t\t<img decoding=\"async\" src=\"https:\/\/pillarscommunityhealth.org\/wp-content\/uploads\/2018\/11\/contact-icon-white-1.svg\"\/>\n\t\t\t\t\t\t\t\tContacto\n\t\t<\/a>\n\t\t\t<a href=\"https:\/\/pillarscommunityhealth.org\/es\/recursos-y-apoyo\/blog\/\" title=\"Click Here\" target=\"_self\" role=\"button\" aria-label=\"Blog\" rel=\"noopener\">\n\t\t\t\t\t\t\t\t<img decoding=\"async\" src=\"https:\/\/pillarscommunityhealth.org\/wp-content\/uploads\/2018\/11\/blog-icon-white.svg\"\/>\n\t\t\t\t\t\t\t\tBlog\n\t\t<\/a>\n\t\t\t<a href=\"https:\/\/pillarscommunityhealth.org\/es\/sobre-nosotros\/pagos-y-seguros\/\" title=\"Click Here\" target=\"_self\" role=\"button\" aria-label=\"Pagos por visita\" rel=\"noopener\">\n\t\t\t\t\t\t\t\t<img decoding=\"async\" src=\"https:\/\/pillarscommunityhealth.org\/wp-content\/uploads\/2018\/11\/paying-for-visit-icon-white.svg\"\/>\n\t\t\t\t\t\t\t\tPagos por visita\n\t\t<\/a>\n\t<p>El Equipo de Apoyo Comunitario (CST, por sus siglas en ingl\u00e9s) es un servicio de apoyo para la salud del comportamiento dise\u00f1ado para ayudar a las personas que est\u00e1n lidiando con una enfermedad mental severa a desarrollar habilidades para la recuperaci\u00f3n y resistencia. El programa CST ayuda a disminuir el n\u00famero de hospitalizaciones y episodios de crisis, y a elevar el funcionamiento, especialmente para clientes:<\/p>\n<ul>\n<li>En transici\u00f3n del hospital o rehabilitaci\u00f3n con hospitalizaci\u00f3n de vuelta al hogar<\/li>\n<li>En riesgo de tener que se colocadas fuera del hogar debido a hospitalizaciones psiqui\u00e1tricas frecuentes o repetidas desintoxicaciones<\/li>\n<li>Que no est\u00e1n recibiendo la intensidad de cuidado necesario por parte de los servicios menos intensivos de Salud Mental Ambulatorios o de Adicci\u00f3n<\/li>\n<\/ul>\n<p>Los clientes del  programa  CST permanecen en situaciones independientes, semi-independientes o con familiares, dentro de la comunidad. Nuestro equipo proporciona ayuda en situaciones naturales en la comunidad, ayuda a clientes a establecer objetivos y desarrollar habilidades (educacionales, vocacionales, residenciales, de salud mental, financieras, sociales, etc.). Estos servicios pueden incluir psicoeducaci\u00f3n, autogesti\u00f3n de la enfermedad mental, uso de apoyos naturales y recursos comunitarios, terapia, administraci\u00f3n de caso intensiva y m\u00e1s. Cualquier adulto financiado por Medicaid (o financiado a trav\u00e9s de otra fuente que acepte el CST) califica para el programa de CST.<\/p>\n<h2>\n\t\tLlama al\n\t<\/h2>\n\t\t\t<a href=\"tel:1-708-745-5277\" target=\"_blank\" rel=\"noopener nofollow\">\n\t\t\t\t\t\t\t708-PILLARS\n\t\t\t\t\t<\/a>\n\t(708-745-5277)<br \/>\npara obtener mayor informaci\u00f3n sobre este servicio. <a href=\"https:\/\/pillarscommunityhealth.org\/es\/sobre-nosotros\/pagos-y-seguros\/\"><strong>Haz clic aqu\u00ed<\/strong><\/a>\u00a0para obtener informaci\u00f3n sobre m\u00e9todos de pago y seguros.\n<h2>\n\t\tOtros Recursos\n\t<\/h2>\n\t<strong>Servicios de crisis<\/strong><br \/>\n<a href=\"https:\/\/pillarscommunityhealth.org\/es\/services\/servicios-para-la-salud-del-comportamiento-y-de-apoyo\/mobile-crisis-response-sass\/\"><strong>Obt\u00e9n mayor informaci\u00f3n sobre nuestra l\u00ednea de crisis de 24 horas<\/strong><\/a>.\n<strong>Apoyo Continuo<\/strong><br \/>\n<a href=\"https:\/\/pillarscommunityhealth.org\/es\/services\/servicios-para-la-salud-del-comportamiento-y-de-apoyo\/\"><strong>Visita nuestra p\u00e1gina para la Salud del Comportamiento<\/strong><\/a> para obtener mayor informaci\u00f3n sobre nuestros servicios de Salud Mental Ambulatorios y de Adicci\u00f3n\n<strong>L\u00ednea de Crisis por Texto<\/strong><br \/>\nPrefer to text? Reach out to the National Crisis Text Line. Text &#8220;NOW&#8221; to 741-741.\n<strong>L\u00ednea de Mentor<\/strong><br \/>\n\u00bfNo est\u00e1s en crisis pero quieres hablar con alguien? Llama a la L\u00ednea C\u00e1lida al <a href=\"tel:1-866-359-7953\" target=\"_blank\" rel=\"noopener\"><strong>866-359-7953<\/strong><\/a> y selecciona la opci\u00f3n #5. Este recurso, brindado por  la Colaboraci\u00f3n para la Salud Mental de Illinois, conecta a individuos y familias con especialistas y mentores que pueden apoyarte a ti o a tu ser querido que est\u00e1 viviendo con una enfermedad mental.","protected":false},"excerpt":{"rendered":"<p>Community Support Team If you or your loved one is in need of support for severe mental illness, reach out to us today for help. You are not alone. Contact [&hellip;]<\/p>\n","protected":false},"author":1,"featured_media":6931,"parent":51,"menu_order":6,"comment_status":"closed","ping_status":"closed","template":"","meta":{"_acf_changed":false,"_seopress_robots_primary_cat":"","_seopress_titles_title":"Community Support Team for Mental Health","_seopress_titles_desc":"Our community support team services can help people experiencing severe mental illness, frequent rehab, or crisis episodes remain in the community.","_seopress_robots_index":"","_relevanssi_hide_post":"","_relevanssi_hide_content":"","_relevanssi_pin_for_all":"","_relevanssi_pin_keywords":"","_relevanssi_unpin_keywords":"","_relevanssi_related_keywords":"","_relevanssi_related_include_ids":"","_relevanssi_related_exclude_ids":"","_relevanssi_related_no_append":"","_relevanssi_related_not_related":"","_relevanssi_related_posts":"","_relevanssi_noindex_reason":"","site-sidebar-layout":"no-sidebar","site-content-layout":"page-builder","ast-site-content-layout":"full-width-container","site-content-style":"unboxed","site-sidebar-style":"unboxed","ast-global-header-display":"","ast-banner-title-visibility":"","ast-main-header-display":"","ast-hfb-above-header-display":"","ast-hfb-below-header-display":"","ast-hfb-mobile-header-display":"","site-post-title":"disabled","ast-breadcrumbs-content":"","ast-featured-img":"disabled","footer-sml-layout":"","theme-transparent-header-meta":"default","adv-header-id-meta":"","stick-header-meta":"","header-above-stick-meta":"","header-main-stick-meta":"","header-below-stick-meta":"","astra-migrate-meta-layouts":"set","ast-page-background-enabled":"default","ast-page-background-meta":{"desktop":{"background-color":"","background-image":"","background-repeat":"repeat","background-position":"center center","background-size":"auto","background-attachment":"scroll","background-type":"","background-media":"","overlay-type":"","overlay-color":"","overlay-opacity":"","overlay-gradient":""},"tablet":{"background-color":"","background-image":"","background-repeat":"repeat","background-position":"center center","background-size":"auto","background-attachment":"scroll","background-type":"","background-media":"","overlay-type":"","overlay-color":"","overlay-opacity":"","overlay-gradient":""},"mobile":{"background-color":"","background-image":"","background-repeat":"repeat","background-position":"center center","background-size":"auto","background-attachment":"scroll","background-type":"","background-media":"","overlay-type":"","overlay-color":"","overlay-opacity":"","overlay-gradient":""}},"ast-content-background-meta":{"desktop":{"background-color":"var(--ast-global-color-5)","background-image":"","background-repeat":"repeat","background-position":"center center","background-size":"auto","background-attachment":"scroll","background-type":"","background-media":"","overlay-type":"","overlay-color":"","overlay-opacity":"","overlay-gradient":""},"tablet":{"background-color":"var(--ast-global-color-5)","background-image":"","background-repeat":"repeat","background-position":"center center","background-size":"auto","background-attachment":"scroll","background-type":"","background-media":"","overlay-type":"","overlay-color":"","overlay-opacity":"","overlay-gradient":""},"mobile":{"background-color":"var(--ast-global-color-5)","background-image":"","background-repeat":"repeat","background-position":"center center","background-size":"auto","background-attachment":"scroll","background-type":"","background-media":"","overlay-type":"","overlay-color":"","overlay-opacity":"","overlay-gradient":""}},"footnotes":""},"class_list":["post-57","page","type-page","status-publish","has-post-thumbnail","hentry"],"acf":[],"_links":{"self":[{"href":"https:\/\/pillarscommunityhealth.org\/es\/wp-json\/wp\/v2\/pages\/57","targetHints":{"allow":["GET"]}}],"collection":[{"href":"https:\/\/pillarscommunityhealth.org\/es\/wp-json\/wp\/v2\/pages"}],"about":[{"href":"https:\/\/pillarscommunityhealth.org\/es\/wp-json\/wp\/v2\/types\/page"}],"author":[{"embeddable":true,"href":"https:\/\/pillarscommunityhealth.org\/es\/wp-json\/wp\/v2\/users\/1"}],"replies":[{"embeddable":true,"href":"https:\/\/pillarscommunityhealth.org\/es\/wp-json\/wp\/v2\/comments?post=57"}],"version-history":[{"count":2,"href":"https:\/\/pillarscommunityhealth.org\/es\/wp-json\/wp\/v2\/pages\/57\/revisions"}],"predecessor-version":[{"id":21483,"href":"https:\/\/pillarscommunityhealth.org\/es\/wp-json\/wp\/v2\/pages\/57\/revisions\/21483"}],"up":[{"embeddable":true,"href":"https:\/\/pillarscommunityhealth.org\/es\/wp-json\/wp\/v2\/pages\/51"}],"wp:featuredmedia":[{"embeddable":true,"href":"https:\/\/pillarscommunityhealth.org\/es\/wp-json\/wp\/v2\/media\/6931"}],"wp:attachment":[{"href":"https:\/\/pillarscommunityhealth.org\/es\/wp-json\/wp\/v2\/media?parent=57"}],"curies":[{"name":"wp","href":"https:\/\/api.w.org\/{rel}","templated":true}]}}