{"id":56,"date":"2018-09-12T21:58:44","date_gmt":"2018-09-13T02:58:44","guid":{"rendered":"https:\/\/pillarscommunityhealth.org\/community-support-individual\/"},"modified":"2025-07-10T16:33:32","modified_gmt":"2025-07-10T21:33:32","slug":"community-support-individual","status":"publish","type":"page","link":"https:\/\/pillarscommunityhealth.org\/es\/services\/servicios-para-la-salud-del-comportamiento-y-de-apoyo\/apoyo-comunitario-individual\/","title":{"rendered":"Apoyo Comunitario-Individual"},"content":{"rendered":"<h1  data-animation-delay=\"\" data-animation-duration=\"1\">\n\t\t\tIndividual Mental Health Community Support Services\t<\/h1>\n\t<p>Receive personalized mental health support in real-world settings. Our Community Support-Individual (CS-I) program connects children, adolescents, and adults with trained staff to help build skills, boost confidence, and achieve therapeutic goals through community-based care.<\/p>\n\t\t\t<a href=\"https:\/\/pillarscommunityhealth.org\/es\/contacto\/\" title=\"Click Here\" target=\"_self\"   role=\"button\" aria-label=\"Contacto\">\n\t\t\t\t\t\t\t\t<img decoding=\"async\" src=\"https:\/\/pillarscommunityhealth.org\/wp-content\/uploads\/2018\/11\/contact-icon-white-1.svg\"\/>\n\t\t\t\t\t\t\t\tContacto\n\t\t<\/a>\n\t\t\t<a href=\"https:\/\/pillarscommunityhealth.org\/es\/recursos-y-apoyo\/blog\/\" title=\"Click Here\" target=\"_self\"   role=\"button\" aria-label=\"Blog\">\n\t\t\t\t\t\t\t\t<img decoding=\"async\" src=\"https:\/\/pillarscommunityhealth.org\/wp-content\/uploads\/2018\/11\/blog-icon-white.svg\"\/>\n\t\t\t\t\t\t\t\tBlog\n\t\t<\/a>\n\t\t\t<a href=\"https:\/\/pillarscommunityhealth.org\/es\/sobre-nosotros\/pagos-y-seguros\/\" title=\"Click Here\" target=\"_self\"   role=\"button\" aria-label=\"Pagos por visita\">\n\t\t\t\t\t\t\t\t<img decoding=\"async\" src=\"https:\/\/pillarscommunityhealth.org\/wp-content\/uploads\/2018\/11\/paying-for-visit-icon-white.svg\"\/>\n\t\t\t\t\t\t\t\tPagos por visita\n\t\t<\/a>\n<h2>\n\t\t\tOur Mental Health Community Support Programs\t<\/h2>\n\t<p>En 1994, Pillars Community Health lanz\u00f3 un programa para brindar apoyo adicional a ni\u00f1os y adolescentes viviendo con una enfermedad mental. Este programa, conocido inicialmente como Respite (Relevo) y hoy d\u00eda como Apoyo Comunitario-Individual (CS-I, por sus siglas en ingl\u00e9s), est\u00e1 dise\u00f1ado para ayudar a clientes j\u00f3venes a practicar sus habilidades y trabajar hacia el cumplimiento de sus objetivos de terapia, permaneciendo, al mismo tiempo, en la comunidad. Este programa est\u00e1 impulsado por Proveedores de Apoyo Individual (ISPs, por sus siglas en ingl\u00e9s) quienes llevan a los ni\u00f1os y adolescentes a lugares y actividades en la comunidad, y encuentran maneras de responder a problemas que han surgido en la terapia.<\/p>\n<p>Pillars Community Health lanz\u00f3 el programa CS-I para adultos en el 2016. Los servicios est\u00e1n disponibles en ingl\u00e9s y en espa\u00f1ol. La duraci\u00f3n del programa y el n\u00famero de horas por semana se basa en las necesidades cl\u00ednicas.<\/p>\n<p>Whether it&#8217;s learning how to manage emotions in public spaces, practicing social skills, or building independence through real-life experiences, our program brings community support for mental health to where it&#8217;s often needed most: out in the world.<\/p>\n<h2>\n\t\t\tCommunity Support Services for Children and Adolescents\t<\/h2>\n\t<p><img loading=\"lazy\" decoding=\"async\" src=\"https:\/\/pillarscommunityhealth.org\/..\/wp-content\/uploads\/2018\/11\/community-support-individual-interior-playing-checkers-400x400.jpg\" alt=\"Photo of a volunteer playing checkers with a young man\" width=\"400\" height=\"400\" \/><\/p>\n<p>In the child and adolescent CS-I program, ISPs work one-on-one with children and adolescents to help them make progress toward their therapeutic goals. This might include improving social or interpersonal skills; improving anger management skills; improving behavior; learning to use community resources; and\/or building self-esteem, among other things. ISPs are typically matched up with clients based on shared interests, experience level, availability, and location.<\/p>\n<p>CS-I is a community-based service, so the ISPs take their clients on outings in real-life settings (for instance going to the YMCA, the park district, the zoo, a local park, the library, the mall) where they can work on their goals in the moment. The ISP acts as a role model for appropriate behavior and provides an environment where the client can feel comfortable learning and interacting while in the community.<\/p>\n<p>Each ISP is assigned to a client based on shared interests, location, and experience, and most spend about 6-10 hours with the child each week (the schedule is flexible based on the availability of both the ISP and the family). The therapist and ISP work together as a team to help the child reach their goals. Parents and other family members are strongly encouraged to get involved with treatment. For children and adolescents, parents should be present or at least aware of when sessions will begin and end, and should cooperate and communicate with the ISP to create a strong partnership. Any child or adolescent who is currently receiving therapy with Pillars Community Health and is Medicaid or FSP (<strong><a href=\"https:\/\/pillarscommunityhealth.org\/es\/services\/servicios-para-la-salud-del-comportamiento-y-de-apoyo\/programa-de-apoyo-familiar\/\">Programa de Apoyo Familiar<\/a><\/strong>) (o financiado por otra fuente que apoye CS-I) califica para este programa.<\/p>\n<h2>\n\t\t\tLlama al\t<\/h2>\n\t\t\t<a href=\"tel:1-708-745-5277\" target=\"_blank\" rel=\"noopener nofollow\">\n\t\t\t\t\t\t\t708-PILLARS\n\t\t\t\t\t<\/a>\n\t(708-745-5277)<br \/>\npara obtener mayor informaci\u00f3n sobre este servicio. <a href=\"https:\/\/pillarscommunityhealth.org\/es\/sobre-nosotros\/pagos-y-seguros\/\"><strong>Haz clic aqu\u00ed<\/strong><\/a>\u00a0para obtener informaci\u00f3n sobre m\u00e9todos de pago y seguros.\n<h2>\n\t\t\tCommunity Mental Health Support for Adults\t<\/h2>\n\t<p><img loading=\"lazy\" decoding=\"async\" src=\"https:\/\/pillarscommunityhealth.org\/wp-content\/uploads\/2018\/11\/community-support-individual-interior-putting-on-bowling-shoes-400x400.jpg\" alt=\"Photo of a group of people lacing up bowling shoes\" width=\"400\" height=\"400\" \/>The adult CS-I program assists clients in achieving rehabilitative, resiliency, and recovery goals. An adult CS-I client may receive assistance with self-management (such as organization skills); skill building (such as daily living tasks); identification of community supports; and the use of community resources (like public transportation, the YMCA, or the library). Adult CS-I sessions are typically 2-4 hours and can be held in community-based settings or in the client&#8217;s home.<\/p>\n<p>Cualquier adulto que est\u00e9 financiado por Medicaid (o financiado por otra fuente que apoya el programa CS-I) califica para el programa CS-I.<\/p>\n\t<p>Pillars Community Health is regularly seeking new community members to fill open ISP positions.<\/p>\n\t\t\t<a href=\"https:\/\/pillarscommunityhealth.org\/es\/community-support-job-supports-teens-mental-illness\/\" target=\"_self\">\n\t\t\t\t\t\t\tHaz clic aqu\u00ed para obtener mayor informaci\u00f3n sobre como trabajar como un ISP\n\t\t\t\t\t<\/a>","protected":false},"excerpt":{"rendered":"<p>Individual Mental Health Community Support Services Receive personalized mental health support in real-world settings. Our Community Support-Individual (CS-I) program connects children, adolescents, and adults with trained staff to help build [&hellip;]<\/p>\n","protected":false},"author":1,"featured_media":6568,"parent":51,"menu_order":5,"comment_status":"closed","ping_status":"closed","template":"","meta":{"_acf_changed":false,"_seopress_robots_primary_cat":"","_seopress_titles_title":"Individual Mental Health Community Support Services","_seopress_titles_desc":"Explore individual mental health community support services at Pillars Community Health with personalized assistance to achieve therapeutic goals.","_seopress_robots_index":"","_seopress_analysis_target_kw":"","_relevanssi_hide_post":"","_relevanssi_hide_content":"","_relevanssi_pin_for_all":"","_relevanssi_pin_keywords":"","_relevanssi_unpin_keywords":"","_relevanssi_related_keywords":"","_relevanssi_related_include_ids":"","_relevanssi_related_exclude_ids":"","_relevanssi_related_no_append":"","_relevanssi_related_not_related":"","_relevanssi_related_posts":"","_relevanssi_noindex_reason":"","site-sidebar-layout":"no-sidebar","site-content-layout":"page-builder","ast-site-content-layout":"full-width-container","site-content-style":"unboxed","site-sidebar-style":"unboxed","ast-global-header-display":"","ast-banner-title-visibility":"","ast-main-header-display":"","ast-hfb-above-header-display":"","ast-hfb-below-header-display":"","ast-hfb-mobile-header-display":"","site-post-title":"disabled","ast-breadcrumbs-content":"","ast-featured-img":"disabled","footer-sml-layout":"","theme-transparent-header-meta":"default","adv-header-id-meta":"","stick-header-meta":"","header-above-stick-meta":"","header-main-stick-meta":"","header-below-stick-meta":"","astra-migrate-meta-layouts":"set","ast-page-background-enabled":"default","ast-page-background-meta":{"desktop":{"background-color":"","background-image":"","background-repeat":"repeat","background-position":"center center","background-size":"auto","background-attachment":"scroll","background-type":"","background-media":"","overlay-type":"","overlay-color":"","overlay-opacity":"","overlay-gradient":""},"tablet":{"background-color":"","background-image":"","background-repeat":"repeat","background-position":"center center","background-size":"auto","background-attachment":"scroll","background-type":"","background-media":"","overlay-type":"","overlay-color":"","overlay-opacity":"","overlay-gradient":""},"mobile":{"background-color":"","background-image":"","background-repeat":"repeat","background-position":"center center","background-size":"auto","background-attachment":"scroll","background-type":"","background-media":"","overlay-type":"","overlay-color":"","overlay-opacity":"","overlay-gradient":""}},"ast-content-background-meta":{"desktop":{"background-color":"var(--ast-global-color-5)","background-image":"","background-repeat":"repeat","background-position":"center center","background-size":"auto","background-attachment":"scroll","background-type":"","background-media":"","overlay-type":"","overlay-color":"","overlay-opacity":"","overlay-gradient":""},"tablet":{"background-color":"var(--ast-global-color-5)","background-image":"","background-repeat":"repeat","background-position":"center center","background-size":"auto","background-attachment":"scroll","background-type":"","background-media":"","overlay-type":"","overlay-color":"","overlay-opacity":"","overlay-gradient":""},"mobile":{"background-color":"var(--ast-global-color-5)","background-image":"","background-repeat":"repeat","background-position":"center center","background-size":"auto","background-attachment":"scroll","background-type":"","background-media":"","overlay-type":"","overlay-color":"","overlay-opacity":"","overlay-gradient":""}},"footnotes":""},"class_list":["post-56","page","type-page","status-publish","has-post-thumbnail","hentry"],"acf":[],"_links":{"self":[{"href":"https:\/\/pillarscommunityhealth.org\/es\/wp-json\/wp\/v2\/pages\/56","targetHints":{"allow":["GET"]}}],"collection":[{"href":"https:\/\/pillarscommunityhealth.org\/es\/wp-json\/wp\/v2\/pages"}],"about":[{"href":"https:\/\/pillarscommunityhealth.org\/es\/wp-json\/wp\/v2\/types\/page"}],"author":[{"embeddable":true,"href":"https:\/\/pillarscommunityhealth.org\/es\/wp-json\/wp\/v2\/users\/1"}],"replies":[{"embeddable":true,"href":"https:\/\/pillarscommunityhealth.org\/es\/wp-json\/wp\/v2\/comments?post=56"}],"version-history":[{"count":3,"href":"https:\/\/pillarscommunityhealth.org\/es\/wp-json\/wp\/v2\/pages\/56\/revisions"}],"predecessor-version":[{"id":22541,"href":"https:\/\/pillarscommunityhealth.org\/es\/wp-json\/wp\/v2\/pages\/56\/revisions\/22541"}],"up":[{"embeddable":true,"href":"https:\/\/pillarscommunityhealth.org\/es\/wp-json\/wp\/v2\/pages\/51"}],"wp:featuredmedia":[{"embeddable":true,"href":"https:\/\/pillarscommunityhealth.org\/es\/wp-json\/wp\/v2\/media\/6568"}],"wp:attachment":[{"href":"https:\/\/pillarscommunityhealth.org\/es\/wp-json\/wp\/v2\/media?parent=56"}],"curies":[{"name":"wp","href":"https:\/\/api.w.org\/{rel}","templated":true}]}}