{"id":54,"date":"2018-09-12T21:58:44","date_gmt":"2018-09-13T02:58:44","guid":{"rendered":"https:\/\/pillarscommunityhealth.org\/buddys-place-grief-support\/"},"modified":"2025-08-29T10:41:30","modified_gmt":"2025-08-29T15:41:30","slug":"buddys-place-grief-support","status":"publish","type":"page","link":"https:\/\/pillarscommunityhealth.org\/es\/services\/servicios-para-la-salud-del-comportamiento-y-de-apoyo\/buddys-place-ninos-y-ninas-en-duelo\/","title":{"rendered":"Buddy\u2019s Place\/Ni\u00f1os y Ni\u00f1as en Duelo"},"content":{"rendered":"<h1  data-animation-delay=\"\" data-animation-duration=\"1\">\n\t\t\tBuddy&#8217;s Place: Childhood Grief and Bereavement Support\t<\/h1>\n\t<p>Grief is not a problem to be solved but a journey to be navigated. There is no timeline for grief, no neat stages to pass through, and no simple way to &#8220;get over it.&#8221; Grief is a profound and personal experience, especially for children, who may struggle to express or even understand their emotions.<\/p>\n\t\t\t<a href=\"https:\/\/pillarscommunityhealth.org\/es\/supportbuddysplace\/\" title=\"Click Here\" target=\"_blank\" rel=\"noopener\"  role=\"button\" aria-label=\"Dona Ahora\">\n\t\t\t\t\t\t\t\t<img decoding=\"async\" src=\"https:\/\/pillarscommunityhealth.org\/wp-content\/uploads\/2018\/11\/donate-icon-white.svg\"\/>\n\t\t\t\t\t\t\t\tDona Ahora\n\t\t<\/a>\n\t\t\t<a href=\"https:\/\/pillarscommunityhealth.org\/es\/recursos-y-apoyo\/blog\/\" title=\"Click Here\" target=\"_self\"   role=\"button\" aria-label=\"Blog\">\n\t\t\t\t\t\t\t\t<img decoding=\"async\" src=\"https:\/\/pillarscommunityhealth.org\/wp-content\/uploads\/2018\/11\/blog-icon-white.svg\"\/>\n\t\t\t\t\t\t\t\tBlog\n\t\t<\/a>\n\t\t\t<a href=\"https:\/\/pillarscommunityhealth.org\/es\/involucrate\/voluntarios\/\" title=\"Click Here\" target=\"_self\"   role=\"button\" aria-label=\"Voluntarios\">\n\t\t\t\t\t\t\t\t<img decoding=\"async\" src=\"https:\/\/pillarscommunityhealth.org\/wp-content\/uploads\/2018\/11\/volunteer-icon-white.svg\"\/>\n\t\t\t\t\t\t\t\tVoluntarios\n\t\t<\/a>\n<h2>\n\t\t\tUnderstanding Childhood Grief\t<\/h2>\n\t<p>Children&#8217;s grief is a significant and often overlooked experience. <a href=\"https:\/\/judishouse.org\/research-tools\/cbem\/\"><b>An estimated 1 in 11 children in the U.S. will experience the death of a parent or sibling before they reach the age of 18<\/b>. <\/a>Over 6.4 million youth will become bereaved by age 18, and that number more than doubles by age 25 to 15.5 million. All too often, children and teens are forgotten grievers. Some feel they are not old enough to feel loss. But if a person is old enough to love, then that person is also old enough to mourn and to grieve.<\/p>\n<h2>\n\t\t\tSupport for Children&#8217;s Bereavement at Buddy&#8217;s Place\t<\/h2>\n\t<p>Since 2000, our Buddy&#8217;s Place childhood bereavement program has offered family-based support groups to children and teens ages 4-18 and their families who are grieving the death of someone significant in their lives. As a dedicated children&#8217;s bereavement program, we are committed to providing a safe, accepting, and supportive environment where everyone can express their grief and connect with others in a group setting.\u00a0 There is no charge to attend the programs offered by Buddy&#8217;s Place.\u00a0<\/p>\n<p>Buddy&#8217;s Place offers a range of services tailored to the unique needs of grieving children and teens. Our programs include:<\/p>\n<h3>\n\t\t\tMonthly Gatherings\t<\/h3>\n\t<p><strong><img loading=\"lazy\" decoding=\"async\" src=\"https:\/\/pillarscommunityhealth.org\/..\/wp-content\/uploads\/2018\/11\/buddys-place-interior-kids-eating-pizza-400x400.jpg\" alt=\"Photo of young kids eating pizza\" width=\"400\" height=\"400\" \/><\/strong>The Buddy&#8217;s Place Monthly Gathering group meets on the second Monday of each month to work together on a creative, grief-related project. These gatherings are an important part of our grief support for youth, offering them a space to process their emotions through guided activities. Note: You do not have to attend the 8-Week Session to attend Monthly Gatherings.<\/p>\n<h3>\n\t\t\t8-Week Sessions\t<\/h3>\n\t<p>Buddy&#8217;s Place offers an 8-week session each spring and fall. While children and teens engage in goal-oriented activities that are age-appropriate, parents and caregivers participate in a group focused on understanding children&#8217;s grief and how to better help their children cope. Our approach ensures that children, teens, and their families receive the comprehensive grief support they need and deserve.<\/p>\n<p>As there is no limit to grief, families may take advantage of the program whenever they need it. <a href=\"https:\/\/pillarscommunityhealth.org\/wp-content\/uploads\/2024\/01\/24-01-BP-Registration-Form-002.pdf\"><b>Click here to download the Buddy&#8217;s Place program registration form<\/b>.\u00a0 <\/a><\/p>\n<h2>\n\t\t\tReach out to Buddy&#8217;s Place today\t<\/h2>\n\t\t\t<a href=\"tel:1-708-995-3750\" target=\"_blank\" rel=\"noopener nofollow\">\n\t\t\t\t\t\t\t708-995-3750\n\t\t\t\t\t<\/a>\n\t<p>O manda un correo electr\u00f3nico a <a href=\"mailto:buddysplace@pchcares.org\" target=\"_blank\" rel=\"noopener\"><strong>buddysplace@pchcares.org<\/strong><\/a>Todas las personas que asistan al programa necesitan llenar esta forma de inscripci\u00f3n <a href=\"https:\/\/pillarscommunityhealth.org\/wp-content\/uploads\/2024\/01\/24-01-BP-Registration-Form-002.pdf\"><strong>Buddy&#8217;s Place registration form<\/strong><\/a><a href=\"https:\/\/pillarscommunityhealth.org\/wp-content\/uploads\/2021\/08\/21-08-BP-Registration-Form.pdf\">.<\/a><\/p>\n<h2>\n\t\t\tResources for Childhood Bereavement\t<\/h2>\n\t<ul>\n<li><a href=\"https:\/\/padlet.com\/mhalm\/grief-bereavement-resources-from-buddy-s-place-a-program-of--b0alml4b30av3xfw\"><b>Access grief-related resources, including books, articles, and YouTube videos, through our Buddy&#8217;s Place resource board<\/b>.<\/a><\/li>\n<li><a href=\"https:\/\/www.pinterest.com\/PillarsCommunityHealth\/\"><b>Buddy&#8217;s Place Pinterest board<\/b>.<\/a><\/li>\n<li>Buddy&#8217;s Place is a member of the <a href=\"https:\/\/www.adec.org\/\"><b>Asociaci\u00f3n para la Educaci\u00f3n y Consejer\u00eda sobre la Muerte (ADEC, por sus siglas en ingl\u00e9s)<\/b><\/a> y la <a href=\"https:\/\/childrengrieve.org\/\"><b>National Alliance for Children&#8217;s Grief<\/b><\/a>.<\/li>\n<li>A number of organizations offer grief support and bereavement-related summer camps. <a href=\"https:\/\/padlet.com\/griefconnectionspace2025\/2025-camps-and-additional-resources-2yap92du67do1ykl\"><b>Click here for a list<\/b>.<\/a><\/li>\n<\/ul>\n<h2>\n\t\t\tApoya a Ni\u00f1os en Duelo\t<\/h2>\n\t<p>Buddy&#8217;s Place is dedicated to offering free grief support for children and their families, but we rely on community support to continue our mission. There are several ways you can help:<\/p>\n<h3>\n\t\t\tDona\t<\/h3>\n\t<p>Buddy&#8217;s Place services are free of charge thanks to the support of the Lyons Township Mental Health Commission and gifts from individuals, churches, foundations, clubs, organizations, and businesses. <a href=\"https:\/\/pillarscommunityhealth.org\/es\/donate\/\"><b>Please consider giving a tax-deductible donation today<\/b><\/a>.<\/p>\n<h3>\n\t\t\tVoluntarios\t<\/h3>\n\t<p>Buddy&#8217;s Place volunteers participate in training to help grieving children, teens, and their families through a variety of roles, including Greeter, Group Facilitator, and Childcare Supporter. By volunteering, you play a direct role in providing grief support for children and ensuring that Buddy&#8217;s Place remains a comforting and supportive space for all who need it. Programs take place on Monday and Tuesday evenings, so it is important for volunteers to have availability at those times. <a href=\"https:\/\/pillarscommunityhealth.org\/es\/involucrate\/voluntarios\/\"><b>Inf\u00f3rmate sobre como ser voluntario(a)<\/b><\/a>.<\/p>\n<h3>\n\t\t\tAsiste a un Evento de Concientizaci\u00f3n\t<\/h3>\n\t<p>Every November, we observe Children&#8217;s Grief Awareness Month, a time to focus on the unique needs of children who are grieving. We host various awareness events and activities throughout the month, and we invite you to participate. <a href=\"https:\/\/pillarscommunityhealth.org\/es\/events-and-training\/\"><b>Mantente informado a trav\u00e9s de nuestro calendario. Todos los a\u00f1os, en el oto\u00f1o ofrecemos eventos y actividades de concientizaci\u00f3n.<\/b><\/a>.<\/p>","protected":false},"excerpt":{"rendered":"<p>Buddy&#8217;s Place: Childhood Grief and Bereavement Support Grief is not a problem to be solved but a journey to be navigated. There is no timeline for grief, no neat stages [&hellip;]<\/p>\n","protected":false},"author":1,"featured_media":6548,"parent":51,"menu_order":3,"comment_status":"closed","ping_status":"closed","template":"","meta":{"_acf_changed":false,"_seopress_robots_primary_cat":"","_seopress_titles_title":"Buddy's Place: Childhood Grief and Bereavement Support","_seopress_titles_desc":"Learn about our childhood grief and bereavement support groups and available grief counseling at Buddy\u2019s Place, a program of Pillars Community Health.","_seopress_robots_index":"","_relevanssi_hide_post":"","_relevanssi_hide_content":"","_relevanssi_pin_for_all":"","_relevanssi_pin_keywords":"","_relevanssi_unpin_keywords":"","_relevanssi_related_keywords":"","_relevanssi_related_include_ids":"","_relevanssi_related_exclude_ids":"","_relevanssi_related_no_append":"","_relevanssi_related_not_related":"","_relevanssi_related_posts":"","_relevanssi_noindex_reason":"","site-sidebar-layout":"no-sidebar","site-content-layout":"page-builder","ast-site-content-layout":"full-width-container","site-content-style":"unboxed","site-sidebar-style":"unboxed","ast-global-header-display":"","ast-banner-title-visibility":"","ast-main-header-display":"","ast-hfb-above-header-display":"","ast-hfb-below-header-display":"","ast-hfb-mobile-header-display":"","site-post-title":"disabled","ast-breadcrumbs-content":"","ast-featured-img":"disabled","footer-sml-layout":"","theme-transparent-header-meta":"default","adv-header-id-meta":"","stick-header-meta":"","header-above-stick-meta":"","header-main-stick-meta":"","header-below-stick-meta":"","astra-migrate-meta-layouts":"set","ast-page-background-enabled":"default","ast-page-background-meta":{"desktop":{"background-color":"","background-image":"","background-repeat":"repeat","background-position":"center center","background-size":"auto","background-attachment":"scroll","background-type":"","background-media":"","overlay-type":"","overlay-color":"","overlay-opacity":"","overlay-gradient":""},"tablet":{"background-color":"","background-image":"","background-repeat":"repeat","background-position":"center center","background-size":"auto","background-attachment":"scroll","background-type":"","background-media":"","overlay-type":"","overlay-color":"","overlay-opacity":"","overlay-gradient":""},"mobile":{"background-color":"","background-image":"","background-repeat":"repeat","background-position":"center center","background-size":"auto","background-attachment":"scroll","background-type":"","background-media":"","overlay-type":"","overlay-color":"","overlay-opacity":"","overlay-gradient":""}},"ast-content-background-meta":{"desktop":{"background-color":"var(--ast-global-color-5)","background-image":"","background-repeat":"repeat","background-position":"center center","background-size":"auto","background-attachment":"scroll","background-type":"","background-media":"","overlay-type":"","overlay-color":"","overlay-opacity":"","overlay-gradient":""},"tablet":{"background-color":"var(--ast-global-color-5)","background-image":"","background-repeat":"repeat","background-position":"center center","background-size":"auto","background-attachment":"scroll","background-type":"","background-media":"","overlay-type":"","overlay-color":"","overlay-opacity":"","overlay-gradient":""},"mobile":{"background-color":"var(--ast-global-color-5)","background-image":"","background-repeat":"repeat","background-position":"center center","background-size":"auto","background-attachment":"scroll","background-type":"","background-media":"","overlay-type":"","overlay-color":"","overlay-opacity":"","overlay-gradient":""}},"footnotes":""},"class_list":["post-54","page","type-page","status-publish","has-post-thumbnail","hentry"],"acf":[],"_links":{"self":[{"href":"https:\/\/pillarscommunityhealth.org\/es\/wp-json\/wp\/v2\/pages\/54","targetHints":{"allow":["GET"]}}],"collection":[{"href":"https:\/\/pillarscommunityhealth.org\/es\/wp-json\/wp\/v2\/pages"}],"about":[{"href":"https:\/\/pillarscommunityhealth.org\/es\/wp-json\/wp\/v2\/types\/page"}],"author":[{"embeddable":true,"href":"https:\/\/pillarscommunityhealth.org\/es\/wp-json\/wp\/v2\/users\/1"}],"replies":[{"embeddable":true,"href":"https:\/\/pillarscommunityhealth.org\/es\/wp-json\/wp\/v2\/comments?post=54"}],"version-history":[{"count":3,"href":"https:\/\/pillarscommunityhealth.org\/es\/wp-json\/wp\/v2\/pages\/54\/revisions"}],"predecessor-version":[{"id":22762,"href":"https:\/\/pillarscommunityhealth.org\/es\/wp-json\/wp\/v2\/pages\/54\/revisions\/22762"}],"up":[{"embeddable":true,"href":"https:\/\/pillarscommunityhealth.org\/es\/wp-json\/wp\/v2\/pages\/51"}],"wp:featuredmedia":[{"embeddable":true,"href":"https:\/\/pillarscommunityhealth.org\/es\/wp-json\/wp\/v2\/media\/6548"}],"wp:attachment":[{"href":"https:\/\/pillarscommunityhealth.org\/es\/wp-json\/wp\/v2\/media?parent=54"}],"curies":[{"name":"wp","href":"https:\/\/api.w.org\/{rel}","templated":true}]}}