{"id":46,"date":"2018-09-12T21:56:39","date_gmt":"2018-09-13T02:56:39","guid":{"rendered":"https:\/\/pillarscommunityhealth.org\/medical\/"},"modified":"2026-02-11T10:30:49","modified_gmt":"2026-02-11T16:30:49","slug":"medical","status":"publish","type":"page","link":"https:\/\/pillarscommunityhealth.org\/es\/services\/servicios-del-centro-de-salud-comunitaria\/medico\/","title":{"rendered":"M\u00e9dico"},"content":{"rendered":"<h1  data-animation-delay=\"\" data-animation-duration=\"1\">\n\t\t\tServicios M\u00e9dicos\t<\/h1>\n\t<p>Pillars Community Health is unique in our ability to provide coordinated medical, behavioral health, psychiatry, and\u00a0dental services, all at one Community Health Center.<\/p>\n\t\t\t<a href=\"https:\/\/pillarscommunityhealth.org\/es\/sobre-nosotros\/locales\/\" title=\"Locales\" target=\"_self\"   role=\"button\" aria-label=\"Locales\">\n\t\t\t\t\t\t\t\t<img decoding=\"async\" src=\"https:\/\/pillarscommunityhealth.org\/wp-content\/uploads\/2018\/11\/locations-icon-white-1.svg\"\/>\n\t\t\t\t\t\t\t\tLocales\n\t\t<\/a>\n\t\t\t<a href=\"https:\/\/pillarscommunityhealth.org\/es\/contacto\/\" title=\"Contacto\" target=\"_self\"   role=\"button\" aria-label=\"Contacto\">\n\t\t\t\t\t\t\t\t<img decoding=\"async\" src=\"https:\/\/pillarscommunityhealth.org\/wp-content\/uploads\/2018\/11\/contact-icon-white-1.svg\"\/>\n\t\t\t\t\t\t\t\tContacto\n\t\t<\/a>\n\t\t\t<a href=\"https:\/\/mycw65.ecwcloud.com\/portal8440\/jsp\/100mp\/login_otp.jsp\" title=\"Portal para Pacientes\" target=\"_blank\" rel=\"noopener nofollow\"  role=\"button\" aria-label=\"Portal para Pacientes\">\n\t\t\t\t\t\t\t\t<img decoding=\"async\" src=\"https:\/\/pillarscommunityhealth.org\/wp-content\/uploads\/2018\/11\/patient-portal-icon-white-1.svg\"\/>\n\t\t\t\t\t\t\t\tPortal para Pacientes\n\t\t<\/a>\n\t<p>We want you to think of Pillars Community Health as your medical home-the place where you and your family go to receive care from high-quality doctors, nurses, and medical staff. If you or your loved ones are experiencing sickness, same-day appointments are available at our Health Center in La Grange Park. We also provide specialized medical services for adults, women, and children of all ages (see below), including <a href=\"https:\/\/pillarscommunityhealth.org\/es\/services\/servicios-del-centro-de-salud-comunitaria\/medicamentos-a-bajo-costo\/\"><strong>descuento para medicamentos de receta m\u00e9dica<\/strong><\/a>. Nuestros pacientes tambi\u00e9n son referidos a nuestro <strong><a href=\"https:\/\/pillarscommunityhealth.org\/es\/services\/servicios-del-centro-de-salud-comunitaria\/dental\/\">Centro Dental<\/a><\/strong> donde reciben cuidado dental, <strong><a href=\"https:\/\/pillarscommunityhealth.org\/es\/services\/servicios-del-centro-de-salud-comunitaria\/beneficios-e-inscripcion\/\">Beneficios e Inscripci\u00f3n<\/a><\/strong> para ayuda con elegibilidad <strong><a href=\"https:\/\/pillarscommunityhealth.org\/es\/services\/\">y a otros servicios<\/a><\/strong> de Pillars Community Health.<\/p>\n<p>We want to get you the care you need, when you need it, and are committed to eliminating barriers to care, such as language, income, or stigma. Services are offered in both English and Spanish and we offer VOYCE on-demand certified medical interpreters in 240+ languages, including American Sign Language (ASL).<\/p>\n<p>Todos los pacientes son bienvenidos, sin importar el estatus de su seguro m\u00e9dico o edad. Nuestro personal se esfuerza por crear un ambiente agradable y libre de estr\u00e9s para las familias con ni\u00f1os peque\u00f1os. <strong><a href=\"https:\/\/pillarscommunityhealth.org\/es\/sobre-nosotros\/liderazgo-y-proveedores\/health-center-providers\/\">Haz clic aqu\u00ed<\/a><\/strong> para conocer a nuestros proveedores.<\/p>\n<h2>\n\t\t\tSi tienes preguntas referentes al acceso de cuidado en nuestros Centros de Salud Comunitaria:\t<\/h2>\n\t<p>Visita nuestra <strong><a href=\"https:\/\/pillarscommunityhealth.org\/es\/services\/preguntas-mas-frecuentes\/\">P\u00e1gina de Preguntas M\u00e1s Frecuentes<\/a><\/strong>, o <strong><a href=\"https:\/\/pillarscommunityhealth.org\/es\/sobre-nosotros\/pagos-y-seguros\/\">haz clic aqu\u00ed<\/a><\/strong> para obtener informaci\u00f3n sobre el pago de tu visita. Tambi\u00e9n puedes llamar al <a href=\"tel:1-708-745-5277\" target=\"_blank\" rel=\"noopener\">708-PILLARS<\/a> (708-745-5277) en cualquier momento para hacer una cita.<\/p>\n<h2>\n\t\t<a href=\"https:\/\/pillarscommunityhealth.org\/es\/services\/medico\/\" title=\"Servicios Pedi\u00e1tricos\"  target=\"_self\">\n\t\t\tServicios Pedi\u00e1tricos\t\t<\/a>\n\t<\/h2>\n\t<ul>\n<li>Visitas para reci\u00e9n nacidos<\/li>\n<li><strong><a href=\"https:\/\/pillarscommunityhealth.org\/es\/services\/medico\/\">Ex\u00e1menes f\u00edsicos para la escuela y los deportes<\/a><\/strong><\/li>\n<li>Ex\u00e1menes anuales de bienestar infantil<\/li>\n<li><strong><a href=\"https:\/\/pillarscommunityhealth.org\/es\/services\/medico\/\">Vacunas<\/a><\/strong><\/li>\n<li>Evaluaciones de desarrollo y referencias para pacientes con atrasos en el desarrollo<\/li>\n<li>Evaluaciones para la salud del comportamiento y tratamiento<\/li>\n<li>Tratamiento y educaci\u00f3n sobre el asma<\/li>\n<li><strong><a href=\"https:\/\/pillarscommunityhealth.org\/es\/services\/medico\/\">Psychiatric services<\/a><\/strong><\/li>\n<li><strong><a href=\"https:\/\/pillarscommunityhealth.org\/es\/services\/medico\/\">Pruebas de VIH (HIV) y enfermedades de transmisi\u00f3n sexual, tratamiento y consejer\u00eda<\/a><\/strong><\/li>\n<li>Consejer\u00eda para la planificaci\u00f3n familiar (anticonceptivos), educaci\u00f3n y recetas m\u00e9dicas<\/li>\n<li>Coordinaci\u00f3n de cuidado m\u00e9dico complejo a trav\u00e9s de referencias a hospitales especializados<\/li>\n<\/ul>\n<h2>\n\t\t<a href=\"https:\/\/pillarscommunityhealth.org\/es\/services\/medico\/\" title=\"Servicios M\u00e9dicos para Adultos\"  target=\"_self\">\n\t\t\tServicios M\u00e9dicos para Adultos\t\t<\/a>\n\t<\/h2>\n\t<ul>\n<li>Ex\u00e1menes f\u00edsicos anuales<\/li>\n<li><strong><a href=\"https:\/\/pillarscommunityhealth.org\/es\/services\/medico\/\">Psychiatric services<\/a><\/strong><\/li>\n<li>Chronic disease management, including <strong><a href=\"https:\/\/pillarscommunityhealth.org\/es\/services\/medico\/\">Diabetes<\/a><\/strong>, <strong><a href=\"https:\/\/pillarscommunityhealth.org\/es\/services\/medico\/\">Hypertension<\/a><\/strong>, Asthma, Cholesterol screening and treatment, and Obesity<\/li>\n<li>Evaluaciones para la salud del comportamiento y tratamiento<\/li>\n<li><strong><a href=\"https:\/\/pillarscommunityhealth.org\/es\/services\/medico\/\">Pruebas de VIH (HIV) y enfermedades de transmisi\u00f3n sexual, tratamiento y consejer\u00eda<\/a><\/strong><\/li>\n<li>Consejer\u00eda para la planificaci\u00f3n familiar (anticonceptivos), educaci\u00f3n y recetas m\u00e9dicas<\/li>\n<li><a href=\"https:\/\/pillarscommunityhealth.org\/es\/services\/servicios-del-centro-de-salud-comunitaria\/medicamentos-a-bajo-costo\/\"><strong>Low-cost medications<\/strong><\/a> a trav\u00e9s de nuestro programa 340B para pacientes sin seguro m\u00e9dico<\/li>\n<li>Coordinaci\u00f3n de cuidado m\u00e9dico complejo a trav\u00e9s de referencias a hospitales especializados<\/li>\n<li>Referencias para mamograf\u00edas o colonoscopias<\/li>\n<li><a href=\"https:\/\/pillarscommunityhealth.org\/es\/services\/medico\/\"><strong>Vaccines and immunizations<\/strong><\/a><\/li>\n<\/ul>\n<h2>\n\t\t<a href=\"https:\/\/pillarscommunityhealth.org\/es\/services\/medico\/\" title=\"Women's Health Services\"  target=\"_self\">\n\t\t\tWomen&#8217;s Health Services\t\t<\/a>\n\t<\/h2>\n\t<ul>\n<li>Annual exams, including breast exams, pelvic exams, and pap smears to screen for cervical cancer<\/li>\n<li><strong><a href=\"https:\/\/pillarscommunityhealth.org\/es\/services\/medico\/\">Prueba de embarazo gratuita<\/a><\/strong><\/li>\n<li><a href=\"https:\/\/pillarscommunityhealth.org\/es\/services\/medico\/\"><strong>Cuidado prenatal y posnatal<\/strong><\/a><\/li>\n<li><strong><a href=\"https:\/\/pillarscommunityhealth.org\/es\/services\/medico\/\">Pruebas de VIH (HIV) y enfermedades de transmisi\u00f3n sexual, tratamiento y consejer\u00eda<\/a><\/strong><\/li>\n<li>Consejer\u00eda para la planificaci\u00f3n familiar (anticonceptivos), educaci\u00f3n y recetas m\u00e9dicas<\/li>\n<li>Evaluaciones b\u00e1sicas de infertilidad y tratamiento (en el centro localizado en La Grange)<\/li>\n<li><a href=\"https:\/\/pillarscommunityhealth.org\/es\/services\/servicios-del-centro-de-salud-comunitaria\/medicamentos-a-bajo-costo\/\"><strong>Low-cost medications<\/strong><\/a> a trav\u00e9s de nuestro programa 340B para pacientes sin seguro m\u00e9dico<\/li>\n<li>Referencias para mamograf\u00edas o colonoscopias<\/li>\n<li>Coordinaci\u00f3n de cuidado m\u00e9dico complejo a trav\u00e9s de referencias a hospitales especializados<\/li>\n<li>Evaluaciones para la salud del comportamiento, tratamiento y servicios psiqui\u00e1tricos<\/li>\n<li>Tratamiento para trastornos menstruales<\/li>\n<li>Tratamiento para la osteoporosis<\/li>\n<li>Manejo de s\u00edntomas de la menopausia<\/li>\n<\/ul>\n<h2>\n\t\t<a href=\"https:\/\/pillarscommunityhealth.org\/es\/services\/medico\/\" title=\"Servicios Prenatales y Posnatales\"  target=\"_self\">\n\t\t\tServicios Prenatales y Posnatales\t\t<\/a>\n\t<\/h2>\n\t<p><img loading=\"lazy\" decoding=\"async\" src=\"https:\/\/pillarscommunityhealth.org\/..\/wp-content\/uploads\/2018\/11\/woman-holding-pregnant-belly-400x400.jpg\" alt=\"Photo of a pregnant woman holding her belly\" width=\"400\" height=\"400\" \/><\/p>\n<p>Pillars Community Health ofrece servicios directos de obstetricia y ginecolog\u00eda, cuidado coordinando, servicios sociales y educaci\u00f3n sobre la salud tanto en ingl\u00e9s como en espa\u00f1ol para mujeres embarazadas y sus familias durante los periodos prenatales y posnatales. Nuestros servicios incluyen:<\/p>\n<ul>\n<li>Educaci\u00f3n y consejer\u00eda sobre la planificaci\u00f3n<\/li>\n<li><strong><a href=\"https:\/\/pillarscommunityhealth.org\/es\/services\/medico\/\">Prueba de embarazo gratuita<\/a><\/strong><\/li>\n<li>Visitas prenatales<\/li>\n<li>Evaluaciones y servicios para depresi\u00f3n pre y posparto<\/li>\n<li>Referencias m\u00e9dicas para servicios de obstetricia de alto riesgo<\/li>\n<li>Visitas posparto<\/li>\n<li>Pruebas gen\u00e9ticas<\/li>\n<li>Referencias para ultrasonidos prenatales<\/li>\n<li>Informaci\u00f3n sobre el embarazo, el parto, la lactancia y el cuidado del beb\u00e9<\/li>\n<li>Informaci\u00f3n sobre la diabetes gestacional y su manejo<\/li>\n<li>Coordinaci\u00f3n de cuidado m\u00e9dico complejo a trav\u00e9s de referencias a hospitales especializados<\/li>\n<li>Educaci\u00f3n para la lactancia<\/li>\n<\/ul>\n<h2>\n\t\t\tServicios para la Salud del Comportamiento\t<\/h2>\n\t<p>Adicionalmente, para asegurar que los pacientes tengan acceso a los servicios cuando los necesitan, nuestros  Centros de Salud Comunitaria proporciona evaluaciones universales para todos los pacientes, incluyendo desarrollo pedi\u00e1trico y evaluaciones del comportamiento; evaluaciones para la depresi\u00f3n, ansiedad, depresi\u00f3n peri y posparto; evaluaciones para violencia dom\u00e9stica y abuso de sustancias; intervenciones breves; referencias para otros servicios de Pillars Community Health; y servicios psiqui\u00e1tricos. Tambi\u00e9n ofrecemos servicios psiqui\u00e1tricos; consejer\u00eda a corto plazo para la salud del comportamiento; y referencias para terapia a largo plazo individual, familiar y en grupo. <strong><a href=\"..\/integrated-behavioral-health\/\">Para obtener mayor informaci\u00f3n visita nuestra p\u00e1gina para la Salud Integrada del Comportamiento<\/a><\/strong> aprender m\u00e1s<\/p>\n<h2>\n\t\t\tPortal para Pacientes\t<\/h2>\n\t<p>El Portal para Pacientes permite a nuestros pacientes comunicarse con sus doctores, dentistas, enfermeras y personal, de manera r\u00e1pida y a trav\u00e9s del Internet. Los pacientes que participan reciben un n\u00famero de usuario y una contrase\u00f1a, de esta manera pueden acceder al Portal y obtener  acceso a documentos personales y privados, incluyendo resultados de pruebas de diagn\u00f3stico y de laboratorio, referencias, informaci\u00f3n educacional y otra informaci\u00f3n de salud.\u00a0<strong><a href=\"https:\/\/mycw65.ecwcloud.com\/portal8440\/jsp\/100mp\/login_otp.jsp\" target=\"_blank\" rel=\"noopener\">Visita el Portal de Salud aqu\u00ed<\/a><\/strong>.<\/p>","protected":false},"excerpt":{"rendered":"<p>Medical Services Pillars Community Health is unique in our ability to provide coordinated medical, behavioral health, psychiatry, and\u00a0dental services, all at one Community Health Center. Locations Contact Patient Portal We [&hellip;]<\/p>\n","protected":false},"author":1,"featured_media":7219,"parent":45,"menu_order":1,"comment_status":"closed","ping_status":"closed","template":"","meta":{"_acf_changed":false,"_seopress_robots_primary_cat":"","_seopress_titles_title":"Medical Services Near Chicago | Pillars Community Health","_seopress_titles_desc":"Explore a wide range of medical services at Pillars Community Health, including primary care, pediatrics, and women's health in the Chicago suburbs.","_seopress_robots_index":"","_relevanssi_hide_post":"","_relevanssi_hide_content":"","_relevanssi_pin_for_all":"","_relevanssi_pin_keywords":"","_relevanssi_unpin_keywords":"","_relevanssi_related_keywords":"","_relevanssi_related_include_ids":"","_relevanssi_related_exclude_ids":"","_relevanssi_related_no_append":"","_relevanssi_related_not_related":"","_relevanssi_related_posts":"","_relevanssi_noindex_reason":"","site-sidebar-layout":"no-sidebar","site-content-layout":"page-builder","ast-site-content-layout":"full-width-container","site-content-style":"unboxed","site-sidebar-style":"unboxed","ast-global-header-display":"","ast-banner-title-visibility":"","ast-main-header-display":"","ast-hfb-above-header-display":"","ast-hfb-below-header-display":"","ast-hfb-mobile-header-display":"","site-post-title":"disabled","ast-breadcrumbs-content":"","ast-featured-img":"disabled","footer-sml-layout":"","theme-transparent-header-meta":"default","adv-header-id-meta":"","stick-header-meta":"","header-above-stick-meta":"","header-main-stick-meta":"","header-below-stick-meta":"","astra-migrate-meta-layouts":"set","ast-page-background-enabled":"default","ast-page-background-meta":{"desktop":{"background-color":"","background-image":"","background-repeat":"repeat","background-position":"center center","background-size":"auto","background-attachment":"scroll","background-type":"","background-media":"","overlay-type":"","overlay-color":"","overlay-opacity":"","overlay-gradient":""},"tablet":{"background-color":"","background-image":"","background-repeat":"repeat","background-position":"center center","background-size":"auto","background-attachment":"scroll","background-type":"","background-media":"","overlay-type":"","overlay-color":"","overlay-opacity":"","overlay-gradient":""},"mobile":{"background-color":"","background-image":"","background-repeat":"repeat","background-position":"center center","background-size":"auto","background-attachment":"scroll","background-type":"","background-media":"","overlay-type":"","overlay-color":"","overlay-opacity":"","overlay-gradient":""}},"ast-content-background-meta":{"desktop":{"background-color":"var(--ast-global-color-5)","background-image":"","background-repeat":"repeat","background-position":"center center","background-size":"auto","background-attachment":"scroll","background-type":"","background-media":"","overlay-type":"","overlay-color":"","overlay-opacity":"","overlay-gradient":""},"tablet":{"background-color":"var(--ast-global-color-5)","background-image":"","background-repeat":"repeat","background-position":"center center","background-size":"auto","background-attachment":"scroll","background-type":"","background-media":"","overlay-type":"","overlay-color":"","overlay-opacity":"","overlay-gradient":""},"mobile":{"background-color":"var(--ast-global-color-5)","background-image":"","background-repeat":"repeat","background-position":"center center","background-size":"auto","background-attachment":"scroll","background-type":"","background-media":"","overlay-type":"","overlay-color":"","overlay-opacity":"","overlay-gradient":""}},"footnotes":""},"class_list":["post-46","page","type-page","status-publish","has-post-thumbnail","hentry"],"acf":[],"_links":{"self":[{"href":"https:\/\/pillarscommunityhealth.org\/es\/wp-json\/wp\/v2\/pages\/46","targetHints":{"allow":["GET"]}}],"collection":[{"href":"https:\/\/pillarscommunityhealth.org\/es\/wp-json\/wp\/v2\/pages"}],"about":[{"href":"https:\/\/pillarscommunityhealth.org\/es\/wp-json\/wp\/v2\/types\/page"}],"author":[{"embeddable":true,"href":"https:\/\/pillarscommunityhealth.org\/es\/wp-json\/wp\/v2\/users\/1"}],"replies":[{"embeddable":true,"href":"https:\/\/pillarscommunityhealth.org\/es\/wp-json\/wp\/v2\/comments?post=46"}],"version-history":[{"count":7,"href":"https:\/\/pillarscommunityhealth.org\/es\/wp-json\/wp\/v2\/pages\/46\/revisions"}],"predecessor-version":[{"id":23285,"href":"https:\/\/pillarscommunityhealth.org\/es\/wp-json\/wp\/v2\/pages\/46\/revisions\/23285"}],"up":[{"embeddable":true,"href":"https:\/\/pillarscommunityhealth.org\/es\/wp-json\/wp\/v2\/pages\/45"}],"wp:featuredmedia":[{"embeddable":true,"href":"https:\/\/pillarscommunityhealth.org\/es\/wp-json\/wp\/v2\/media\/7219"}],"wp:attachment":[{"href":"https:\/\/pillarscommunityhealth.org\/es\/wp-json\/wp\/v2\/media?parent=46"}],"curies":[{"name":"wp","href":"https:\/\/api.w.org\/{rel}","templated":true}]}}