{"id":45,"date":"2018-09-12T21:56:39","date_gmt":"2018-09-13T02:56:39","guid":{"rendered":"https:\/\/pillarscommunityhealth.org\/health-center-services\/"},"modified":"2025-07-08T17:08:55","modified_gmt":"2025-07-08T22:08:55","slug":"health-center-services","status":"publish","type":"page","link":"https:\/\/pillarscommunityhealth.org\/es\/services\/servicios-del-centro-de-salud-comunitaria\/","title":{"rendered":"Servicios del Centro de Salud Comunitaria"},"content":{"rendered":"<h1 data-animation-delay=\"\" data-animation-duration=\"1\">Servicios del Centro de Salud Comunitaria<\/h1>\r\n<p>En Pillars Community Health, creemos que cuando cuidamos la salud integral de un individuo, podemos mejorar la salud integral de las comunidades a las que servimos.<\/p>\r\n<p><a title=\"Click Here\" role=\"button\" href=\"https:\/\/pillarscommunityhealth.org\/es\/contacto\/\" target=\"_self\" aria-label=\"Contacto\"> <img decoding=\"async\" src=\"https:\/\/pillarscommunityhealth.org\/wp-content\/uploads\/2018\/11\/contact-icon-white-1.svg\" \/> Contacto <\/a> <a title=\"Click Here\" role=\"button\" href=\"https:\/\/pillarscommunityhealth.org\/es\/sobre-nosotros\/locales\/\" target=\"_self\" aria-label=\"Locales\"> <img decoding=\"async\" src=\"https:\/\/pillarscommunityhealth.org\/wp-content\/uploads\/2018\/11\/locations-icon-white-1.svg\" \/> Locales <\/a> <a title=\"Click Here\" role=\"button\" href=\"https:\/\/mycw65.ecwcloud.com\/portal8440\/jsp\/100mp\/login_otp.jsp\" target=\"_blank\" rel=\"noopener nofollow\" aria-label=\"Portal para Pacientes\"> <img decoding=\"async\" src=\"https:\/\/pillarscommunityhealth.org\/wp-content\/uploads\/2018\/11\/patient-portal-icon-white-1.svg\" \/> Portal para Pacientes <\/a><\/p>\r\n<p>Patients who visit our Community Health Centers will find whole-person care-patients can access medical services, dental services, psychiatry, and behavioral health services for their physical, oral, mental, and emotional health.<\/p>\r\n<p>We want to get you the care you need, when you need it, and are committed to eliminating barriers to care, such as language, income, or stigma. Services are offered in both English and Spanish and we offer VOYCE on-demand certified medical interpreters in 240+ languages, including American Sign Language (ASL). All patients are welcome regardless of health insurance status or age. Staff are skilled at creating a comfortable, stress-free experience for families with children. <a href=\"https:\/\/pillarscommunityhealth.org\/es\/sobre-nosotros\/liderazgo-y-proveedores\/health-center-providers\/\"><strong>Haz clic aqu\u00ed para conocer a nuestros proveedores.<\/strong><\/a><\/p>\r\n<h2>Si tienes preguntas referentes al acceso de cuidado en nuestro Centros de Salud Comunitaria:<\/h2>\r\n<p>Visita nuestra <a href=\"https:\/\/pillarscommunityhealth.org\/es\/services\/preguntas-mas-frecuentes\/\"><strong>P\u00e1gina de Preguntas M\u00e1s Frecuentes<\/strong><\/a>, o <a href=\"https:\/\/pillarscommunityhealth.org\/es\/sobre-nosotros\/pagos-y-seguros\/\"><strong>haz clic aqu\u00ed para obtener informaci\u00f3n sobre el pago de tu visita<\/strong><\/a>. Tambi\u00e9n puedes llamar en cualquier momento al <a href=\"tel:1-708-745-5277\" target=\"_blank\" rel=\"noopener\"><strong>708-PILLARS<\/strong><\/a> (708-745-5277) para obtener acceso a nuestros servicios.<\/p>\r\n<p>Haz clic aqu\u00ed para informarte m\u00e1s sobre:<\/p>\r\n<ul>\r\n<li><a href=\"https:\/\/pillarscommunityhealth.org\/es\/services\/servicios-del-centro-de-salud-comunitaria\/medico\/\"><strong>Servicios M\u00e9dicos<\/strong><\/a><\/li>\r\n<li><a href=\"https:\/\/pillarscommunityhealth.org\/es\/services\/servicios-del-centro-de-salud-comunitaria\/dental\/\"><strong>Servicios Dentales<\/strong><\/a><\/li>\r\n<li><a href=\"https:\/\/pillarscommunityhealth.org\/es\/services\/servicios-del-centro-de-salud-comunitaria\/salud-del-comportamiento-integrada\/\"><strong>Servicios para la Salud del Comportamiento<\/strong><\/a><\/li>\r\n<li><a href=\"https:\/\/pillarscommunityhealth.org\/es\/services\/servicios-del-centro-de-salud-comunitaria\/beneficios-e-inscripcion\/\"><strong>Beneficios &amp; Inscripci\u00f3n\/Asistencia para Elegibilidad <\/strong><\/a><\/li>\r\n<li><a href=\"https:\/\/pillarscommunityhealth.org\/es\/services\/educacion-comunitaria-y-extension\/\"><strong>Educaci\u00f3n para la Salud y Extensi\u00f3n<\/strong><\/a><\/li>\r\n<li><a href=\"https:\/\/pillarscommunityhealth.org\/es\/covid-19-testing-and-vaccinations\/\"><strong>COVID-19 Vaccines and Testing<\/strong><\/a><\/li>\r\n<\/ul>\r\n<h2>Pillars Community Health en la Comunidad<\/h2>\r\n<p>Pillars Community Health encabeza The Community Healthcare Network (Red de Cuidado para la Salud Comunitaria), una colaboraci\u00f3n entre proveedores con el fin de proporcionar servicios de salud coordinados, de los suburbios del oeste de Chicago. Los servicios incluyen cuidado primario de bajo costo; m\u00e9dicos especializados; diagn\u00f3sticos; medicamentos de receta m\u00e9dica para personas de bajos recursos; adultos sin seguro m\u00e9dico; servicios para la salud del comportamiento; y hospitalizaci\u00f3n. <a href=\"https:\/\/pillarscommunityhealth.org\/es\/services\/la-red-de-cuidado-para-la-salud-comunitaria-de-los-suburbios-del-oeste\/\"><strong>Haz clic aqu\u00ed para aprender m\u00e1s acerca de la Red.<\/strong><\/a>.<\/p>\r\n<p>Contamos con tres <a href=\"https:\/\/pillarscommunityhealth.org\/es\/sobre-nosotros\/locales\/\"><strong>locales<\/strong><\/a> for Health Center Services including our Medical Center and Dental Center in La Grange Park and Riverside. We also provide medical services for people experiencing homelessness through a partnership with BEDS Plus in La Grange and Summit.<\/p>\r\n<h2>Portal para Pacientes<\/h2>\r\n<p>El Portal para Pacientes permite a nuestros pacientes comunicarse con sus doctores, dentistas, enfermeras y personal, de manera r\u00e1pida y a trav\u00e9s del Internet. Los pacientes que participan reciben un n\u00famero de usuario y una contrase\u00f1a, de esta manera pueden acceder al Portal y obtener  acceso a documentos personales y privados, incluyendo resultados de pruebas de diagn\u00f3stico y de laboratorio, referencias, informaci\u00f3n educacional y otra informaci\u00f3n de salud.\u00a0<a href=\"https:\/\/mycw65.ecwcloud.com\/portal8440\/jsp\/100mp\/login_otp.jsp\" target=\"_blank\" rel=\"noopener\"><strong>Visita el Portal de Salud Aqu\u00ed<\/strong><\/a>.<\/p>\r\n<p><a href=\"https:\/\/mycw65.ecwcloud.com\/portal8440\/jsp\/100mp\/login_otp.jsp\" target=\"_blank\" rel=\"noopener nofollow\"> Visita el Portal de Salud <\/a><\/p>","protected":false},"excerpt":{"rendered":"<p>Community Health Center Services At Pillars Community Health, we believe that by addressing the whole health of the individual, we can improve the whole health of the communities we serve. [&hellip;]<\/p>\n","protected":false},"author":1,"featured_media":6477,"parent":43,"menu_order":4,"comment_status":"closed","ping_status":"closed","template":"","meta":{"_acf_changed":false,"_seopress_robots_primary_cat":"","_seopress_titles_title":"Community Health Center Services | Pillars Community Health","_seopress_titles_desc":"Discover the range of medical, dental, and behavioral health services at our community health center, dedicated to serving the Chicago suburbs.","_seopress_robots_index":"","_relevanssi_hide_post":"","_relevanssi_hide_content":"","_relevanssi_pin_for_all":"","_relevanssi_pin_keywords":"","_relevanssi_unpin_keywords":"","_relevanssi_related_keywords":"","_relevanssi_related_include_ids":"","_relevanssi_related_exclude_ids":"","_relevanssi_related_no_append":"","_relevanssi_related_not_related":"","_relevanssi_related_posts":"","_relevanssi_noindex_reason":"","site-sidebar-layout":"no-sidebar","site-content-layout":"page-builder","ast-site-content-layout":"full-width-container","site-content-style":"unboxed","site-sidebar-style":"unboxed","ast-global-header-display":"","ast-banner-title-visibility":"","ast-main-header-display":"","ast-hfb-above-header-display":"","ast-hfb-below-header-display":"","ast-hfb-mobile-header-display":"","site-post-title":"disabled","ast-breadcrumbs-content":"","ast-featured-img":"disabled","footer-sml-layout":"","theme-transparent-header-meta":"default","adv-header-id-meta":"","stick-header-meta":"","header-above-stick-meta":"","header-main-stick-meta":"","header-below-stick-meta":"","astra-migrate-meta-layouts":"set","ast-page-background-enabled":"default","ast-page-background-meta":{"desktop":{"background-color":"","background-image":"","background-repeat":"repeat","background-position":"center center","background-size":"auto","background-attachment":"scroll","background-type":"","background-media":"","overlay-type":"","overlay-color":"","overlay-opacity":"","overlay-gradient":""},"tablet":{"background-color":"","background-image":"","background-repeat":"repeat","background-position":"center center","background-size":"auto","background-attachment":"scroll","background-type":"","background-media":"","overlay-type":"","overlay-color":"","overlay-opacity":"","overlay-gradient":""},"mobile":{"background-color":"","background-image":"","background-repeat":"repeat","background-position":"center center","background-size":"auto","background-attachment":"scroll","background-type":"","background-media":"","overlay-type":"","overlay-color":"","overlay-opacity":"","overlay-gradient":""}},"ast-content-background-meta":{"desktop":{"background-color":"var(--ast-global-color-5)","background-image":"","background-repeat":"repeat","background-position":"center center","background-size":"auto","background-attachment":"scroll","background-type":"","background-media":"","overlay-type":"","overlay-color":"","overlay-opacity":"","overlay-gradient":""},"tablet":{"background-color":"var(--ast-global-color-5)","background-image":"","background-repeat":"repeat","background-position":"center center","background-size":"auto","background-attachment":"scroll","background-type":"","background-media":"","overlay-type":"","overlay-color":"","overlay-opacity":"","overlay-gradient":""},"mobile":{"background-color":"var(--ast-global-color-5)","background-image":"","background-repeat":"repeat","background-position":"center center","background-size":"auto","background-attachment":"scroll","background-type":"","background-media":"","overlay-type":"","overlay-color":"","overlay-opacity":"","overlay-gradient":""}},"footnotes":""},"class_list":["post-45","page","type-page","status-publish","has-post-thumbnail","hentry"],"acf":[],"_links":{"self":[{"href":"https:\/\/pillarscommunityhealth.org\/es\/wp-json\/wp\/v2\/pages\/45","targetHints":{"allow":["GET"]}}],"collection":[{"href":"https:\/\/pillarscommunityhealth.org\/es\/wp-json\/wp\/v2\/pages"}],"about":[{"href":"https:\/\/pillarscommunityhealth.org\/es\/wp-json\/wp\/v2\/types\/page"}],"author":[{"embeddable":true,"href":"https:\/\/pillarscommunityhealth.org\/es\/wp-json\/wp\/v2\/users\/1"}],"replies":[{"embeddable":true,"href":"https:\/\/pillarscommunityhealth.org\/es\/wp-json\/wp\/v2\/comments?post=45"}],"version-history":[{"count":3,"href":"https:\/\/pillarscommunityhealth.org\/es\/wp-json\/wp\/v2\/pages\/45\/revisions"}],"predecessor-version":[{"id":22521,"href":"https:\/\/pillarscommunityhealth.org\/es\/wp-json\/wp\/v2\/pages\/45\/revisions\/22521"}],"up":[{"embeddable":true,"href":"https:\/\/pillarscommunityhealth.org\/es\/wp-json\/wp\/v2\/pages\/43"}],"wp:featuredmedia":[{"embeddable":true,"href":"https:\/\/pillarscommunityhealth.org\/es\/wp-json\/wp\/v2\/media\/6477"}],"wp:attachment":[{"href":"https:\/\/pillarscommunityhealth.org\/es\/wp-json\/wp\/v2\/media?parent=45"}],"curies":[{"name":"wp","href":"https:\/\/api.w.org\/{rel}","templated":true}]}}