{"id":42,"date":"2018-09-12T21:53:53","date_gmt":"2018-09-13T02:53:53","guid":{"rendered":"https:\/\/pillarscommunityhealth.org\/contact-us\/"},"modified":"2025-08-12T14:12:55","modified_gmt":"2025-08-12T19:12:55","slug":"contact-us","status":"publish","type":"page","link":"https:\/\/pillarscommunityhealth.org\/es\/contacto\/","title":{"rendered":"Contacto"},"content":{"rendered":"<h1  data-animation-delay=\"\" data-animation-duration=\"1\">\n\t\t\tPonte en Contacto con Nosotros\t<\/h1>\n\t<p>Ponte en contacto con  Pillars Community Health hoy mismo si est\u00e1s en crisis, necesitas asistencia o tienes preguntas.<\/p>\n<ul>\n<li>N\u00famero principal\/l\u00ednea de crisis las 24 horas:<br \/>\n<a href=\"tel:1-708-745-5277\" target=\"_blank\" rel=\"noopener\"><strong>708-PILLARS<\/strong><\/a> (708-745-5277)<\/li>\n<li>L\u00ednea confidencial de violencia dom\u00e9stica las 24 horas:<br \/>\n<strong><a href=\"tel:1-708-485-5254\" target=\"_blank\" rel=\"noopener\">708-485-5254<\/a><\/strong><\/li>\n<li>L\u00ednea confidencial de asalto sexual las 24 horas:<br \/>\n<strong><a href=\"tel:1-708-482-9600\" target=\"_blank\" rel=\"noopener\">708-482-9600<\/a><\/strong><\/li>\n<\/ul>\n\t\t\t<a href=\"https:\/\/pillarscommunityhealth.org\/es\/donate\/\" title=\"Click Here\" target=\"_self\"   role=\"button\" aria-label=\"Dona Ahora\">\n\t\t\t\t\t\t\t\t<img decoding=\"async\" src=\"https:\/\/pillarscommunityhealth.org\/wp-content\/uploads\/2018\/11\/donate-icon-white.svg\"\/>\n\t\t\t\t\t\t\t\tDona Ahora\n\t\t<\/a>\n\t\t\t<a href=\"https:\/\/pillarscommunityhealth.org\/es\/services\/\" title=\"Click Here\" target=\"_self\"   role=\"button\" aria-label=\"Ver Servicios\">\n\t\t\t\t\t\t\t\t<img decoding=\"async\" src=\"https:\/\/pillarscommunityhealth.org\/wp-content\/uploads\/2018\/11\/view-services-icon-white.svg\"\/>\n\t\t\t\t\t\t\t\tVer Servicios\n\t\t<\/a>\n\t\t\t<a href=\"https:\/\/pillarscommunityhealth.org\/es\/events-and-training\/\" title=\"Click Here\" target=\"_self\"   role=\"button\" aria-label=\"Asiste a un Evento\">\n\t\t\t\t\t\t\t\t<img decoding=\"async\" src=\"https:\/\/pillarscommunityhealth.org\/wp-content\/uploads\/2018\/11\/attend-the-ball-icon-white.svg\"\/>\n\t\t\t\t\t\t\t\tAsiste a un Evento\n\t\t<\/a>\n<h2>\n\t\t\tN\u00famero principal\/l\u00ednea de crisis las 24 horas:\t<\/h2>\n\t\t\t<a href=\"tel:1-708-745-5277\" target=\"_blank\" rel=\"noopener nofollow\">\n\t\t\t\t\t\t\t708-PILLARS\n\t\t\t\t\t<\/a>\n\t(708-745-5277)<br \/>\nPonte en contacto con nuestro Equipo de Crisis si tienes pensamientos suicidas u homicidas, si est\u00e1s sintiendo agresi\u00f3n extrema hacia otros o si est\u00e1s lidiando con una p\u00e9rdida o divorcio o has perdido tu lugar de residencia.\n\t<p>Si es una emergencia (m\u00e9dica o emocional o de otro tipo), por favor llama a 911.<\/p>\n<h2>\n\t\t\tHaz clic aqu\u00ed para obtener mayor informaci\u00f3n sobre c\u00f3mo obtener acceso a nuestros servicios o para referir a alguien para tratamiento.\t<\/h2>\n\t\t\t<a href=\"https:\/\/pillarscommunityhealth.org\/es\/services\/preguntas-mas-frecuentes\/\" target=\"_self\">\n\t\t\t\t\t\t\tAprende m\u00e1s\n\t\t\t\t\t<\/a>\n<h2>\n\t\t<a href=\"tel:1-708-745-5277\" title=\"708-PILLARS\"  target=\"_blank\"  rel=\"noopener\">\n\t\t\t708-PILLARS\t\t<\/a>\n\t<\/h2>\n\t(708-745-5277)<br \/>\nN\u00famero principal\/l\u00ednea de crisis las 24 horas\n<h2>\n\t\t<a href=\"tel:1-708-485-5254\" title=\"708-485-5254\"  target=\"_blank\"  rel=\"noopener\">\n\t\t\t708-485-5254\t\t<\/a>\n\t<\/h2>\n\t<p>24-hour, con\ufb01dential domestic violence hotline<\/p>\n<h2>\n\t\t<a href=\"tel:1-708-482-9600\" title=\"708-482-9600\"  target=\"_blank\"  rel=\"noopener\">\n\t\t\t708-482-9600\t\t<\/a>\n\t<\/h2>\n\t<p>24-hour, con\ufb01dential sexual assault hotline<\/p>\n\t\t\n\t\t\t<p><em>N\u00famero de Fax: 708-698-5090<\/em><\/p>\n\t<p>Si es una emergencia (m\u00e9dica o emocional o de otro tipo), por favor llama a 911.<\/p>\n<h2>\n\t\t\tAcceso al Portal para Pacientes\t<\/h2>\n\t<p>Si eres un paciente m\u00e9dico o dental actual puedes inscribirte en nuestro portal para pacientes que te permitir\u00e1 programar citas, hacer preguntas al personal y proveedores de servicios y obtener materiales educativos.<\/p>\n\t\t\t<a href=\"https:\/\/mycw65.ecwcloud.com\/portal8440\/jsp\/100mp\/login_otp.jsp\" target=\"_blank\" rel=\"noopener nofollow\">\n\t\t\t\t\t\t\tInicia sesi\u00f3n ahora\n\t\t\t\t\t<\/a>\n<h2>\n\t\t\tLocales y Horarios\t<\/h2>\n\t\t\t\t<p><em>Los horarios de oficina var\u00edan de acuerdo al local. Para asistencia despu\u00e9s de horas h\u00e1biles, por favor llama al <strong><a href=\"tel:1-708-745-5277\" target=\"_blank\" rel=\"noopener\">708-PILLARS<\/a><\/strong> (708-745-5277). Si es una emergencia, llama al 911.<\/em><\/p>\n\t\t\t<a href=\"https:\/\/pillarscommunityhealth.org\/es\/sobre-nosotros\/locales\/\" target=\"_self\">\n\t\t\t\t\t\t\tTodas las Locales\n\t\t\t\t\t<\/a>\n<h2>\n\t\t\tDanos tu opini\u00f3n\t<\/h2>\n\t\t\t\t<p><em>Today some 60% of consumers look to Google for reviews before visiting a business. You can show your appreciation for our efforts and help other people find us by writing a Google or Facebook review. Here&#8217;s how:<\/em><\/p>\n<h2>\n\t\t\tGoogle\t<\/h2>\n\t<ol>\n<li>Escribe Pillars Community Health en Google Maps: <strong><a href=\"https:\/\/www.google.com\/maps\/place\/Pillars+Community+Health+-+Medical+Center\/@41.814404,-87.873551,17z\/data=!3m1!4b1!4m13!1m7!3m6!1s0x880e49f3963751c3:0xe55ba98c16c8d78!2s110+Calendar+Avenue,+La+Grange,+IL+60525!3b1!8m2!3d41.8144!4d-87.871357!3m4!1s0x880e4ecd0a13a9a3:0x102313f85f171842!8m2!3d41.8144!4d-87.8713569\" target=\"_blank\" rel=\"noopener\">Selecciona nuestro local en 110 Calendar Ave. (M\u00e9dico)<\/a><\/strong> o <strong><a href=\"https:\/\/www.google.com\/maps\/place\/Pillars+Community+Health+-+Dental+Center\/@41.8149808,-87.8733378,17z\/data=!4m13!1m7!3m6!1s0x880e49f38df41dd5:0x77e0af821203ee64!2s27+Calendar+Avenue,+La+Grange,+IL+60525!3b1!8m2!3d41.8149768!4d-87.8711438!3m4!1s0x880e4992869cc1ef:0xa3c1888cf2efd5a3!8m2!3d41.8149768!4d-87.8711438\" target=\"_blank\" rel=\"noopener\">27 Calendar Ave. (Dental)<\/a>.<\/strong><\/li>\n<li>Click &#8220;Write a Review.&#8221;<\/li>\n<li>Inicia una sesi\u00f3n utilizando tu direcci\u00f3n o cuenta de Google.<\/li>\n<li>\u00a1Escribe y publica tu opini\u00f3n!<\/li>\n<\/ol>\n<h2>\n\t\t\tFacebook\t<\/h2>\n\t<ol>\n<li>Iniciar una sesi\u00f3n<\/li>\n<li>Ve a <strong><a href=\"https:\/\/www.facebook.com\/PillarsCommunityHealth\" target=\"_blank\" rel=\"noopener\">Facebook.com\/PillarsCommunityHealth<\/a><\/strong>.<\/li>\n<li>On the left side (on a desktop) click &#8220;Reviews.&#8221;<\/li>\n<li>Where it says &#8220;Do you recommend Pillars Community Health?&#8221; click Yes and write your review.<\/li>\n<\/ol>\n<h2  data-animation-delay=\"0.1\" data-animation-duration=\"1\">\n\t\t\tMantente en Contacto con Nuestra Comunidad\t<\/h2>\n\t<p>Es un placer tener la oportunidad de mantenerte al d\u00eda con las noticias y oportunidades de Pillars Community Health. Para recibir correos electr\u00f3nicos con noticias actuales, inscr\u00edbete a continuaci\u00f3n.<\/p>\n<h3>\n\t\t\tFormulario de Contacto\t<\/h3>\n\t\t\t\t<p><em>Para solicitudes de prensa, cometarios sobre la p\u00e1gina de internet u otras preguntas llama al <strong><a href=\"tel:1-708-745-5277\" target=\"_blank\" rel=\"noopener\">708-PILLARS<\/a><\/strong> (708-745-5277) o utiliza este formulario para compartir informaci\u00f3n:<\/em><\/p>","protected":false},"excerpt":{"rendered":"<p>Contact Us Contact Pillars Community Health today if you are in crisis, seeking assistance, or have questions. Main number\/24-hour crisis line: 708-PILLARS (708-745-5277) 24-hour, confidential domestic violence hotline: 708-485-5254 24-hour, [&hellip;]<\/p>\n","protected":false},"author":1,"featured_media":6397,"parent":0,"menu_order":16,"comment_status":"closed","ping_status":"closed","template":"","meta":{"_acf_changed":false,"_seopress_robots_primary_cat":"","_seopress_titles_title":"Contact Pillars Community Health","_seopress_titles_desc":"Contact Pillars Community Health today if you are in a behavioral health crisis, seeking medical or dental care, mental health services, help for domestic violence & sexual violence, or have questions.","_seopress_robots_index":"","_relevanssi_hide_post":"","_relevanssi_hide_content":"","_relevanssi_pin_for_all":"","_relevanssi_pin_keywords":"","_relevanssi_unpin_keywords":"","_relevanssi_related_keywords":"","_relevanssi_related_include_ids":"","_relevanssi_related_exclude_ids":"","_relevanssi_related_no_append":"","_relevanssi_related_not_related":"","_relevanssi_related_posts":"","_relevanssi_noindex_reason":"","site-sidebar-layout":"no-sidebar","site-content-layout":"page-builder","ast-site-content-layout":"full-width-container","site-content-style":"unboxed","site-sidebar-style":"unboxed","ast-global-header-display":"","ast-banner-title-visibility":"","ast-main-header-display":"","ast-hfb-above-header-display":"","ast-hfb-below-header-display":"","ast-hfb-mobile-header-display":"","site-post-title":"disabled","ast-breadcrumbs-content":"","ast-featured-img":"disabled","footer-sml-layout":"","theme-transparent-header-meta":"default","adv-header-id-meta":"","stick-header-meta":"","header-above-stick-meta":"","header-main-stick-meta":"","header-below-stick-meta":"","astra-migrate-meta-layouts":"set","ast-page-background-enabled":"default","ast-page-background-meta":{"desktop":{"background-color":"","background-image":"","background-repeat":"repeat","background-position":"center center","background-size":"auto","background-attachment":"scroll","background-type":"","background-media":"","overlay-type":"","overlay-color":"","overlay-opacity":"","overlay-gradient":""},"tablet":{"background-color":"","background-image":"","background-repeat":"repeat","background-position":"center center","background-size":"auto","background-attachment":"scroll","background-type":"","background-media":"","overlay-type":"","overlay-color":"","overlay-opacity":"","overlay-gradient":""},"mobile":{"background-color":"","background-image":"","background-repeat":"repeat","background-position":"center center","background-size":"auto","background-attachment":"scroll","background-type":"","background-media":"","overlay-type":"","overlay-color":"","overlay-opacity":"","overlay-gradient":""}},"ast-content-background-meta":{"desktop":{"background-color":"var(--ast-global-color-5)","background-image":"","background-repeat":"repeat","background-position":"center center","background-size":"auto","background-attachment":"scroll","background-type":"","background-media":"","overlay-type":"","overlay-color":"","overlay-opacity":"","overlay-gradient":""},"tablet":{"background-color":"var(--ast-global-color-5)","background-image":"","background-repeat":"repeat","background-position":"center center","background-size":"auto","background-attachment":"scroll","background-type":"","background-media":"","overlay-type":"","overlay-color":"","overlay-opacity":"","overlay-gradient":""},"mobile":{"background-color":"var(--ast-global-color-5)","background-image":"","background-repeat":"repeat","background-position":"center center","background-size":"auto","background-attachment":"scroll","background-type":"","background-media":"","overlay-type":"","overlay-color":"","overlay-opacity":"","overlay-gradient":""}},"footnotes":""},"class_list":["post-42","page","type-page","status-publish","has-post-thumbnail","hentry"],"acf":[],"_links":{"self":[{"href":"https:\/\/pillarscommunityhealth.org\/es\/wp-json\/wp\/v2\/pages\/42","targetHints":{"allow":["GET"]}}],"collection":[{"href":"https:\/\/pillarscommunityhealth.org\/es\/wp-json\/wp\/v2\/pages"}],"about":[{"href":"https:\/\/pillarscommunityhealth.org\/es\/wp-json\/wp\/v2\/types\/page"}],"author":[{"embeddable":true,"href":"https:\/\/pillarscommunityhealth.org\/es\/wp-json\/wp\/v2\/users\/1"}],"replies":[{"embeddable":true,"href":"https:\/\/pillarscommunityhealth.org\/es\/wp-json\/wp\/v2\/comments?post=42"}],"version-history":[{"count":3,"href":"https:\/\/pillarscommunityhealth.org\/es\/wp-json\/wp\/v2\/pages\/42\/revisions"}],"predecessor-version":[{"id":22701,"href":"https:\/\/pillarscommunityhealth.org\/es\/wp-json\/wp\/v2\/pages\/42\/revisions\/22701"}],"wp:featuredmedia":[{"embeddable":true,"href":"https:\/\/pillarscommunityhealth.org\/es\/wp-json\/wp\/v2\/media\/6397"}],"wp:attachment":[{"href":"https:\/\/pillarscommunityhealth.org\/es\/wp-json\/wp\/v2\/media?parent=42"}],"curies":[{"name":"wp","href":"https:\/\/api.w.org\/{rel}","templated":true}]}}