{"id":41,"date":"2018-09-12T21:53:53","date_gmt":"2018-09-13T02:53:53","guid":{"rendered":"https:\/\/pillarscommunityhealth.org\/locations\/"},"modified":"2025-10-14T17:04:04","modified_gmt":"2025-10-14T22:04:04","slug":"locations","status":"publish","type":"page","link":"https:\/\/pillarscommunityhealth.org\/es\/sobre-nosotros\/locales\/","title":{"rendered":"Locales"},"content":{"rendered":"<h1  data-animation-delay=\"\" data-animation-duration=\"1\">\n\t\t\tOur Locations\t<\/h1>\n\t<p>Pillars Community Health ofrece servicios en distintos locales de tu comunidad. Muchos de nuestros servicios se ofrecen en lugares de la comunitarios, como escuelas y hogares.<\/p>\n\t\t\t<a href=\"https:\/\/pillarscommunityhealth.org\/es\/donate\/\" title=\"Click Here\" target=\"_self\"   role=\"button\" aria-label=\"Dona Ahora\">\n\t\t\t\t\t\t\t\t<img decoding=\"async\" src=\"https:\/\/pillarscommunityhealth.org\/wp-content\/uploads\/2018\/11\/donate-icon-white.svg\"\/>\n\t\t\t\t\t\t\t\tDona Ahora\n\t\t<\/a>\n\t\t\t<a href=\"https:\/\/pillarscommunityhealth.org\/es\/services\/\" title=\"Click Here\" target=\"_self\"   role=\"button\" aria-label=\"Ver Servicios\">\n\t\t\t\t\t\t\t\t<img decoding=\"async\" src=\"https:\/\/pillarscommunityhealth.org\/wp-content\/uploads\/2018\/11\/view-services-icon-white.svg\"\/>\n\t\t\t\t\t\t\t\tVer Servicios\n\t\t<\/a>\n\t\t\t<a href=\"https:\/\/pillarscommunityhealth.org\/es\/special-events\/\" title=\"Click Here\" target=\"_self\"   role=\"button\" aria-label=\"Asiste a un Evento\">\n\t\t\t\t\t\t\t\t<img decoding=\"async\" src=\"https:\/\/pillarscommunityhealth.org\/wp-content\/uploads\/2018\/11\/attend-the-ball-icon-white.svg\"\/>\n\t\t\t\t\t\t\t\tAsiste a un Evento\n\t\t<\/a>\n\t<p>Pillars Community Health sirve a una variedad de comunidades en los suburibios del este y suroeste de Chicago, incluyendo Argo, Bellwood, Chicago\/Bedford Park, Berwyn, Bridgeview, Broadview, Brookfield, Burbank, Burr Ridge, Cicero, Clarendon Hills, Countryside, Darien, Hickory Hills, Hinsdale, Hodgkins, Indian Head Park, Justice, La Grange, La Grange Park, Lyons, Maywood, McCook, North Riverside, Oak Brook, Oak Park, River Forest, Riverside, Stickney, Summit, Westchester, Western Springs, Westmont, Willow Springs, Willowbrook, y en el vecindario de Chicago Midway.<\/p>\n<p>Mientras que nuestros servicios primarios est\u00e1n enfocados en las comunidades mencionadas anteriormente, algunos de nuestros servicios no tienen restricciones geogr\u00e1ficas y est\u00e1n abiertos a cualquier persona que re\u00fana los requisitos para participar en el programa y desee viajar a nuestras oficinas para recibir servicios.<\/p>\n<p>La mayor\u00eda de los servicios se ofrecen en varios locales. Si tienes preguntas o deseas mayor informaci\u00f3n sobre que local visitar para obtener alg\u00fan servicio en particular, por favor ll\u00e1manos al <a href=\"tel:1-708-745-5277\" target=\"_blank\" rel=\"noopener\"><strong>708-PILLARS<\/strong><\/a> (708-745-5277).<\/p>\n<h2>\n\t\t\tNuestros Locales\t<\/h2>\n<h2>\n\t\t\tOficinas Administrativas\t<\/h2>\n\t<a href=\"https:\/\/pillarscommunityhealth.org\/es\/sobre-nosotros\/locales\/medico\/\"><em><strong>Oficina Central\u2028<\/strong><\/em><\/a><br \/>\n5220 East Avenue<br \/>\nCountryside, IL 60525\n<h2>\n\t\t\tCommunity Health Center Locations\t<\/h2>\n\t<strong><em><a href=\"https:\/\/pillarscommunityhealth.org\/es\/sobre-nosotros\/locales\/medico\/\">La Grange Rd.<\/a> &#8211;\u00a0Now Open<\/em><\/strong><br \/>\n321 N. La Grange Rd.<br \/>\nLa Grange Park, IL 60526\n<a href=\"https:\/\/beds-plus.org\/how-we-help\/summit-service-center\/\"><em><strong>BEDS Plus Linda Sokol Francis Summit Service Center<\/strong><\/em><\/a><br \/>\n7666 W. 63rd Street<br \/>\nSummit, IL 60501\n<h2>\n\t\t\tLocales de Servicios para la Salud del Comportamiento y Otros Servicios\t<\/h2>\n\t<a href=\"https:\/\/pillarscommunityhealth.org\/es\/sobre-nosotros\/locales\/medico\/\"><strong><em>The Fillmore Center<\/em><\/strong><\/a><br \/>\n6918 Windsor Avenue<br \/>\nBerwyn, IL 60402\n<a href=\"https:\/\/pillarscommunityhealth.org\/es\/sobre-nosotros\/locales\/medico\/\"><strong><em>Carl Bartolucci Center<\/em><\/strong><\/a><br \/>\n6415 Stanley Avenue<br \/>\nBerwyn, IL 60402\n<a href=\"https:\/\/pillarscommunityhealth.org\/es\/sobre-nosotros\/locales\/medico\/\"><em><strong>8020 West 87th Street<\/strong><\/em><\/a><br \/>\nHickory Hills, IL 60457\n<strong><a href=\"https:\/\/pillarscommunityhealth.org\/es\/services\/servicios-para-la-salud-del-comportamiento-y-de-apoyo\/the-loft-at-eight-corners\/\">The Loft at Eight Corners &#8211; In Collaboration with NAMI Metro Suburban<\/a><\/strong><br \/>\n9049 Monroe Ave, Brookfield, IL 60513<br \/>\n<em><a href=\"tel:7088833300\">(708) 883-3300<\/a><br \/>\n<a href=\"http:\/\/loft8corners.org\">loft8corners.org<\/a><\/em>\n<h2>\n\t\t\tDomestic Violence Shelter\t<\/h2>\n\t<a href=\"https:\/\/pillarscommunityhealth.org\/es\/services\/servicios-de-violencia-domestica-y-sexual\/volencia-domestica-constance-morris-house\/\"><strong><em>Constance Morris House<\/em><\/strong><\/a><br \/>\n327 Bluff Ave<br \/>\nLa Grange, IL 60525\n<h2>\n\t\t\tContact Pillars Community Health today:\t<\/h2>\n\t\t\t<a href=\"tel:1-708-745-5277\" target=\"_blank\" rel=\"noopener nofollow\">\n\t\t\t\t\t\t\t708-PILLARS\n\t\t\t\t\t<\/a>\n<h2>\n\t\t\tPillars Community Health en la Comunidad\t<\/h2>\n\t<p>Pillars Community Health tiene relaciones formales e informales con grupos comunitarios, agencias de servicios sociales, hospital, fuerzas policiales y escuelas en las comunidades a las que servimos. Tenemos acuerdos formales para colaborar y brindar servicios en las siguientes ubicaciones:<\/p>\n<strong><a href=\"https:\/\/www.argohs.net\/\">Argo Community High School<\/a><\/strong><br \/>\nWe partner with the school and provide behavioral and mental health services to students and families.<br \/>\n7329 W 63rd St<br \/>\nSummit, IL 60501\n<a href=\"https:\/\/beds-plus.org\/how-we-help\/summit-service-center\/\"><strong>BEDS Plus Summit Service Center<\/strong><\/a><br \/>\nOnsite access to medical and behavioral health services for individuals experiencing homelessness in need of respite care is provided in partnership with AdventHealth and BEDS Plus.<br \/>\n7666 W. 63rd St.<br \/>\nSummit, IL 60501\n<a href=\"https:\/\/www.rbhs208.net\/\" target=\"_blank\" rel=\"noopener\"><strong>Riverside Brookfield High School<\/strong><\/a><br \/>\nColaboramos con la escuela y la Junta Directiva para la Salud Mental de Riverside, ofreciendo servicios para la salud del comportamiento a estudiantes y familias.<br \/>\n160 Ridgewood Rd<br \/>\nRiverside, IL 60546\n<a href=\"https:\/\/www.stmaryriverside.org\/school\" target=\"_blank\" rel=\"noopener\"><strong>St. Mary School<\/strong><\/a><br \/>\nEn conjunto con la escuela, proporcionamos servicios para la salud del comportamiento a estudiantes y familias.<br \/>\n97 Herrick Rd.<br \/>\nRiverside, IL 60546","protected":false},"excerpt":{"rendered":"<p>Our Locations Pillars Community Health provides services at sites local to your community. Many of our services are also provided in community settings such as schools or homes. Donate Now [&hellip;]<\/p>\n","protected":false},"author":1,"featured_media":6852,"parent":35,"menu_order":5,"comment_status":"closed","ping_status":"closed","template":"","meta":{"_acf_changed":false,"_seopress_robots_primary_cat":"","_seopress_titles_title":"Pillars Community Health Locations","_seopress_titles_desc":"Pillars Community Health locations provide services in the western suburbs of Chicago. Find accessible care near you.","_seopress_robots_index":"","_relevanssi_hide_post":"","_relevanssi_hide_content":"","_relevanssi_pin_for_all":"","_relevanssi_pin_keywords":"","_relevanssi_unpin_keywords":"","_relevanssi_related_keywords":"","_relevanssi_related_include_ids":"","_relevanssi_related_exclude_ids":"","_relevanssi_related_no_append":"","_relevanssi_related_not_related":"","_relevanssi_related_posts":"","_relevanssi_noindex_reason":"","site-sidebar-layout":"no-sidebar","site-content-layout":"page-builder","ast-site-content-layout":"full-width-container","site-content-style":"unboxed","site-sidebar-style":"unboxed","ast-global-header-display":"","ast-banner-title-visibility":"","ast-main-header-display":"","ast-hfb-above-header-display":"","ast-hfb-below-header-display":"","ast-hfb-mobile-header-display":"","site-post-title":"disabled","ast-breadcrumbs-content":"","ast-featured-img":"disabled","footer-sml-layout":"","theme-transparent-header-meta":"default","adv-header-id-meta":"","stick-header-meta":"","header-above-stick-meta":"","header-main-stick-meta":"","header-below-stick-meta":"","astra-migrate-meta-layouts":"set","ast-page-background-enabled":"default","ast-page-background-meta":{"desktop":{"background-color":"","background-image":"","background-repeat":"repeat","background-position":"center center","background-size":"auto","background-attachment":"scroll","background-type":"","background-media":"","overlay-type":"","overlay-color":"","overlay-opacity":"","overlay-gradient":""},"tablet":{"background-color":"","background-image":"","background-repeat":"repeat","background-position":"center center","background-size":"auto","background-attachment":"scroll","background-type":"","background-media":"","overlay-type":"","overlay-color":"","overlay-opacity":"","overlay-gradient":""},"mobile":{"background-color":"","background-image":"","background-repeat":"repeat","background-position":"center center","background-size":"auto","background-attachment":"scroll","background-type":"","background-media":"","overlay-type":"","overlay-color":"","overlay-opacity":"","overlay-gradient":""}},"ast-content-background-meta":{"desktop":{"background-color":"var(--ast-global-color-5)","background-image":"","background-repeat":"repeat","background-position":"center center","background-size":"auto","background-attachment":"scroll","background-type":"","background-media":"","overlay-type":"","overlay-color":"","overlay-opacity":"","overlay-gradient":""},"tablet":{"background-color":"var(--ast-global-color-5)","background-image":"","background-repeat":"repeat","background-position":"center center","background-size":"auto","background-attachment":"scroll","background-type":"","background-media":"","overlay-type":"","overlay-color":"","overlay-opacity":"","overlay-gradient":""},"mobile":{"background-color":"var(--ast-global-color-5)","background-image":"","background-repeat":"repeat","background-position":"center center","background-size":"auto","background-attachment":"scroll","background-type":"","background-media":"","overlay-type":"","overlay-color":"","overlay-opacity":"","overlay-gradient":""}},"footnotes":""},"class_list":["post-41","page","type-page","status-publish","has-post-thumbnail","hentry"],"acf":[],"_links":{"self":[{"href":"https:\/\/pillarscommunityhealth.org\/es\/wp-json\/wp\/v2\/pages\/41","targetHints":{"allow":["GET"]}}],"collection":[{"href":"https:\/\/pillarscommunityhealth.org\/es\/wp-json\/wp\/v2\/pages"}],"about":[{"href":"https:\/\/pillarscommunityhealth.org\/es\/wp-json\/wp\/v2\/types\/page"}],"author":[{"embeddable":true,"href":"https:\/\/pillarscommunityhealth.org\/es\/wp-json\/wp\/v2\/users\/1"}],"replies":[{"embeddable":true,"href":"https:\/\/pillarscommunityhealth.org\/es\/wp-json\/wp\/v2\/comments?post=41"}],"version-history":[{"count":3,"href":"https:\/\/pillarscommunityhealth.org\/es\/wp-json\/wp\/v2\/pages\/41\/revisions"}],"predecessor-version":[{"id":22960,"href":"https:\/\/pillarscommunityhealth.org\/es\/wp-json\/wp\/v2\/pages\/41\/revisions\/22960"}],"up":[{"embeddable":true,"href":"https:\/\/pillarscommunityhealth.org\/es\/wp-json\/wp\/v2\/pages\/35"}],"wp:featuredmedia":[{"embeddable":true,"href":"https:\/\/pillarscommunityhealth.org\/es\/wp-json\/wp\/v2\/media\/6852"}],"wp:attachment":[{"href":"https:\/\/pillarscommunityhealth.org\/es\/wp-json\/wp\/v2\/media?parent=41"}],"curies":[{"name":"wp","href":"https:\/\/api.w.org\/{rel}","templated":true}]}}