{"id":40,"date":"2018-09-12T21:53:53","date_gmt":"2018-09-13T02:53:53","guid":{"rendered":"https:\/\/pillarscommunityhealth.org\/payment-and-insurance\/"},"modified":"2025-07-02T13:20:24","modified_gmt":"2025-07-02T18:20:24","slug":"payment-and-insurance","status":"publish","type":"page","link":"https:\/\/pillarscommunityhealth.org\/es\/sobre-nosotros\/pagos-y-seguros\/","title":{"rendered":"Pagos y Seguros"},"content":{"rendered":"<h1  data-animation-delay=\"\" data-animation-duration=\"1\">\n\t\t\tUnderstanding Your Payment and Insurance Options\t<\/h1>\n\t<p>Inf\u00f3rmate sobre los m\u00e9todos de pago que aceptamos por nuestros servicios.<\/p>\n\t\t\t<a href=\"https:\/\/pillarscommunityhealth.org\/es\/contacto\/\" title=\"Click Here\" target=\"_self\"   role=\"button\" aria-label=\"Contacto\">\n\t\t\t\t\t\t\t\t<img decoding=\"async\" src=\"https:\/\/pillarscommunityhealth.org\/wp-content\/uploads\/2018\/11\/contact-icon-white-1.svg\"\/>\n\t\t\t\t\t\t\t\tContacto\n\t\t<\/a>\n\t\t\t<a href=\"https:\/\/pillarscommunityhealth.org\/es\/recursos-y-apoyo\/blog\/\" title=\"Click Here\" target=\"_self\"   role=\"button\" aria-label=\"Blog\">\n\t\t\t\t\t\t\t\t<img decoding=\"async\" src=\"https:\/\/pillarscommunityhealth.org\/wp-content\/uploads\/2018\/11\/blog-icon-white.svg\"\/>\n\t\t\t\t\t\t\t\tBlog\n\t\t<\/a>\n\t\t\t<a href=\"https:\/\/pillarscommunityhealth.org\/es\/services\/\" title=\"Click Here\" target=\"_self\"   role=\"button\" aria-label=\"Ver Servicios\">\n\t\t\t\t\t\t\t\t<img decoding=\"async\" src=\"https:\/\/pillarscommunityhealth.org\/wp-content\/uploads\/2018\/11\/view-services-icon-white.svg\"\/>\n\t\t\t\t\t\t\t\tVer Servicios\n\t\t<\/a>\n\t<p>Many services at Pillars Community Health are provided free of charge, including services at our domestic violence shelter Constance Morris House, Sexual Assault Services, and our Buddy&#8217;s Place childhood bereavement support program.<\/p>\n<p>For services that require a fee, Pillars Community Health takes some private insurance as well as Medicaid and self-pay. Some services are offered on a sliding fee scale (payment based on income). Clients are not turned away if they do not have insurance and cannot pay.<\/p>\n<p class=\"translation-block\"><a href=\"https:\/\/pillarscommunityhealth.org\/es\/sobre-nosotros\/pagos-y-seguros\/metodos-de-pago-para-servicio-medico-y-dental\/\" target=\"_self\"><strong>Haz clic aqu\u00ed<\/strong><\/a> para obtener mayor informaci\u00f3n sobre m\u00e9todos de pago aceptados en nuestro Centro de Salud Comunitaria enter (M\u00e9dico y Dental).<\/p>\n<p class=\"translation-block\"><a href=\"https:\/\/pillarscommunityhealth.org\/es\/sobre-nosotros\/pagos-y-seguros\/metodos-de-pago-por-servicios-para-la-salud-del-comportamiento\/\" target=\"_self\"><strong>Haz clic aqu\u00ed<\/strong><\/a> para obtener mayor informaci\u00f3n sobre m\u00e9todos de pago aceptados por los Servicios para la Salud del Comportamiento.<\/p>\n<p><strong>Nota<\/strong>: These pages contain information about the plans we have contracts with, but we may or may not be in-network with your plan. Please check with your plan provider to confirm we are in your specific plan&#8217;s network.<\/p>\n<h2>\n\t\t\tLooking for help from our Benefits &#038; Enrollment team? Call:\t<\/h2>\n\t\t\t<a href=\"tel:1-708-745-5277\" target=\"_blank\" rel=\"noopener nofollow\">\n\t\t\t\t\t\t\t708-PILLARS\n\t\t\t\t\t<\/a>\n\t(708-745-5277)<br \/>\nand ask for Benefits &amp; Enrollment to schedule an enrollment session today or to discuss your possible benefits you&#8217;re eligible for or payment options, including payment plans or SNAP enrollment.\n<p><a href=\"https:\/\/pillarscommunityhealth.org\/es\/services\/servicios-del-centro-de-salud-comunitaria\/beneficios-e-inscripcion\/\"><strong>Haz clic aqu\u00ed<\/strong><\/a> para obtener mayor informaci\u00f3n sobre nuestro equipo de Beneficios e Inscripci\u00f3n.<\/p>\n<h2>\n\t\t\tEscala Variable\t<\/h2>\n\t<p>Ofrecemos un programa des escala variable para aquellos que no tengan seguro, tengan seguro insuficiente y\/o provengan de un hogar de bajos recursos. A los pacientes que califiquen se les cobra en base a una escala variable, la cual est\u00e1 basada en el n\u00famero de personas en la familia y los ingresos del hogar.<\/p>\n<p>Para calificar, se les pedir\u00e1 a los pacientes comprobante de identidad, comprobante del tama\u00f1o de la familia y comprobantes de ingresos, dependiendo del programa.<\/p>\n<ul>\n<li><strong>Identificaci\u00f3n<\/strong> may include State Driver&#8217;s License or ID Card, Matricula Consular de Alta Seguridad (Identification card issued by the Government of Mexico), Passport, or similar identification from other countries of origin.<\/li>\n<li><strong>Tama\u00f1o de la familia<\/strong> incluye hijos dependientes hasta lo 18 a\u00f1os, esposo(a) o pareja, hijos hasta los 26 a\u00f1os que asisten a la Universidad o individuos mayores de 18 a\u00f1os para los cuales el solicitante tenga responsabilidad legal de mantenci\u00f3n y que vivan en el hogar. Documentos judiciales y expedientes escolares se requieren para mayores de 18 a\u00f1os que no sean el solicitante.<\/li>\n<li><strong>Comprobante de Ingresos<\/strong>Es posible que te pidamos que muestres comprobantes de ingresos para las personas que viven en tu casa y\/o declaraciones de impuestos de personas que viven contigo, que no est\u00e9n incluidos(as) en tu declaraci\u00f3n de impuestos.<\/li>\n<\/ul>\n<p>A\u00fan cuando tengas seguro m\u00e9dico, es posible que podamos utilizar la escala variable para cubrir tu copago y deducible, as\u00ed como hacia servicios que nos est\u00e9n cubiertos por tu seguro. Los pagos que te correspondan deben hacerse a la hora de tu cita.<\/p>\n<p><a href=\"https:\/\/pillarscommunityhealth.org\/wp-content\/uploads\/2025\/07\/11.-FY26-Health-Center-Sliding-scale-approved.pdf\"><strong>Federally Qualified Health Center Sliding Scale<\/strong><\/a><\/p>\n<p><a href=\"https:\/\/pillarscommunityhealth.org\/wp-content\/uploads\/2025\/07\/10.-FY26-CCBHC-CMHC-and-SUD-Sliding-scale-signed.pdf\"><strong>Community Mental Health Center Sliding Scale<\/strong><\/a><\/p>","protected":false},"excerpt":{"rendered":"<p>Understanding Your Payment and Insurance Options Learn about payment methods accepted for our services. Contact Blog View Services Many services at Pillars Community Health are provided free of charge, including [&hellip;]<\/p>\n","protected":false},"author":1,"featured_media":6844,"parent":35,"menu_order":4,"comment_status":"closed","ping_status":"closed","template":"","meta":{"_acf_changed":false,"_seopress_robots_primary_cat":"","_seopress_titles_title":"Payment and Insurance Options at Pillars Community Health","_seopress_titles_desc":"Learn about option for paying for care at Pillars Community Health, including the sliding fee scale, private insurance, Medicaid, and self-pay.","_seopress_robots_index":"","_seopress_analysis_target_kw":"","_relevanssi_hide_post":"","_relevanssi_hide_content":"","_relevanssi_pin_for_all":"","_relevanssi_pin_keywords":"","_relevanssi_unpin_keywords":"","_relevanssi_related_keywords":"","_relevanssi_related_include_ids":"","_relevanssi_related_exclude_ids":"","_relevanssi_related_no_append":"","_relevanssi_related_not_related":"","_relevanssi_related_posts":"","_relevanssi_noindex_reason":"","site-sidebar-layout":"no-sidebar","site-content-layout":"page-builder","ast-site-content-layout":"full-width-container","site-content-style":"unboxed","site-sidebar-style":"unboxed","ast-global-header-display":"","ast-banner-title-visibility":"","ast-main-header-display":"","ast-hfb-above-header-display":"","ast-hfb-below-header-display":"","ast-hfb-mobile-header-display":"","site-post-title":"disabled","ast-breadcrumbs-content":"","ast-featured-img":"disabled","footer-sml-layout":"","theme-transparent-header-meta":"default","adv-header-id-meta":"","stick-header-meta":"","header-above-stick-meta":"","header-main-stick-meta":"","header-below-stick-meta":"","astra-migrate-meta-layouts":"set","ast-page-background-enabled":"default","ast-page-background-meta":{"desktop":{"background-color":"","background-image":"","background-repeat":"repeat","background-position":"center center","background-size":"auto","background-attachment":"scroll","background-type":"","background-media":"","overlay-type":"","overlay-color":"","overlay-opacity":"","overlay-gradient":""},"tablet":{"background-color":"","background-image":"","background-repeat":"repeat","background-position":"center center","background-size":"auto","background-attachment":"scroll","background-type":"","background-media":"","overlay-type":"","overlay-color":"","overlay-opacity":"","overlay-gradient":""},"mobile":{"background-color":"","background-image":"","background-repeat":"repeat","background-position":"center center","background-size":"auto","background-attachment":"scroll","background-type":"","background-media":"","overlay-type":"","overlay-color":"","overlay-opacity":"","overlay-gradient":""}},"ast-content-background-meta":{"desktop":{"background-color":"var(--ast-global-color-5)","background-image":"","background-repeat":"repeat","background-position":"center center","background-size":"auto","background-attachment":"scroll","background-type":"","background-media":"","overlay-type":"","overlay-color":"","overlay-opacity":"","overlay-gradient":""},"tablet":{"background-color":"var(--ast-global-color-5)","background-image":"","background-repeat":"repeat","background-position":"center center","background-size":"auto","background-attachment":"scroll","background-type":"","background-media":"","overlay-type":"","overlay-color":"","overlay-opacity":"","overlay-gradient":""},"mobile":{"background-color":"var(--ast-global-color-5)","background-image":"","background-repeat":"repeat","background-position":"center center","background-size":"auto","background-attachment":"scroll","background-type":"","background-media":"","overlay-type":"","overlay-color":"","overlay-opacity":"","overlay-gradient":""}},"footnotes":""},"class_list":["post-40","page","type-page","status-publish","has-post-thumbnail","hentry"],"acf":[],"_links":{"self":[{"href":"https:\/\/pillarscommunityhealth.org\/es\/wp-json\/wp\/v2\/pages\/40","targetHints":{"allow":["GET"]}}],"collection":[{"href":"https:\/\/pillarscommunityhealth.org\/es\/wp-json\/wp\/v2\/pages"}],"about":[{"href":"https:\/\/pillarscommunityhealth.org\/es\/wp-json\/wp\/v2\/types\/page"}],"author":[{"embeddable":true,"href":"https:\/\/pillarscommunityhealth.org\/es\/wp-json\/wp\/v2\/users\/1"}],"replies":[{"embeddable":true,"href":"https:\/\/pillarscommunityhealth.org\/es\/wp-json\/wp\/v2\/comments?post=40"}],"version-history":[{"count":3,"href":"https:\/\/pillarscommunityhealth.org\/es\/wp-json\/wp\/v2\/pages\/40\/revisions"}],"predecessor-version":[{"id":22486,"href":"https:\/\/pillarscommunityhealth.org\/es\/wp-json\/wp\/v2\/pages\/40\/revisions\/22486"}],"up":[{"embeddable":true,"href":"https:\/\/pillarscommunityhealth.org\/es\/wp-json\/wp\/v2\/pages\/35"}],"wp:featuredmedia":[{"embeddable":true,"href":"https:\/\/pillarscommunityhealth.org\/es\/wp-json\/wp\/v2\/media\/6844"}],"wp:attachment":[{"href":"https:\/\/pillarscommunityhealth.org\/es\/wp-json\/wp\/v2\/media?parent=40"}],"curies":[{"name":"wp","href":"https:\/\/api.w.org\/{rel}","templated":true}]}}