{"id":39,"date":"2018-09-12T21:53:53","date_gmt":"2018-09-13T02:53:53","guid":{"rendered":"https:\/\/pillarscommunityhealth.org\/financial-information\/"},"modified":"2026-04-08T11:26:08","modified_gmt":"2026-04-08T16:26:08","slug":"financial-information","status":"publish","type":"page","link":"https:\/\/pillarscommunityhealth.org\/es\/sobre-nosotros\/manejo-financiero\/","title":{"rendered":"Manejo Financiero"},"content":{"rendered":"<h1  data-animation-delay=\"\" data-animation-duration=\"1\">\n\t\t\tManejo Financiero\t<\/h1>\n\t<p>Pillars Community Health es una organizaci\u00f3n 501(c)3 sin fines de lucro. Recibimos fondos de una variedad de fuentes, incluyendo subvenios del gobiernos federal de El Centro de Salud Comunitaria y Head Start, as\u00ed como otros fondos del gobierno federal, estatal y local; fondos de fundaciones; y generosos donativos de individuos, corporaciones y grupos  comunitarios.<\/p>\n\t\t\t<a href=\"https:\/\/pillarscommunityhealth.org\/es\/contacto\/\" title=\"Contacto\" target=\"_self\"   role=\"button\" aria-label=\"Contacto\">\n\t\t\t\t\t\t\t\t<img decoding=\"async\" src=\"https:\/\/pillarscommunityhealth.org\/wp-content\/uploads\/2018\/11\/contact-icon-white-1.svg\"\/>\n\t\t\t\t\t\t\t\tContacto\n\t\t<\/a>\n\t\t\t<a href=\"https:\/\/pillarscommunityhealth.org\/es\/recursos-y-apoyo\/blog\/\" title=\"Blog\" target=\"_self\"   role=\"button\" aria-label=\"Blog\">\n\t\t\t\t\t\t\t\t<img decoding=\"async\" src=\"https:\/\/pillarscommunityhealth.org\/wp-content\/uploads\/2018\/11\/blog-icon-white.svg\"\/>\n\t\t\t\t\t\t\t\tBlog\n\t\t<\/a>\n\t\t\t<a href=\"https:\/\/pillarscommunityhealth.org\/es\/sobre-nosotros\/pagos-y-seguros\/\" title=\"Pagos por visita\" target=\"_self\"   role=\"button\" aria-label=\"Pagos por visita\">\n\t\t\t\t\t\t\t\t<img decoding=\"async\" src=\"https:\/\/pillarscommunityhealth.org\/wp-content\/uploads\/2018\/11\/paying-for-visit-icon-white.svg\"\/>\n\t\t\t\t\t\t\t\tPagos por visita\n\t\t<\/a>\n\t<p>Pillars Community Health es el resultado de la uni\u00f3n, en enero el 2018, entre  Pillars y Community Nurse Health Center. Obtenga m\u00e1s informaci\u00f3n sobre nuestras finanzas y \u00e9xitos anuales en los siguientes documentos.<\/p>\n<ul>\n<li><a href=\"https:\/\/pillarscommunityhealth.org\/wp-content\/uploads\/2026\/04\/PCH-FY25-FS-Report.pdf\"><strong>Audited Financial Statements (FY25)<\/strong><\/a><\/li>\n<li><a href=\"https:\/\/pillarscommunityhealth.org\/wp-content\/uploads\/2025\/01\/PCH-FY24-Financial-Statements-Final.pdf\"><strong>Audited Financial Statements (FY24)<\/strong><\/a><\/li>\n<li><strong><a href=\"https:\/\/pillarscommunityhealth.org\/wp-content\/uploads\/2024\/06\/PCH-FY23-Annual-Report.pdf\">FY2023 Annual Report<\/a><\/strong><\/li>\n<li><strong><a href=\"https:\/\/pillarscommunityhealth.org\/wp-content\/uploads\/2024\/06\/PCH-FY23-Audited-FS.pdf\">Audited Financial Statements (FY23)<\/a><\/strong><\/li>\n<li><a href=\"https:\/\/pillarscommunityhealth.org\/wp-content\/uploads\/2023\/05\/Pillars-Community-Health-FY22-Annual-Summary-FINAL.pdf\"><strong>FY2022 Annual Report<\/strong><\/a><\/li>\n<li><a href=\"https:\/\/pillarscommunityhealth.org\/wp-content\/uploads\/2023\/05\/Pillars-Comm-Health-FY22-Audited-Financials.pdf\"><strong>Audited Financial Statements (FY22)<\/strong><\/a><\/li>\n<li><a href=\"https:\/\/pillarscommunityhealth.org\/wp-content\/uploads\/2022\/06\/Annual-Summary-Web-Version.pdf\"><strong>FY2021 Annual Report<\/strong><\/a><\/li>\n<li><a href=\"https:\/\/pillarscommunityhealth.org\/wp-content\/uploads\/2023\/05\/Pillars-Comm-Health-Signed-Final-Report-and-Financial-Statements-FY21.pdf\"><strong>Audited Financial Statements (FY21)<\/strong><\/a><\/li>\n<li><a href=\"https:\/\/pillarscommunityhealth.org\/wp-content\/uploads\/2021\/03\/Signed-Final-Report-and-Financial-Statements-SHORT-FORM.pdf\"><strong>FY2020 Annual Report<\/strong><\/a><\/li>\n<li><a href=\"https:\/\/pillarscommunityhealth.org\/wp-content\/uploads\/2021\/03\/Signed-Final-Report-and-Financial-Statements-SHORT-FORM.pdf\"><strong>Audited Financial Statements (FY20)<\/strong><\/a><\/li>\n<li><a href=\"https:\/\/pillarscommunityhealth.org\/wp-content\/uploads\/2020\/04\/FY19-Annual-Report.pdf\"><strong>FY2019 Annual Report<\/strong><\/a><\/li>\n<li><a href=\"https:\/\/pillarscommunityhealth.org\/wp-content\/uploads\/2020\/02\/PCH-Audit-FY-2019.pdf\"><strong>Audited Financial Statements (FY19)<\/strong><\/a><\/li>\n<li><a href=\"https:\/\/pillarscommunityhealth.org\/wp-content\/uploads\/2020\/03\/PCH-FY19-990-FINAL.pdf\"><strong>Pillars Community Health 990 (FY19)<\/strong><\/a><\/li>\n<li><a href=\"https:\/\/pillarscommunityhealth.org\/wp-content\/uploads\/2019\/03\/Pillars-Community-Health-FY18-Annual-Report.pdf\" target=\"_blank\" rel=\"noopener\"><strong>Reporte Anual A\u00f1o Fiscal 2018<\/strong><\/a><\/li>\n<li><strong>Audited Financial Statements (FY18)<\/strong><\/li>\n<\/ul>","protected":false},"excerpt":{"rendered":"<p>Financial Management Pillars Community Health is a 501(c)3 nonprofit organization. We receive funding from a variety of sources including Community Health Center funding and other federal, state, and local government [&hellip;]<\/p>\n","protected":false},"author":1,"featured_media":6840,"parent":35,"menu_order":3,"comment_status":"closed","ping_status":"closed","template":"","meta":{"_acf_changed":false,"_seopress_robots_primary_cat":"","_seopress_titles_title":"Financial Statements and Annual Report | Pillars Community Health","_seopress_titles_desc":"Use this page to find our financial statements, annual reports, and form 990.","_seopress_robots_index":"","_relevanssi_hide_post":"","_relevanssi_hide_content":"","_relevanssi_pin_for_all":"","_relevanssi_pin_keywords":"","_relevanssi_unpin_keywords":"","_relevanssi_related_keywords":"","_relevanssi_related_include_ids":"","_relevanssi_related_exclude_ids":"","_relevanssi_related_no_append":"","_relevanssi_related_not_related":"","_relevanssi_related_posts":"","_relevanssi_noindex_reason":"","site-sidebar-layout":"no-sidebar","site-content-layout":"page-builder","ast-site-content-layout":"full-width-container","site-content-style":"unboxed","site-sidebar-style":"unboxed","ast-global-header-display":"","ast-banner-title-visibility":"","ast-main-header-display":"","ast-hfb-above-header-display":"","ast-hfb-below-header-display":"","ast-hfb-mobile-header-display":"","site-post-title":"disabled","ast-breadcrumbs-content":"","ast-featured-img":"disabled","footer-sml-layout":"","theme-transparent-header-meta":"default","adv-header-id-meta":"","stick-header-meta":"","header-above-stick-meta":"","header-main-stick-meta":"","header-below-stick-meta":"","astra-migrate-meta-layouts":"set","ast-page-background-enabled":"default","ast-page-background-meta":{"desktop":{"background-color":"","background-image":"","background-repeat":"repeat","background-position":"center center","background-size":"auto","background-attachment":"scroll","background-type":"","background-media":"","overlay-type":"","overlay-color":"","overlay-opacity":"","overlay-gradient":""},"tablet":{"background-color":"","background-image":"","background-repeat":"repeat","background-position":"center center","background-size":"auto","background-attachment":"scroll","background-type":"","background-media":"","overlay-type":"","overlay-color":"","overlay-opacity":"","overlay-gradient":""},"mobile":{"background-color":"","background-image":"","background-repeat":"repeat","background-position":"center center","background-size":"auto","background-attachment":"scroll","background-type":"","background-media":"","overlay-type":"","overlay-color":"","overlay-opacity":"","overlay-gradient":""}},"ast-content-background-meta":{"desktop":{"background-color":"var(--ast-global-color-5)","background-image":"","background-repeat":"repeat","background-position":"center center","background-size":"auto","background-attachment":"scroll","background-type":"","background-media":"","overlay-type":"","overlay-color":"","overlay-opacity":"","overlay-gradient":""},"tablet":{"background-color":"var(--ast-global-color-5)","background-image":"","background-repeat":"repeat","background-position":"center center","background-size":"auto","background-attachment":"scroll","background-type":"","background-media":"","overlay-type":"","overlay-color":"","overlay-opacity":"","overlay-gradient":""},"mobile":{"background-color":"var(--ast-global-color-5)","background-image":"","background-repeat":"repeat","background-position":"center center","background-size":"auto","background-attachment":"scroll","background-type":"","background-media":"","overlay-type":"","overlay-color":"","overlay-opacity":"","overlay-gradient":""}},"footnotes":""},"class_list":["post-39","page","type-page","status-publish","has-post-thumbnail","hentry"],"acf":[],"_links":{"self":[{"href":"https:\/\/pillarscommunityhealth.org\/es\/wp-json\/wp\/v2\/pages\/39","targetHints":{"allow":["GET"]}}],"collection":[{"href":"https:\/\/pillarscommunityhealth.org\/es\/wp-json\/wp\/v2\/pages"}],"about":[{"href":"https:\/\/pillarscommunityhealth.org\/es\/wp-json\/wp\/v2\/types\/page"}],"author":[{"embeddable":true,"href":"https:\/\/pillarscommunityhealth.org\/es\/wp-json\/wp\/v2\/users\/1"}],"replies":[{"embeddable":true,"href":"https:\/\/pillarscommunityhealth.org\/es\/wp-json\/wp\/v2\/comments?post=39"}],"version-history":[{"count":3,"href":"https:\/\/pillarscommunityhealth.org\/es\/wp-json\/wp\/v2\/pages\/39\/revisions"}],"predecessor-version":[{"id":23498,"href":"https:\/\/pillarscommunityhealth.org\/es\/wp-json\/wp\/v2\/pages\/39\/revisions\/23498"}],"up":[{"embeddable":true,"href":"https:\/\/pillarscommunityhealth.org\/es\/wp-json\/wp\/v2\/pages\/35"}],"wp:featuredmedia":[{"embeddable":true,"href":"https:\/\/pillarscommunityhealth.org\/es\/wp-json\/wp\/v2\/media\/6840"}],"wp:attachment":[{"href":"https:\/\/pillarscommunityhealth.org\/es\/wp-json\/wp\/v2\/media?parent=39"}],"curies":[{"name":"wp","href":"https:\/\/api.w.org\/{rel}","templated":true}]}}