{"id":38,"date":"2018-09-12T21:53:53","date_gmt":"2018-09-13T02:53:53","guid":{"rendered":"https:\/\/pillarscommunityhealth.org\/pressroom\/"},"modified":"2026-01-20T10:44:12","modified_gmt":"2026-01-20T16:44:12","slug":"pressroom","status":"publish","type":"page","link":"https:\/\/pillarscommunityhealth.org\/es\/sobre-nosotros\/sala-de-prensa\/","title":{"rendered":"Sala de Prensa"},"content":{"rendered":"<h1  data-animation-delay=\"\" data-animation-duration=\"1\">\n\t\t\tSala de Prensa\t<\/h1>\n\t<p>Como parte de nuestro esfuerzo para educar a la comunidad sobre diversos temas sociales y de salud, estamos abiertos a entrevistas y con gusto proporcionamos ideas sobre reportajes y art\u00edculos para nuestros colegas en los medios de comunicaci\u00f3n.<\/p>\n\t\t\t<a href=\"https:\/\/pillarscommunityhealth.org\/es\/donate\/\" title=\"Dona Ahora\" target=\"_self\"   role=\"button\" aria-label=\"Dona Ahora\">\n\t\t\t\t\t\t\t\t<img decoding=\"async\" src=\"https:\/\/pillarscommunityhealth.org\/wp-content\/uploads\/2018\/11\/donate-icon-white.svg\"\/>\n\t\t\t\t\t\t\t\tDona Ahora\n\t\t<\/a>\n\t\t\t<a href=\"https:\/\/pillarscommunityhealth.org\/es\/services\/\" title=\"Ver Servicios\" target=\"_self\"   role=\"button\" aria-label=\"Ver Servicios\">\n\t\t\t\t\t\t\t\t<img decoding=\"async\" src=\"https:\/\/pillarscommunityhealth.org\/wp-content\/uploads\/2018\/11\/view-services-icon-white.svg\"\/>\n\t\t\t\t\t\t\t\tVer Servicios\n\t\t<\/a>\n\t\t\t<a href=\"https:\/\/pillarscommunityhealth.org\/es\/special-events\/\" title=\"Asiste a un Evento\" target=\"_self\"   role=\"button\" aria-label=\"Asiste a un Evento\">\n\t\t\t\t\t\t\t\t<img decoding=\"async\" src=\"https:\/\/pillarscommunityhealth.org\/wp-content\/uploads\/2018\/11\/attend-the-ball-icon-white.svg\"\/>\n\t\t\t\t\t\t\t\tAsiste a un Evento\n\t\t<\/a>\n<h2>\n\t\t\t<em>Recursos \u00datiles<\/em>\t<\/h2>\n\t<p><a href=\"https:\/\/pillarscommunityhealth.org\/wp-content\/uploads\/2021\/10\/Media-Fact-Sheet-2021.pdf\"><strong>Hoja de datos para los medios de comunicaci\u00f3n<\/strong><\/a><\/p>\n<strong>Contacto para los medios de comunicaci\u00f3n<\/strong>:<br \/>\nStefin Steberl, Vice President of Marketing and Communications\n<p><a href=\"mailto:SSteberl@pchcares.org\">SSteberl@pchcares.org<\/a><\/p>\n<p>708-995-3894<\/p>\n<hr \/>\n<p><strong>S\u00edguenos en los Medios Sociales<\/strong>:<\/p>\n<ul>\n<li>Los \u201ctweets\u201d con las noticias y los comunicados de prensa m\u00e1s recientes de Pillars Community <strong><a href=\"https:\/\/twitter.com\/pchcares\" target=\"_blank\" rel=\"noopener\">@pchcares<\/a><\/strong>.<\/li>\n<li>Encu\u00e9ntranos en <strong><a href=\"https:\/\/www.facebook.com\/PillarsCommunityHealth\" target=\"_blank\" rel=\"noopener\">Facebook aqu\u00ed<\/a><\/strong>.<\/li>\n<\/ul>\n<h2>\n\t\t\tRecursos \u00datiles\t<\/h2>\n<h2>\n\t\t\t<em>Ideas para Reportajes y Gu\u00eda de Uso y Estilo<\/em>\t<\/h2>\n\tPillars Community Health&#8217;s CEO and senior leadership staff are available for interviews.<br \/>\n<strong>Notas sobre el uso de palabras <\/strong>\n<ul>\n<li>Say &#8220;people living with mental illness,&#8221; not &#8220;the mentally ill.&#8221;<\/li>\n<li>Say &#8220;people with substance use disorders,&#8221; not &#8220;addicts.&#8221;<\/li>\n<li>Say &#8220;people with diabetes,&#8221; not &#8220;diabetics.&#8221;<\/li>\n<li>Note: Suicide is not really the cause of death, it&#8217;s the means. More than 90 percent of the time, a mental illness leads to the suicide.<\/li>\n<li><strong><a href=\"https:\/\/www.psychiatry.org\/newsroom\/reporting-on-mental-health-conditions\" target=\"_blank\" rel=\"noopener\">Haz clic aqu\u00ed para obtener m\u00e1s terminolog\u00eda relacionada a la salud mental<\/a><\/strong>.<\/li>\n<li><a href=\"https:\/\/www.slate.com\/articles\/health_and_science\/medical_examiner\/2017\/06\/the_associated_press_removes_words_like_addict_and_drug_abuser.html\" target=\"_blank\" rel=\"noopener\"><strong>Click here for additional substance use-related terminology from the Associated Press<\/strong>.<\/a><\/li>\n<li><strong><a href=\"https:\/\/patch.com\/illinois\/lagrange\/arrest-reporting-can-stigmatize-addiction-mental-illness-letter\" target=\"_blank\" rel=\"noopener\">Lee este editorial de la presidente de nuestra Junta, Presidenta Zada Clarke referente al uso del lenguaje que ayuda a perpetuar el estigma.<\/a><\/strong>.<\/li>\n<\/ul>","protected":false},"excerpt":{"rendered":"<p>Pressroom In our efforts to educate the community about a variety of social and health-related issues, we welcome interviews and are happy to provide story ideas for our media partners. [&hellip;]<\/p>\n","protected":false},"author":1,"featured_media":6371,"parent":35,"menu_order":2,"comment_status":"closed","ping_status":"closed","template":"","meta":{"_acf_changed":false,"_seopress_robots_primary_cat":"","_seopress_titles_title":"Media Tools | Pillars Community Health","_seopress_titles_desc":"We encourage the media to contact us for articles and interviews related to social and health issues.","_seopress_robots_index":"","_relevanssi_hide_post":"","_relevanssi_hide_content":"","_relevanssi_pin_for_all":"","_relevanssi_pin_keywords":"","_relevanssi_unpin_keywords":"","_relevanssi_related_keywords":"","_relevanssi_related_include_ids":"","_relevanssi_related_exclude_ids":"","_relevanssi_related_no_append":"","_relevanssi_related_not_related":"","_relevanssi_related_posts":"","_relevanssi_noindex_reason":"","site-sidebar-layout":"no-sidebar","site-content-layout":"page-builder","ast-site-content-layout":"full-width-container","site-content-style":"unboxed","site-sidebar-style":"unboxed","ast-global-header-display":"","ast-banner-title-visibility":"","ast-main-header-display":"","ast-hfb-above-header-display":"","ast-hfb-below-header-display":"","ast-hfb-mobile-header-display":"","site-post-title":"disabled","ast-breadcrumbs-content":"","ast-featured-img":"disabled","footer-sml-layout":"","theme-transparent-header-meta":"default","adv-header-id-meta":"","stick-header-meta":"","header-above-stick-meta":"","header-main-stick-meta":"","header-below-stick-meta":"","astra-migrate-meta-layouts":"set","ast-page-background-enabled":"default","ast-page-background-meta":{"desktop":{"background-color":"","background-image":"","background-repeat":"repeat","background-position":"center center","background-size":"auto","background-attachment":"scroll","background-type":"","background-media":"","overlay-type":"","overlay-color":"","overlay-opacity":"","overlay-gradient":""},"tablet":{"background-color":"","background-image":"","background-repeat":"repeat","background-position":"center center","background-size":"auto","background-attachment":"scroll","background-type":"","background-media":"","overlay-type":"","overlay-color":"","overlay-opacity":"","overlay-gradient":""},"mobile":{"background-color":"","background-image":"","background-repeat":"repeat","background-position":"center center","background-size":"auto","background-attachment":"scroll","background-type":"","background-media":"","overlay-type":"","overlay-color":"","overlay-opacity":"","overlay-gradient":""}},"ast-content-background-meta":{"desktop":{"background-color":"var(--ast-global-color-5)","background-image":"","background-repeat":"repeat","background-position":"center center","background-size":"auto","background-attachment":"scroll","background-type":"","background-media":"","overlay-type":"","overlay-color":"","overlay-opacity":"","overlay-gradient":""},"tablet":{"background-color":"var(--ast-global-color-5)","background-image":"","background-repeat":"repeat","background-position":"center center","background-size":"auto","background-attachment":"scroll","background-type":"","background-media":"","overlay-type":"","overlay-color":"","overlay-opacity":"","overlay-gradient":""},"mobile":{"background-color":"var(--ast-global-color-5)","background-image":"","background-repeat":"repeat","background-position":"center center","background-size":"auto","background-attachment":"scroll","background-type":"","background-media":"","overlay-type":"","overlay-color":"","overlay-opacity":"","overlay-gradient":""}},"footnotes":""},"class_list":["post-38","page","type-page","status-publish","has-post-thumbnail","hentry"],"acf":[],"_links":{"self":[{"href":"https:\/\/pillarscommunityhealth.org\/es\/wp-json\/wp\/v2\/pages\/38","targetHints":{"allow":["GET"]}}],"collection":[{"href":"https:\/\/pillarscommunityhealth.org\/es\/wp-json\/wp\/v2\/pages"}],"about":[{"href":"https:\/\/pillarscommunityhealth.org\/es\/wp-json\/wp\/v2\/types\/page"}],"author":[{"embeddable":true,"href":"https:\/\/pillarscommunityhealth.org\/es\/wp-json\/wp\/v2\/users\/1"}],"replies":[{"embeddable":true,"href":"https:\/\/pillarscommunityhealth.org\/es\/wp-json\/wp\/v2\/comments?post=38"}],"version-history":[{"count":5,"href":"https:\/\/pillarscommunityhealth.org\/es\/wp-json\/wp\/v2\/pages\/38\/revisions"}],"predecessor-version":[{"id":23188,"href":"https:\/\/pillarscommunityhealth.org\/es\/wp-json\/wp\/v2\/pages\/38\/revisions\/23188"}],"up":[{"embeddable":true,"href":"https:\/\/pillarscommunityhealth.org\/es\/wp-json\/wp\/v2\/pages\/35"}],"wp:featuredmedia":[{"embeddable":true,"href":"https:\/\/pillarscommunityhealth.org\/es\/wp-json\/wp\/v2\/media\/6371"}],"wp:attachment":[{"href":"https:\/\/pillarscommunityhealth.org\/es\/wp-json\/wp\/v2\/media?parent=38"}],"curies":[{"name":"wp","href":"https:\/\/api.w.org\/{rel}","templated":true}]}}