{"id":17602,"date":"2021-04-01T17:42:38","date_gmt":"2021-04-01T22:42:38","guid":{"rendered":"https:\/\/pillarscommunityhealth.org\/covid-19-testing-and-vaccinations-2\/"},"modified":"2022-10-13T09:35:32","modified_gmt":"2022-10-13T14:35:32","slug":"covid-19-testing-and-vaccinations","status":"publish","type":"page","link":"https:\/\/pillarscommunityhealth.org\/es\/covid-19-testing-and-vaccinations\/","title":{"rendered":"Vacuna Contra y Pruebas para Detectar COVID-19"},"content":{"rendered":"<h1>\n\t\tCOVID-19 Vaccine &#038; Testing\n\t<\/h1>\n\t<p>Pillars Community Health is administering the COVID-19 vaccine with partnering counties and following the guidelines set forth by the State of Illinois&#8217; vaccination plan. Follow the instructions below to access online scheduling.<\/p>\n\t<h2>COVID-19 Vaccination<\/h2>\n<p><strong>All Illinois residents ages 6 months and older are now eligible to receive the COVID-19 vaccine. To schedule an appointment, call 708-PILLARS (708-745-5277).<\/strong> We will continue to prioritize access for Pillars Community Health patients and clients.<\/p>\n<p>The Health Center will call you when an appointment is available for your second dose. The information from Moderna is that you can have it anytime after 28-42 days after the first dose; for Pfizer, you can have it anytime 21-42 days after the first dose.<\/p>\n<p><strong>Vaccines for Children and Teens:<\/strong> Children across the country are continuing to test positive for COVID-19. While most will have minor symptoms, some children are getting seriously ill and suffering long-term effects, particularly those with underlying conditions such as obesity or asthma. Some children infected with COVID-19 may not get sick right away but a few weeks later may come down with Multisystem Inflammatory Syndrome of Children (MIS-C). They develop fever, rashes, red eyes, diarrhea, and vomiting. The inflammation can affect the heart, blood vessels and other organs. Even if they don&#8217;t become ill, they can spread COVID-19 to others who may be immunocompromised. We strongly urge vaccination of individuals ages 6 months and older.<\/p>\n<p class=\"translation-block\"><strong>Tarjeta de Vacunas:<\/strong> El Departamento de Salud P\u00fablica de Illinois recientemente lanz\u00f3, Vax Verify, un portal que permite a los residentes de Illinois mayores de 18 a\u00f1os acceder a y revisar su expediente de vacuna COVID-19. Visiste  <strong><a href=\"https:\/\/idphportal.illinois.gov\" target=\"_self\" rel=\"noopener\">https:\/\/idphportal.illinois.gov<\/a>.<\/strong><\/p>\n<p><strong>Boosters:<\/strong> Booster doses are common for many vaccines. Scientists and medical experts are continuing to research waning immunity and how well the vaccines protect against mutations of the virus.<\/p>\n<p>The CDC now recommends that everyone 5 years old and up receives a third dose of the COVID-19 vaccine at least 5 months after their second dose. All adults 18 and older who received the single-dose Johnson &amp; Johnson vaccine are also eligible to receive a second dose.<\/p>\n<p>The CDC has authorized the Pfizer COVID-19 booster vaccine for teenagers ages 12 &#8211; 17.<\/p>\n<p>The following information applies to boosters for children ages 5-11 years, teens ages 12-17 years, and adults ages 18 years and older. Children under the age of 5 years are not recommended to receive a booster at this time.<\/p>\n<p><strong>People ages 5 years and older<\/strong><\/p>\n<p>People ages 5 years and older may only get the updated (bivalent) booster. They can no longer get an original (monovalent) Pfizer-BioNTech or Moderna booster.<\/p>\n<ul>\n<li>Children and Teens ages 5-17 years may only get the updated (bivalent) Pfizer-BioNTech booster even if they completed the primary series with a different product.<\/li>\n<li>Adults ages 18 years and older may get a different product for their updated (bivalent) booster than they got for their primary series. They can get either the Pfizer-BioNTech or Moderna updated (bivalent) booster.<\/li>\n<\/ul>\n\t<h2>Pruebas para Detectar COVID-19<\/h2>\n<p>Pillars Community Health ofrece pruebas y servicios para COVID-19. Contamos con un n\u00famero limitado de pruebas, en 110 Calendar Ave., La Grange, IL 60525. A partir del 14 de septiembre 2021, solo estaremos haciendo pruebas de COVID-19 para pacientes establecidos. No hay costo para las pruebas de COVID-19 para nuestros pacientes establecidos que no tienen seguro o quien tienen seguro que incluye a Pillars Community Health en su red. Si recibe una factura, comun\u00edquese con nosotros de inmediato para que podamos apelar o cancelar el cargo.<\/p>\n<p class=\"translation-block\">ES NECESARIO HACER UNA CITA. Llama al 708-PILLARS (708-745-5277) y sigue las instrucciones; te regresaremos la llamada en el plazo de un d\u00eda h\u00e1bil. <em>Por la seguridad de nuestro personal y otros pacientes, por favor NO te presentes a nuestro Centro de Salud en La Grange si requieres una prueba para detectar COVID-19 o servicios relacionados; no podemos aceptar a personas sin citas.<\/em><\/p>\n<p>&nbsp;<\/p>","protected":false},"excerpt":{"rendered":"<p>COVID-19 Vaccine &#038; Testing Pillars Community Health is administering the COVID-19 vaccine with partnering counties and following the guidelines set forth by the State of Illinois&#8217; vaccination plan. Follow the [&hellip;]<\/p>\n","protected":false},"author":2,"featured_media":0,"parent":0,"menu_order":6,"comment_status":"closed","ping_status":"closed","template":"","meta":{"_acf_changed":false,"_seopress_robots_primary_cat":"","_seopress_titles_title":"","_seopress_titles_desc":"Pillars Community Health is offering COVID-19 Testing and Vaccinations to both current and new patients at their Health Center in La Grange, IL. ","_seopress_robots_index":"","_relevanssi_hide_post":"","_relevanssi_hide_content":"","_relevanssi_pin_for_all":"","_relevanssi_pin_keywords":"","_relevanssi_unpin_keywords":"","_relevanssi_related_keywords":"","_relevanssi_related_include_ids":"","_relevanssi_related_exclude_ids":"","_relevanssi_related_no_append":"","_relevanssi_related_not_related":"","_relevanssi_related_posts":"","_relevanssi_noindex_reason":"","site-sidebar-layout":"default","site-content-layout":"default","ast-site-content-layout":"default","site-content-style":"default","site-sidebar-style":"default","ast-global-header-display":"","ast-banner-title-visibility":"","ast-main-header-display":"","ast-hfb-above-header-display":"","ast-hfb-below-header-display":"","ast-hfb-mobile-header-display":"","site-post-title":"disabled","ast-breadcrumbs-content":"","ast-featured-img":"","footer-sml-layout":"","theme-transparent-header-meta":"default","adv-header-id-meta":"","stick-header-meta":"","header-above-stick-meta":"","header-main-stick-meta":"","header-below-stick-meta":"","astra-migrate-meta-layouts":"default","ast-page-background-enabled":"default","ast-page-background-meta":{"desktop":{"background-color":"","background-image":"","background-repeat":"repeat","background-position":"center center","background-size":"auto","background-attachment":"scroll","background-type":"","background-media":"","overlay-type":"","overlay-color":"","overlay-opacity":"","overlay-gradient":""},"tablet":{"background-color":"","background-image":"","background-repeat":"repeat","background-position":"center center","background-size":"auto","background-attachment":"scroll","background-type":"","background-media":"","overlay-type":"","overlay-color":"","overlay-opacity":"","overlay-gradient":""},"mobile":{"background-color":"","background-image":"","background-repeat":"repeat","background-position":"center center","background-size":"auto","background-attachment":"scroll","background-type":"","background-media":"","overlay-type":"","overlay-color":"","overlay-opacity":"","overlay-gradient":""}},"ast-content-background-meta":{"desktop":{"background-color":"var(--ast-global-color-5)","background-image":"","background-repeat":"repeat","background-position":"center center","background-size":"auto","background-attachment":"scroll","background-type":"","background-media":"","overlay-type":"","overlay-color":"","overlay-opacity":"","overlay-gradient":""},"tablet":{"background-color":"var(--ast-global-color-5)","background-image":"","background-repeat":"repeat","background-position":"center center","background-size":"auto","background-attachment":"scroll","background-type":"","background-media":"","overlay-type":"","overlay-color":"","overlay-opacity":"","overlay-gradient":""},"mobile":{"background-color":"var(--ast-global-color-5)","background-image":"","background-repeat":"repeat","background-position":"center center","background-size":"auto","background-attachment":"scroll","background-type":"","background-media":"","overlay-type":"","overlay-color":"","overlay-opacity":"","overlay-gradient":""}},"footnotes":""},"class_list":["post-17602","page","type-page","status-publish","hentry"],"acf":[],"_links":{"self":[{"href":"https:\/\/pillarscommunityhealth.org\/es\/wp-json\/wp\/v2\/pages\/17602","targetHints":{"allow":["GET"]}}],"collection":[{"href":"https:\/\/pillarscommunityhealth.org\/es\/wp-json\/wp\/v2\/pages"}],"about":[{"href":"https:\/\/pillarscommunityhealth.org\/es\/wp-json\/wp\/v2\/types\/page"}],"author":[{"embeddable":true,"href":"https:\/\/pillarscommunityhealth.org\/es\/wp-json\/wp\/v2\/users\/2"}],"replies":[{"embeddable":true,"href":"https:\/\/pillarscommunityhealth.org\/es\/wp-json\/wp\/v2\/comments?post=17602"}],"version-history":[{"count":3,"href":"https:\/\/pillarscommunityhealth.org\/es\/wp-json\/wp\/v2\/pages\/17602\/revisions"}],"predecessor-version":[{"id":19167,"href":"https:\/\/pillarscommunityhealth.org\/es\/wp-json\/wp\/v2\/pages\/17602\/revisions\/19167"}],"wp:attachment":[{"href":"https:\/\/pillarscommunityhealth.org\/es\/wp-json\/wp\/v2\/media?parent=17602"}],"curies":[{"name":"wp","href":"https:\/\/api.w.org\/{rel}","templated":true}]}}