{"id":17076,"date":"2021-01-14T17:12:38","date_gmt":"2021-01-14T23:12:56","guid":{"rendered":"https:\/\/pillarscommunityhealth.org\/?page_id=17076"},"modified":"2025-05-22T13:09:01","modified_gmt":"2025-05-22T18:09:01","slug":"donate","status":"publish","type":"page","link":"https:\/\/pillarscommunityhealth.org\/es\/donate\/","title":{"rendered":"Dona"},"content":{"rendered":"<h1>\n\t\t\tHelp change a life in your community:\t<\/h1>\n\t\t\t<a href=\"https:\/\/pillarscommunityhealth.org\/es\/donate\/#donate__donation-form\" target=\"_self\">\n\t\t\t\t\t\t\tDona Ahora\n\t\t\t\t\t<\/a>\n<h2>\n\t\t\tForma para Donativos Monetarios\t<\/h2>\n\t<p>Utiliza esta forma para hacer un donativo \u00fanico para Pillars Community Health, establecer un donativo mensual o trimestral, o solicitar informaci\u00f3n (p.e. como incluir a Pillars Community Health en tu plan de sucesi\u00f3n o para realizar un donativo de tu plan 401k).<\/p>\n<p>Pillars Community Health es una organizaci\u00f3n 501(c)3. Todos los donativos son deducibles de impuestos bajo la ley.<\/p>\n<p>Si deseas ayudar, por favor llama al <strong><a href=\"tel:1-708-745-5277\" target=\"_blank\" rel=\"noopener\">708-PILLARS<\/a><\/strong> (708-745-5277) during regular business hours and ask for the Philanthropy team. If you would prefer to write a check to Pillars Community Health, please send it to Pillars Community Health, c\/o Philanthropy, 5220 East Ave., Countryside, IL 60525.<\/p>\n\t<iframe loading=\"lazy\" src=\"https:\/\/interland3.donorperfect.net\/weblink\/weblink.aspx?name=E4605&#038;id=2\" name=\"pch-donation\" scrolling=\"yes\" frameborder=\"0\" marginheight=\"0px\" marginwidth=\"0px\" height=\"3500px\" width=\"820px\" allowfullscreen><\/iframe>\n\t\t<h3>Don&#8217;t see the donation form above?<\/h3>\n\t\t<p>Please click the button blow to access our donation form directly. Thank you so much!<\/p>\n\t\t\t<a href=\"https:\/\/interland3.donorperfect.net\/weblink\/weblink.aspx?name=E4605&#038;id=2\" target=\"_blank\" rel=\"noopener nofollow\">\n\t\t\t\t\t\t\tDonate Today!\n\t\t\t<\/a>\n<h2>\n\t\t\tCada Donativo Tiene un Impacto\t<\/h2>\n\t<p>Pillars Community Health es una organizaci\u00f3n 501(c)3. Todos los donativos son deducibles de impuestos bajo la ley.<\/p>\n\t\t\t\t$5,000\n\t\t\t\t\t\t\t\t\t\t\t\n\t\t\t<p>supports 50 youth clients each month to address mental health concerns by providing integrative behavioral health screenings and follow ups.<\/p>\t\t\n\t\t\t\t$2,500\n\t\t\t\t\t\t\t\t\t\t\t\n\t\t\t<p>will provide 25 yearly dental visits including cleanings and x-rays to under or uninsured clients.<\/p>\t\t\n\t\t\t\t$1,000\n\t\t\t\t\t\t\t\t\t\t\t\n\t\t\t<p>will support the costs of meals, transportation, and phone cards for a woman and one child residing in emergency shelter for one month.<\/p>\t\t\n\t\t\t\t$500\n\t\t\t\t\t\t\t\t\t\t\t\n\t\t\t<p>supports an art therapy class for eight teens with a certified art instructor.<\/p>\t\t\n\t\t\t\t$250\n\t\t\t\t\t\t\t\t\t\t\t\n\t\t\t<p>covers the cost of clothing and care items for a survivor of sexual assault.<\/p>\t\t\n\t\t\t\t$100\n\t\t\t\t\t\t\t\t\t\t\t\n\t\t\t<p>will support the purchase of 3 glucometers with testing strips for our low-income and uninsured patients to manage diabetes.<\/p>\t\t\n<h2>\n\t\t\tRecursos para Donantes\t<\/h2>\n\t\t\t\t<a href=\"https:\/\/www.charitynavigator.org\/index.cfm?bay=search.summary&#038;orgid=12903\"  target=\"_blank\" rel=\"noopener\"  itemprop=\"url\">\n\t\t\t\t<img decoding=\"async\" src=\"https:\/\/pillarscommunityhealth.org\/wp-content\/uploads\/2021\/02\/charity-navigator-square-badge-400x400.jpg\" alt=\"Charity Navigator badge\" itemprop=\"image\" height=\"400\" width=\"400\" title=\"Charity Navigator badge\" onerror=\"this.style.display='none'\" loading='lazy' \/>\n\t\t\t\t<\/a>\n\t\t\t\t<a href=\"https:\/\/www.guidestar.org\/profile\/36-2170869\"  target=\"_blank\" rel=\"noopener\"  itemprop=\"url\">\n\t\t\t\t<img decoding=\"async\" src=\"https:\/\/pillarscommunityhealth.org\/wp-content\/uploads\/2025\/05\/candid-seal-platinum-2025.png\" alt=\"candid-seal-platinum-2025\" itemprop=\"image\" height=\"226\" width=\"226\" title=\"candid-seal-platinum-2025\" onerror=\"this.style.display='none'\" loading='lazy' \/>\n\t\t\t\t<\/a>\n\t\t\t<a href=\"https:\/\/pillarscommunityhealth.org\/wp-content\/uploads\/2024\/06\/PCH-FY23-Annual-Report.pdf\" target=\"_blank\" rel=\"noopener\">\n\t\t\t\t\t\t\tAnnual Summary\n\t\t\t\t\t<\/a>\n\t\t\t<a href=\"https:\/\/pillarscommunityhealth.org\/es\/sobre-nosotros\/manejo-financiero\/\" target=\"_blank\" rel=\"noopener\">\n\t\t\t\t\t\t\tManejo Financiero\n\t\t\t\t\t<\/a>\n\t\t\t<a href=\"https:\/\/pillarscommunityhealth.org\/wp-content\/uploads\/2018\/11\/donor-bill-of-rights-english.pdf\" target=\"_blank\" rel=\"noopener\">\n\t\t\t\t\t\t\tDeclaraci\u00f3n de Derechos de los Donantes\n\t\t\t\t\t<\/a>\n\t\t\t<a href=\"https:\/\/pillarscommunityhealth.org\/wp-content\/uploads\/2018\/11\/donor-privacy-policy-english.pdf\" target=\"_blank\" rel=\"noopener\">\n\t\t\t\t\t\t\tPol\u00edtica de Privacidad para Donantes\n\t\t\t\t\t<\/a>","protected":false},"excerpt":{"rendered":"<p>Help change a life in your community: Donate Now Monetary Donation Form Use this form to give a one-time gift to Pillars Community Health, set up a monthly or quarterly [&hellip;]<\/p>\n","protected":false},"author":1,"featured_media":20688,"parent":0,"menu_order":7,"comment_status":"closed","ping_status":"closed","template":"","meta":{"_acf_changed":false,"_seopress_robots_primary_cat":"","_seopress_titles_title":"Donate to Our Nonprofit | Pillars Community Health","_seopress_titles_desc":"Donate to Pillars Community Health and make a difference in the Chicago suburbs' communities. Support accessible health and social services today.","_seopress_robots_index":"","_seopress_analysis_target_kw":"","_relevanssi_hide_post":"","_relevanssi_hide_content":"","_relevanssi_pin_for_all":"","_relevanssi_pin_keywords":"","_relevanssi_unpin_keywords":"","_relevanssi_related_keywords":"","_relevanssi_related_include_ids":"","_relevanssi_related_exclude_ids":"","_relevanssi_related_no_append":"","_relevanssi_related_not_related":"","_relevanssi_related_posts":"","_relevanssi_noindex_reason":"","site-sidebar-layout":"no-sidebar","site-content-layout":"page-builder","ast-site-content-layout":"full-width-container","site-content-style":"unboxed","site-sidebar-style":"unboxed","ast-global-header-display":"","ast-banner-title-visibility":"","ast-main-header-display":"","ast-hfb-above-header-display":"","ast-hfb-below-header-display":"","ast-hfb-mobile-header-display":"","site-post-title":"disabled","ast-breadcrumbs-content":"","ast-featured-img":"disabled","footer-sml-layout":"","theme-transparent-header-meta":"default","adv-header-id-meta":"","stick-header-meta":"","header-above-stick-meta":"","header-main-stick-meta":"","header-below-stick-meta":"","astra-migrate-meta-layouts":"set","ast-page-background-enabled":"default","ast-page-background-meta":{"desktop":{"background-color":"","background-image":"","background-repeat":"repeat","background-position":"center center","background-size":"auto","background-attachment":"scroll","background-type":"","background-media":"","overlay-type":"","overlay-color":"","overlay-opacity":"","overlay-gradient":""},"tablet":{"background-color":"","background-image":"","background-repeat":"repeat","background-position":"center center","background-size":"auto","background-attachment":"scroll","background-type":"","background-media":"","overlay-type":"","overlay-color":"","overlay-opacity":"","overlay-gradient":""},"mobile":{"background-color":"","background-image":"","background-repeat":"repeat","background-position":"center center","background-size":"auto","background-attachment":"scroll","background-type":"","background-media":"","overlay-type":"","overlay-color":"","overlay-opacity":"","overlay-gradient":""}},"ast-content-background-meta":{"desktop":{"background-color":"var(--ast-global-color-5)","background-image":"","background-repeat":"repeat","background-position":"center center","background-size":"auto","background-attachment":"scroll","background-type":"","background-media":"","overlay-type":"","overlay-color":"","overlay-opacity":"","overlay-gradient":""},"tablet":{"background-color":"var(--ast-global-color-5)","background-image":"","background-repeat":"repeat","background-position":"center center","background-size":"auto","background-attachment":"scroll","background-type":"","background-media":"","overlay-type":"","overlay-color":"","overlay-opacity":"","overlay-gradient":""},"mobile":{"background-color":"var(--ast-global-color-5)","background-image":"","background-repeat":"repeat","background-position":"center center","background-size":"auto","background-attachment":"scroll","background-type":"","background-media":"","overlay-type":"","overlay-color":"","overlay-opacity":"","overlay-gradient":""}},"footnotes":""},"class_list":["post-17076","page","type-page","status-publish","has-post-thumbnail","hentry"],"acf":[],"_links":{"self":[{"href":"https:\/\/pillarscommunityhealth.org\/es\/wp-json\/wp\/v2\/pages\/17076","targetHints":{"allow":["GET"]}}],"collection":[{"href":"https:\/\/pillarscommunityhealth.org\/es\/wp-json\/wp\/v2\/pages"}],"about":[{"href":"https:\/\/pillarscommunityhealth.org\/es\/wp-json\/wp\/v2\/types\/page"}],"author":[{"embeddable":true,"href":"https:\/\/pillarscommunityhealth.org\/es\/wp-json\/wp\/v2\/users\/1"}],"replies":[{"embeddable":true,"href":"https:\/\/pillarscommunityhealth.org\/es\/wp-json\/wp\/v2\/comments?post=17076"}],"version-history":[{"count":3,"href":"https:\/\/pillarscommunityhealth.org\/es\/wp-json\/wp\/v2\/pages\/17076\/revisions"}],"predecessor-version":[{"id":22281,"href":"https:\/\/pillarscommunityhealth.org\/es\/wp-json\/wp\/v2\/pages\/17076\/revisions\/22281"}],"wp:featuredmedia":[{"embeddable":true,"href":"https:\/\/pillarscommunityhealth.org\/es\/wp-json\/wp\/v2\/media\/20688"}],"wp:attachment":[{"href":"https:\/\/pillarscommunityhealth.org\/es\/wp-json\/wp\/v2\/media?parent=17076"}],"curies":[{"name":"wp","href":"https:\/\/api.w.org\/{rel}","templated":true}]}}